{"id":60446,"date":"2024-02-15T07:17:14","date_gmt":"2024-02-15T07:17:14","guid":{"rendered":"https:\/\/staging.nbg.eu\/product\/geissele-super-42-rifle-length-spring\/"},"modified":"2024-09-13T16:16:55","modified_gmt":"2024-09-13T16:16:55","slug":"geissele-super-42-arc-lungime-pusca","status":"publish","type":"product","link":"https:\/\/staging.nbg.eu\/ro\/produs\/geissele-super-42-arc-lungime-pusca\/","title":{"rendered":"Geissele Super 42 Arc Lungime Pusca"},"content":{"rendered":"<p>\n\u00cembun\u0103t\u0103\u021bi\u021bi performan\u021ba M-16\/AR-15 cu arcul Geissele Super 42 pentru lungimea pu\u0219tii. Designul s\u0103u cu trei fire ac\u021bioneaz\u0103 ca un amortizor armonic, absorbind energia \u0219i reduc\u00e2nd defectarea arcului. Ofer\u0103 fiabilitate \u00eembun\u0103t\u0103\u021bit\u0103, sunet redus \u0219i compatibilitate cu tampoanele \u0219i tuburile standard pentru pu\u0219c\u0103. Acest arc poate fi utilizat pentru a actualiza pu\u0219ca dumneavoastr\u0103.<\/p>\n","protected":false},"excerpt":{"rendered":"<p>\u00cembun\u0103t\u0103\u021bi\u021bi performan\u021ba AR-15 cu arcul inovator cu 3 fire de la Geissele.<\/p>\n","protected":false},"featured_media":60447,"template":"","meta":{"_acf_changed":false},"product_brand":[11395],"product_cat":[12806,12795,12744],"product_tag":[],"class_list":{"0":"post-60446","1":"product","2":"type-product","3":"status-publish","4":"has-post-thumbnail","6":"product_brand-geissele","7":"product_cat-arcuri","8":"product_cat-pusca","9":"product_cat-reglaj-pusca","11":"first","12":"instock","13":"taxable","14":"shipping-taxable","15":"product-type-simple"},"acf":[],"_links":{"self":[{"href":"https:\/\/staging.nbg.eu\/ro\/wp-json\/wp\/v2\/product\/60446","targetHints":{"allow":["GET"]}}],"collection":[{"href":"https:\/\/staging.nbg.eu\/ro\/wp-json\/wp\/v2\/product"}],"about":[{"href":"https:\/\/staging.nbg.eu\/ro\/wp-json\/wp\/v2\/types\/product"}],"wp:featuredmedia":[{"embeddable":true,"href":"https:\/\/staging.nbg.eu\/ro\/wp-json\/wp\/v2\/media\/60447"}],"wp:attachment":[{"href":"https:\/\/staging.nbg.eu\/ro\/wp-json\/wp\/v2\/media?parent=60446"}],"wp:term":[{"taxonomy":"product_brand","embeddable":true,"href":"https:\/\/staging.nbg.eu\/ro\/wp-json\/wp\/v2\/product_brand?post=60446"},{"taxonomy":"product_cat","embeddable":true,"href":"https:\/\/staging.nbg.eu\/ro\/wp-json\/wp\/v2\/product_cat?post=60446"},{"taxonomy":"product_tag","embeddable":true,"href":"https:\/\/staging.nbg.eu\/ro\/wp-json\/wp\/v2\/product_tag?post=60446"}],"curies":[{"name":"wp","href":"https:\/\/api.w.org\/{rel}","templated":true}]}}