{"id":60329,"date":"2024-02-15T07:27:09","date_gmt":"2024-09-13T16:11:10","guid":{"rendered":"https:\/\/staging.nbg.eu\/product\/geissele-super-charging-handle-sch-5-56\/"},"modified":"2024-09-13T16:12:08","modified_gmt":"2024-09-13T16:12:08","slug":"geissele-maneta-armare-super-sch-556","status":"publish","type":"product","link":"https:\/\/staging.nbg.eu\/ro\/produs\/geissele-maneta-armare-super-sch-556\/","title":{"rendered":"Geissele Maneta Armare Super (SCH) 5.56"},"content":{"rendered":"<div class=\"product-description\">\n<h2>M\u00e2ner de armare Geissele Super (SCH\u00ae) 5.56<\/h2>\n<p>Prelucrat cu precizie din aluminiu 7075-T6, acest m\u00e2ner de armare ambidextru are urm\u0103toarele caracteristici:<\/p>\n<ul>\n<li>P\u00e2rghii cu contur dublu \u0219i suprafa\u021b\u0103 striat\u0103<\/li>\n<li>Reducere \u00eembun\u0103t\u0103\u021bit\u0103 a gazelor pentru sisteme cu amortizor de sunet<\/li>\n<li>Finisaj anodizat Tip 3 Hardcoat<\/li>\n<li>Disponibil \u00een negru \u0219i DDC<\/li>\n<\/ul>\n<p>\u00cembun\u0103t\u0103\u021be\u0219te performan\u021ba AR-15-ului cu ergonomie \u0219i durabilitate superioare.<\/p>\n<\/div>\n","protected":false},"excerpt":{"rendered":"<p>M\u00e2ner de armare ambidextru din aluminiu 7075-T6. Design cu atenuare a gazelor.<\/p>\n","protected":false},"featured_media":60330,"template":"","meta":{"_acf_changed":false},"product_brand":[11395],"product_cat":[12750,12795,12744],"product_tag":[],"class_list":{"0":"post-60329","1":"product","2":"type-product","3":"status-publish","4":"has-post-thumbnail","6":"product_brand-geissele","7":"product_cat-manere-de-armare","8":"product_cat-pusca","9":"product_cat-reglaj-pusca","11":"first","12":"instock","13":"taxable","14":"shipping-taxable","15":"product-type-variable","16":"wvs-archive-product-wrapper"},"acf":[],"_links":{"self":[{"href":"https:\/\/staging.nbg.eu\/ro\/wp-json\/wp\/v2\/product\/60329","targetHints":{"allow":["GET"]}}],"collection":[{"href":"https:\/\/staging.nbg.eu\/ro\/wp-json\/wp\/v2\/product"}],"about":[{"href":"https:\/\/staging.nbg.eu\/ro\/wp-json\/wp\/v2\/types\/product"}],"wp:featuredmedia":[{"embeddable":true,"href":"https:\/\/staging.nbg.eu\/ro\/wp-json\/wp\/v2\/media\/60330"}],"wp:attachment":[{"href":"https:\/\/staging.nbg.eu\/ro\/wp-json\/wp\/v2\/media?parent=60329"}],"wp:term":[{"taxonomy":"product_brand","embeddable":true,"href":"https:\/\/staging.nbg.eu\/ro\/wp-json\/wp\/v2\/product_brand?post=60329"},{"taxonomy":"product_cat","embeddable":true,"href":"https:\/\/staging.nbg.eu\/ro\/wp-json\/wp\/v2\/product_cat?post=60329"},{"taxonomy":"product_tag","embeddable":true,"href":"https:\/\/staging.nbg.eu\/ro\/wp-json\/wp\/v2\/product_tag?post=60329"}],"curies":[{"name":"wp","href":"https:\/\/api.w.org\/{rel}","templated":true}]}}