{"id":60103,"date":"2024-02-15T07:54:43","date_gmt":"2024-09-13T16:09:31","guid":{"rendered":"https:\/\/staging.nbg.eu\/product\/geissele-super-charging-handle-sch-7-62\/"},"modified":"2024-09-13T16:10:29","modified_gmt":"2024-09-13T16:10:29","slug":"geissele-maneta-armare-super-sch-762","status":"publish","type":"product","link":"https:\/\/staging.nbg.eu\/ro\/produs\/geissele-maneta-armare-super-sch-762\/","title":{"rendered":"Geissele Maneta Armare Super (SCH) 7.62"},"content":{"rendered":"<div class=\"product-description\">\n<h2>M\u00e2ner de armare Geissele (SCH\u00ae) 7.62<\/h2>\n<p>SCH\u00ae 7.62 este un m\u00e2ner de armare ambidextru prelucrat 3D din aluminiu 7075-T6. Are p\u00e2rghii cu suprafe\u021be texturate, asigur\u00e2nd operare chiar \u0219i cu m\u0103nu\u0219i. Marginea posterioar\u0103 \u00een\u0103l\u021bat\u0103 reduce evacuarea gazelor, potrivit pentru sisteme cu \u021beav\u0103 scurt\u0103 \u0219i supresoare. Anodizat pentru durabilitate, disponibil \u00een negru \u0219i culoarea p\u0103m\u00e2ntului de\u0219ertic.<\/p>\n<p>Compatibil cu majoritatea armelor de tip SR25, DPMS\/LR308 \u0219i AR10. Verifica\u021bi compatibilitatea cu produc\u0103torul armei \u00eenainte de instalare.<\/p>\n<p><strong>Nu este compatibil cu:<\/strong> HK 762, Colt 901, DPMS GII, Adams Arms .308 Patrol Rifle, Daniel Defense DD5, Sig 716, BPM Long Range Marksman .308, Smith &amp; Wesson MP-10, Bushmaster BAR-10, Rock River Arms LAR-8.<\/p>\n<\/div>\n","protected":false},"excerpt":{"rendered":"<p>Manet\u0103 de armare ambidextr\u0103 din aluminiu 7075-T6 pentru pu\u0219ti de calibru 7,62.<\/p>\n","protected":false},"featured_media":60104,"template":"","meta":{"_acf_changed":false},"product_brand":[11395],"product_cat":[12750,12795,12744],"product_tag":[],"class_list":{"0":"post-60103","1":"product","2":"type-product","3":"status-publish","4":"has-post-thumbnail","6":"product_brand-geissele","7":"product_cat-manere-de-armare","8":"product_cat-pusca","9":"product_cat-reglaj-pusca","11":"first","12":"instock","13":"taxable","14":"shipping-taxable","15":"product-type-variable","16":"wvs-archive-product-wrapper"},"acf":[],"_links":{"self":[{"href":"https:\/\/staging.nbg.eu\/ro\/wp-json\/wp\/v2\/product\/60103","targetHints":{"allow":["GET"]}}],"collection":[{"href":"https:\/\/staging.nbg.eu\/ro\/wp-json\/wp\/v2\/product"}],"about":[{"href":"https:\/\/staging.nbg.eu\/ro\/wp-json\/wp\/v2\/types\/product"}],"wp:featuredmedia":[{"embeddable":true,"href":"https:\/\/staging.nbg.eu\/ro\/wp-json\/wp\/v2\/media\/60104"}],"wp:attachment":[{"href":"https:\/\/staging.nbg.eu\/ro\/wp-json\/wp\/v2\/media?parent=60103"}],"wp:term":[{"taxonomy":"product_brand","embeddable":true,"href":"https:\/\/staging.nbg.eu\/ro\/wp-json\/wp\/v2\/product_brand?post=60103"},{"taxonomy":"product_cat","embeddable":true,"href":"https:\/\/staging.nbg.eu\/ro\/wp-json\/wp\/v2\/product_cat?post=60103"},{"taxonomy":"product_tag","embeddable":true,"href":"https:\/\/staging.nbg.eu\/ro\/wp-json\/wp\/v2\/product_tag?post=60103"}],"curies":[{"name":"wp","href":"https:\/\/api.w.org\/{rel}","templated":true}]}}