{"id":59907,"date":"2024-02-15T10:31:20","date_gmt":"2024-09-13T16:05:49","guid":{"rendered":"https:\/\/staging.nbg.eu\/product\/geissele-super-configurable-safety-selector-black\/"},"modified":"2024-09-13T16:06:43","modified_gmt":"2024-09-13T16:06:43","slug":"geissele-selector-siguranta-super-configurabil-negru","status":"publish","type":"product","link":"https:\/\/staging.nbg.eu\/ro\/produs\/geissele-selector-siguranta-super-configurabil-negru\/","title":{"rendered":"Geissele Selector Siguranta Super Configurabil &#8211; Negru"},"content":{"rendered":"<div class=\"product-description\">\n<h2>Selector de siguran\u021b\u0103 Geissele Super Configurable &#8211; Negru<\/h2>\n<p>Un selector de siguran\u021b\u0103 ambidextru pentru carabin\u0103. Are manete interschimbabile pentru confort \u0219i operare personalizat\u0103. Designul cu arc previne pierderea \u00een timpul cur\u0103\u021b\u0103rii. Cilindrul din o\u021bel inoxidabil rezist\u0103 la coroziune. \u00cembun\u0103t\u0103\u021be\u0219te siguran\u021ba \u0219i utilizarea armei de foc.<\/p>\n<\/div>\n","protected":false},"excerpt":{"rendered":"<p>Selector de siguran\u021b\u0103 ambidextru \u0219i configurabil pentru AR-15. O\u021bel durabil.<\/p>\n","protected":false},"featured_media":59908,"template":"","meta":{"_acf_changed":false},"product_brand":[11395],"product_cat":[12795,12744],"product_tag":[],"class_list":{"0":"post-59907","1":"product","2":"type-product","3":"status-publish","4":"has-post-thumbnail","6":"product_brand-geissele","7":"product_cat-pusca","8":"product_cat-reglaj-pusca","10":"first","11":"instock","12":"taxable","13":"shipping-taxable","14":"product-type-simple"},"acf":[],"_links":{"self":[{"href":"https:\/\/staging.nbg.eu\/ro\/wp-json\/wp\/v2\/product\/59907","targetHints":{"allow":["GET"]}}],"collection":[{"href":"https:\/\/staging.nbg.eu\/ro\/wp-json\/wp\/v2\/product"}],"about":[{"href":"https:\/\/staging.nbg.eu\/ro\/wp-json\/wp\/v2\/types\/product"}],"wp:featuredmedia":[{"embeddable":true,"href":"https:\/\/staging.nbg.eu\/ro\/wp-json\/wp\/v2\/media\/59908"}],"wp:attachment":[{"href":"https:\/\/staging.nbg.eu\/ro\/wp-json\/wp\/v2\/media?parent=59907"}],"wp:term":[{"taxonomy":"product_brand","embeddable":true,"href":"https:\/\/staging.nbg.eu\/ro\/wp-json\/wp\/v2\/product_brand?post=59907"},{"taxonomy":"product_cat","embeddable":true,"href":"https:\/\/staging.nbg.eu\/ro\/wp-json\/wp\/v2\/product_cat?post=59907"},{"taxonomy":"product_tag","embeddable":true,"href":"https:\/\/staging.nbg.eu\/ro\/wp-json\/wp\/v2\/product_tag?post=59907"}],"curies":[{"name":"wp","href":"https:\/\/api.w.org\/{rel}","templated":true}]}}