{"id":59785,"date":"2024-02-15T10:48:43","date_gmt":"2024-09-13T16:02:11","guid":{"rendered":"https:\/\/staging.nbg.eu\/product\/geissele-maritime-bolt-catch\/"},"modified":"2024-09-13T16:03:06","modified_gmt":"2024-09-13T16:03:06","slug":"geissele-prindere-incarcator-maritime","status":"publish","type":"product","link":"https:\/\/staging.nbg.eu\/ro\/produs\/geissele-prindere-incarcator-maritime\/","title":{"rendered":"Geissele Prindere Incarcator Maritime"},"content":{"rendered":"<p>\nGeissele Maritime Bolt Catch \u00eembun\u0103t\u0103\u021be\u0219te func\u021bionalitatea pu\u0219tii AR-15:<\/p>\n<ul>\n<li>Compatibil cu receptoare inferioare mil-spec M16\/M4<\/li>\n<li>Suprafa\u021b\u0103 m\u0103rit\u0103 pentru o operare mai u\u0219oar\u0103<\/li>\n<li>Comenzi extinse pentru tr\u0103g\u0103torii st\u00e2ngaci<\/li>\n<li>Zim\u021bi pentru o priz\u0103 mai bun\u0103<\/li>\n<li>Potrivit pentru utilizarea cu m\u0103nu\u0219i sau \u00een condi\u021bii de luminozitate sc\u0103zut\u0103<\/li>\n<\/ul>\n<p>\u00cembun\u0103t\u0103\u021bi\u021bi-v\u0103 pu\u0219ca cu acest dispozitiv de prindere a culisei proiectat pentru militari \u0219i entuzia\u0219ti.<\/p>\n","protected":false},"excerpt":{"rendered":"<p>Opritor de culas\u0103 \u00eembun\u0103t\u0103\u021bit, cu suprafa\u021b\u0103 mai mare pentru o operare mai u\u0219oar\u0103.<\/p>\n","protected":false},"featured_media":59786,"template":"","meta":{"_acf_changed":false},"product_brand":[11395],"product_cat":[12795,12744],"product_tag":[],"class_list":{"0":"post-59785","1":"product","2":"type-product","3":"status-publish","4":"has-post-thumbnail","6":"product_brand-geissele","7":"product_cat-pusca","8":"product_cat-reglaj-pusca","10":"first","11":"instock","12":"taxable","13":"shipping-taxable","14":"product-type-simple"},"acf":[],"_links":{"self":[{"href":"https:\/\/staging.nbg.eu\/ro\/wp-json\/wp\/v2\/product\/59785","targetHints":{"allow":["GET"]}}],"collection":[{"href":"https:\/\/staging.nbg.eu\/ro\/wp-json\/wp\/v2\/product"}],"about":[{"href":"https:\/\/staging.nbg.eu\/ro\/wp-json\/wp\/v2\/types\/product"}],"wp:featuredmedia":[{"embeddable":true,"href":"https:\/\/staging.nbg.eu\/ro\/wp-json\/wp\/v2\/media\/59786"}],"wp:attachment":[{"href":"https:\/\/staging.nbg.eu\/ro\/wp-json\/wp\/v2\/media?parent=59785"}],"wp:term":[{"taxonomy":"product_brand","embeddable":true,"href":"https:\/\/staging.nbg.eu\/ro\/wp-json\/wp\/v2\/product_brand?post=59785"},{"taxonomy":"product_cat","embeddable":true,"href":"https:\/\/staging.nbg.eu\/ro\/wp-json\/wp\/v2\/product_cat?post=59785"},{"taxonomy":"product_tag","embeddable":true,"href":"https:\/\/staging.nbg.eu\/ro\/wp-json\/wp\/v2\/product_tag?post=59785"}],"curies":[{"name":"wp","href":"https:\/\/api.w.org\/{rel}","templated":true}]}}