{"id":59305,"date":"2024-02-15T11:15:35","date_gmt":"2024-09-13T15:20:36","guid":{"rendered":"https:\/\/staging.nbg.eu\/product\/geissele-rail-panels-black-ddc\/"},"modified":"2024-09-13T15:21:35","modified_gmt":"2024-09-13T15:21:35","slug":"geissele-panouri-sina-negruddc","status":"publish","type":"product","link":"https:\/\/staging.nbg.eu\/ro\/produs\/geissele-panouri-sina-negruddc\/","title":{"rendered":"Geissele Panouri Sina (Negru\/DDC)"},"content":{"rendered":"<div class=\"product-description\">\n<h2>Panouri de \u0219in\u0103 M-Lok Geissele (Negru\/DDC)<\/h2>\n<p>Completa\u021bi \u0219ina URGI cu panourile M-Lok de la Geissele. Caracteristici:<\/p>\n<ul>\n<li>Textur\u0103 pentru prindere \u00eembun\u0103t\u0103\u021bit\u0103<\/li>\n<li>Construc\u021bie din polimer de grad militar<\/li>\n<li>Durabilitate la utilizare intens\u0103<\/li>\n<li>Propriet\u0103\u021bi de izolare termic\u0103<\/li>\n<li>Disponibil \u00een Negru \u0219i DDC<\/li>\n<\/ul>\n<p>\u00cembun\u0103t\u0103\u021bi\u021bi manevrarea carabinei \u0219i proteja\u021bi-v\u0103 m\u00e2inile cu aceste panouri de \u0219in\u0103.<\/p>\n<\/div>\n","protected":false},"excerpt":{"rendered":"<p>Panouri pentru \u0219in\u0103 M-LOK durabile \u0219i texturate pentru o prindere \u00eembun\u0103t\u0103\u021bit\u0103 \u0219i protec\u021bie termic\u0103.<\/p>\n","protected":false},"featured_media":59306,"template":"","meta":{"_acf_changed":false},"product_brand":[11395],"product_cat":[12795,12743],"product_tag":[],"class_list":{"0":"post-59305","1":"product","2":"type-product","3":"status-publish","4":"has-post-thumbnail","6":"product_brand-geissele","7":"product_cat-pusca","8":"product_cat-sine","10":"first","11":"instock","12":"taxable","13":"shipping-taxable","14":"product-type-variable","15":"wvs-archive-product-wrapper"},"acf":[],"_links":{"self":[{"href":"https:\/\/staging.nbg.eu\/ro\/wp-json\/wp\/v2\/product\/59305","targetHints":{"allow":["GET"]}}],"collection":[{"href":"https:\/\/staging.nbg.eu\/ro\/wp-json\/wp\/v2\/product"}],"about":[{"href":"https:\/\/staging.nbg.eu\/ro\/wp-json\/wp\/v2\/types\/product"}],"wp:featuredmedia":[{"embeddable":true,"href":"https:\/\/staging.nbg.eu\/ro\/wp-json\/wp\/v2\/media\/59306"}],"wp:attachment":[{"href":"https:\/\/staging.nbg.eu\/ro\/wp-json\/wp\/v2\/media?parent=59305"}],"wp:term":[{"taxonomy":"product_brand","embeddable":true,"href":"https:\/\/staging.nbg.eu\/ro\/wp-json\/wp\/v2\/product_brand?post=59305"},{"taxonomy":"product_cat","embeddable":true,"href":"https:\/\/staging.nbg.eu\/ro\/wp-json\/wp\/v2\/product_cat?post=59305"},{"taxonomy":"product_tag","embeddable":true,"href":"https:\/\/staging.nbg.eu\/ro\/wp-json\/wp\/v2\/product_tag?post=59305"}],"curies":[{"name":"wp","href":"https:\/\/api.w.org\/{rel}","templated":true}]}}