{"id":58874,"date":"2024-02-15T19:41:39","date_gmt":"2024-09-13T15:17:41","guid":{"rendered":"https:\/\/staging.nbg.eu\/product\/geissele-super-gas-block-black\/"},"modified":"2024-09-13T15:18:37","modified_gmt":"2024-09-13T15:18:37","slug":"geissele-bloc-gaz-super-negru","status":"publish","type":"product","link":"https:\/\/staging.nbg.eu\/ro\/produs\/geissele-bloc-gaz-super-negru\/","title":{"rendered":"Geissele Bloc Gaz Super &#8211; Negru"},"content":{"rendered":"<div class=\"product-description\">\n<h2>Bloc de gaz Geissele Super &#8211; Negru<\/h2>\n<p>Blocul de gaz Geissele Super este o component\u0103 cu profil redus, proiectat\u0103 pentru a se potrivi sub majoritatea gardelor de m\u00e2n\u0103 libere. Este fabricat din o\u021bel inoxidabil 17-4 cu \u00eent\u0103rire prin precipitare, oferind rezisten\u021b\u0103 la coroziune \u0219i durabilitate.<\/p>\n<ul>\n<li>Rezist\u0103 la mii de runde<\/li>\n<li>Include \u0219urub de fixare standard \u0219i metode de instalare sigure<\/li>\n<li>Pin spiralat fixeaz\u0103 blocul de gaz pentru stabilitate<\/li>\n<li>\u0218tiftul de aliniere din o\u021bel inoxidabil asigur\u0103 alinierea cu \u021bevile Geissele CHF<\/li>\n<\/ul>\n<p>Blocul de gaz Geissele Super este proiectat pentru a func\u021biona \u00een orice condi\u021bii de operare.<\/p>\n<\/div>\n","protected":false},"excerpt":{"rendered":"<p>Bloc de gaz din o\u021bel inoxidabil durabil, cu profil redus, pentru pu\u0219tile AR-15.<\/p>\n","protected":false},"featured_media":58875,"template":"","meta":{"_acf_changed":false},"product_brand":[11395],"product_cat":[12795,12744],"product_tag":[],"class_list":{"0":"post-58874","1":"product","2":"type-product","3":"status-publish","4":"has-post-thumbnail","6":"product_brand-geissele","7":"product_cat-pusca","8":"product_cat-reglaj-pusca","10":"first","11":"instock","12":"taxable","13":"shipping-taxable","14":"product-type-simple"},"acf":[],"_links":{"self":[{"href":"https:\/\/staging.nbg.eu\/ro\/wp-json\/wp\/v2\/product\/58874","targetHints":{"allow":["GET"]}}],"collection":[{"href":"https:\/\/staging.nbg.eu\/ro\/wp-json\/wp\/v2\/product"}],"about":[{"href":"https:\/\/staging.nbg.eu\/ro\/wp-json\/wp\/v2\/types\/product"}],"wp:featuredmedia":[{"embeddable":true,"href":"https:\/\/staging.nbg.eu\/ro\/wp-json\/wp\/v2\/media\/58875"}],"wp:attachment":[{"href":"https:\/\/staging.nbg.eu\/ro\/wp-json\/wp\/v2\/media?parent=58874"}],"wp:term":[{"taxonomy":"product_brand","embeddable":true,"href":"https:\/\/staging.nbg.eu\/ro\/wp-json\/wp\/v2\/product_brand?post=58874"},{"taxonomy":"product_cat","embeddable":true,"href":"https:\/\/staging.nbg.eu\/ro\/wp-json\/wp\/v2\/product_cat?post=58874"},{"taxonomy":"product_tag","embeddable":true,"href":"https:\/\/staging.nbg.eu\/ro\/wp-json\/wp\/v2\/product_tag?post=58874"}],"curies":[{"name":"wp","href":"https:\/\/api.w.org\/{rel}","templated":true}]}}