{"id":584434,"date":"2025-09-05T18:16:13","date_gmt":"2025-09-05T15:16:13","guid":{"rendered":"https:\/\/staging.nbg.eu\/product\/mak-viper-fts-left\/"},"modified":"2025-10-16T16:00:55","modified_gmt":"2025-10-16T13:00:55","slug":"mak-viper-fts-stanga","status":"publish","type":"product","link":"https:\/\/staging.nbg.eu\/ro\/produs\/mak-viper-fts-stanga\/","title":{"rendered":"MAK Viper FTS Stanga"},"content":{"rendered":"<div class=\"product-description\">\n<h2>MAK Viper FTS St\u00e2nga<\/h2>\n<p>MAK Viper FTS St\u00e2nga este un suport pentru lunet\u0103 de pu\u0219c\u0103 conceput pentru tr\u0103g\u0103torii st\u00e2ngaci. Acest suport include:<\/p>\n<ul>\n<li>Construc\u021bie din aluminiu pentru rezisten\u021b\u0103 \u0219i u\u0219urin\u021b\u0103<\/li>\n<li>Sistem cu cuplu fix (FTS) pentru montare consecvent\u0103 \u0219i repetabil\u0103<\/li>\n<li>P\u00e2rghie cu eliberare rapid\u0103 pentru demontarea \u0219i remontarea u\u0219oar\u0103 a lunetei<\/li>\n<li>Configura\u021bie pentru st\u00e2ngaci pentru ergonomie \u00eembun\u0103t\u0103\u021bit\u0103<\/li>\n<li>Compatibil cu \u0219ine Picatinny \u0219i Weaver<\/li>\n<li>Disponibil \u00een diferite dimensiuni de inele pentru a se potrivi cu diverse diametre de lunete<\/li>\n<\/ul>\n<p>MAK Viper FTS St\u00e2nga asigur\u0103 stabilitate \u0219i men\u021bine zeroul, chiar \u0219i sub recul puternic. Acest suport pentru lunet\u0103 este conceput pentru tr\u0103g\u0103torii st\u00e2ngaci.<\/p>\n<\/div>\n","protected":false},"excerpt":{"rendered":"<p>MAK Viper FTS St\u00e2nga: Lunet\u0103 tactic\u0103 de precizie pentru tr\u0103g\u0103torii st\u00e2ngaci.<\/p>\n","protected":false},"featured_media":0,"template":"","meta":{"_acf_changed":false},"product_brand":[],"product_cat":[],"product_tag":[],"class_list":{"0":"post-584434","1":"product","2":"type-product","3":"status-publish","6":"first","7":"instock","8":"taxable","9":"shipping-taxable","10":"purchasable","11":"product-type-simple"},"acf":[],"_links":{"self":[{"href":"https:\/\/staging.nbg.eu\/ro\/wp-json\/wp\/v2\/product\/584434","targetHints":{"allow":["GET"]}}],"collection":[{"href":"https:\/\/staging.nbg.eu\/ro\/wp-json\/wp\/v2\/product"}],"about":[{"href":"https:\/\/staging.nbg.eu\/ro\/wp-json\/wp\/v2\/types\/product"}],"wp:attachment":[{"href":"https:\/\/staging.nbg.eu\/ro\/wp-json\/wp\/v2\/media?parent=584434"}],"wp:term":[{"taxonomy":"product_brand","embeddable":true,"href":"https:\/\/staging.nbg.eu\/ro\/wp-json\/wp\/v2\/product_brand?post=584434"},{"taxonomy":"product_cat","embeddable":true,"href":"https:\/\/staging.nbg.eu\/ro\/wp-json\/wp\/v2\/product_cat?post=584434"},{"taxonomy":"product_tag","embeddable":true,"href":"https:\/\/staging.nbg.eu\/ro\/wp-json\/wp\/v2\/product_tag?post=584434"}],"curies":[{"name":"wp","href":"https:\/\/api.w.org\/{rel}","templated":true}]}}