{"id":583714,"date":"2025-10-10T23:40:13","date_gmt":"2025-10-10T20:40:13","guid":{"rendered":"https:\/\/staging.nbg.eu\/product\/dillon-4-pack-primer-pickup-tubes-small-primer\/"},"modified":"2025-10-16T15:28:43","modified_gmt":"2025-10-16T12:28:43","slug":"dillon-4-pack-tuburi-colectare-capsa-capsa-mica","status":"publish","type":"product","link":"https:\/\/staging.nbg.eu\/ro\/produs\/dillon-4-pack-tuburi-colectare-capsa-capsa-mica\/","title":{"rendered":"Dillon 4-pack Tuburi Colectare Capsa &#8211; Capsa Mica"},"content":{"rendered":"<div class=\"product-description\">\n<h2>Tuburi de colectare pentru amorse mici Dillon &#8211; Set de 4 buc\u0103\u021bi<\/h2>\n<p>Aceste tuburi de colectare pentru amorse mici Dillon sunt concepute pentru a eficientiza procesul de re\u00eenc\u0103rcare a cartu\u0219elor.<\/p>\n<ul>\n<li>Set de 4 tuburi de colectare pentru amorse de diametru mic<\/li>\n<li>Tuburile pot fi umplute \u00een prealabil pentru re\u00eenc\u0103rcare<\/li>\n<li>Compatibile cu prese de re\u00eenc\u0103rcare Dillon<\/li>\n<li>Cre\u0219te productivitatea \u0219i economise\u0219te timp<\/li>\n<\/ul>\n<p>Aceste tuburi pot fi p\u0103strate umplute \u0219i preg\u0103tite pentru re\u00eenc\u0103rcare continu\u0103. Potrivite pentru tr\u0103g\u0103torii de competi\u021bie \u0219i pentru cei care re\u00eencarc\u0103 volume mari de cartu\u0219e.<\/p>\n<\/div>\n","protected":false},"excerpt":{"rendered":"<p>4 tuburi mici de preluare a capselor pentru o re\u00eenc\u0103rcare rapid\u0103 \u0219i eficient\u0103.<\/p>\n","protected":false},"featured_media":583755,"template":"","meta":{"_acf_changed":false},"product_brand":[],"product_cat":[12745,12791],"product_tag":[],"class_list":{"0":"post-583714","1":"product","2":"type-product","3":"status-publish","4":"has-post-thumbnail","6":"product_cat-accesorii-reincarcare","7":"product_cat-reincarcare","9":"first","10":"instock","11":"taxable","12":"shipping-taxable","13":"purchasable","14":"product-type-simple"},"acf":[],"_links":{"self":[{"href":"https:\/\/staging.nbg.eu\/ro\/wp-json\/wp\/v2\/product\/583714","targetHints":{"allow":["GET"]}}],"collection":[{"href":"https:\/\/staging.nbg.eu\/ro\/wp-json\/wp\/v2\/product"}],"about":[{"href":"https:\/\/staging.nbg.eu\/ro\/wp-json\/wp\/v2\/types\/product"}],"wp:featuredmedia":[{"embeddable":true,"href":"https:\/\/staging.nbg.eu\/ro\/wp-json\/wp\/v2\/media\/583755"}],"wp:attachment":[{"href":"https:\/\/staging.nbg.eu\/ro\/wp-json\/wp\/v2\/media?parent=583714"}],"wp:term":[{"taxonomy":"product_brand","embeddable":true,"href":"https:\/\/staging.nbg.eu\/ro\/wp-json\/wp\/v2\/product_brand?post=583714"},{"taxonomy":"product_cat","embeddable":true,"href":"https:\/\/staging.nbg.eu\/ro\/wp-json\/wp\/v2\/product_cat?post=583714"},{"taxonomy":"product_tag","embeddable":true,"href":"https:\/\/staging.nbg.eu\/ro\/wp-json\/wp\/v2\/product_tag?post=583714"}],"curies":[{"name":"wp","href":"https:\/\/api.w.org\/{rel}","templated":true}]}}