{"id":583502,"date":"2025-10-08T23:38:14","date_gmt":"2025-10-08T20:38:14","guid":{"rendered":"https:\/\/staging.nbg.eu\/product\/bipod-harris-s-brm-notch-rotate-6-9\/"},"modified":"2025-10-16T14:45:39","modified_gmt":"2025-10-16T11:45:39","slug":"bipod-harris-s-brm-notch-rotate-6-9","status":"publish","type":"product","link":"https:\/\/staging.nbg.eu\/ro\/produs\/bipod-harris-s-brm-notch-rotate-6-9\/","title":{"rendered":"Bipod Harris &#8211; S &#8211; BRM Notch Rotate 6-9&#8243;"},"content":{"rendered":"<div class=\"product-description\">\n<h2>Bipod pivotant Harris 6&#8243; &#8211; 9&#8243; cu crest\u0103turi pentru picioare BRM-S<\/h2>\n<p>Bipodul Harris 6&#8243; &#8211; 9&#8243; pivotant (BRM-S) ofer\u0103 urm\u0103toarele caracteristici:<\/p>\n<ul>\n<li>Picioare reglabile de la 6&#8243; la 9&#8243;<\/li>\n<li>Suport pentru banc\u0103<\/li>\n<li>Capacitate de pivotare pentru teren neuniform<\/li>\n<li>Crest\u0103turi pentru reglarea precis\u0103 a \u00een\u0103l\u021bimii<\/li>\n<\/ul>\n<p>Cu o l\u0103\u021bime \u00eenchis\u0103 de 2 3\/4&#8243; \u0219i o l\u0103\u021bime deschis\u0103 de 7 1\/4&#8243;, acest bipod de 8 oz este potrivit pentru diverse pozi\u021bii de tragere. Bipodul Harris BRM-S combin\u0103 durabilitatea \u0219i func\u021bionalitatea.<\/p>\n<p>SKU: Harris-BRM-S | UPC: 051156113090 | MPN: S-BRM<\/p>\n<\/div>\n","protected":false},"excerpt":{"rendered":"<p>Bipod pivotant ajustabil de 15-23 cm cu picioare crestate. Preg\u0103tit pentru odihn\u0103 pe banc\u0103.<\/p>\n","protected":false},"featured_media":583543,"template":"","meta":{"_acf_changed":false},"product_brand":[12009],"product_cat":[12788],"product_tag":[],"class_list":{"0":"post-583502","1":"product","2":"type-product","3":"status-publish","4":"has-post-thumbnail","6":"product_brand-harris-bipods","7":"product_cat-bipoduri","9":"first","10":"outofstock","11":"taxable","12":"shipping-taxable","13":"purchasable","14":"product-type-simple"},"acf":[],"_links":{"self":[{"href":"https:\/\/staging.nbg.eu\/ro\/wp-json\/wp\/v2\/product\/583502","targetHints":{"allow":["GET"]}}],"collection":[{"href":"https:\/\/staging.nbg.eu\/ro\/wp-json\/wp\/v2\/product"}],"about":[{"href":"https:\/\/staging.nbg.eu\/ro\/wp-json\/wp\/v2\/types\/product"}],"wp:featuredmedia":[{"embeddable":true,"href":"https:\/\/staging.nbg.eu\/ro\/wp-json\/wp\/v2\/media\/583543"}],"wp:attachment":[{"href":"https:\/\/staging.nbg.eu\/ro\/wp-json\/wp\/v2\/media?parent=583502"}],"wp:term":[{"taxonomy":"product_brand","embeddable":true,"href":"https:\/\/staging.nbg.eu\/ro\/wp-json\/wp\/v2\/product_brand?post=583502"},{"taxonomy":"product_cat","embeddable":true,"href":"https:\/\/staging.nbg.eu\/ro\/wp-json\/wp\/v2\/product_cat?post=583502"},{"taxonomy":"product_tag","embeddable":true,"href":"https:\/\/staging.nbg.eu\/ro\/wp-json\/wp\/v2\/product_tag?post=583502"}],"curies":[{"name":"wp","href":"https:\/\/api.w.org\/{rel}","templated":true}]}}