{"id":582571,"date":"2025-10-10T18:10:11","date_gmt":"2025-10-10T15:10:11","guid":{"rendered":"https:\/\/staging.nbg.eu\/product\/daa-gripz-grip-enhancer-75-ml\/"},"modified":"2025-10-16T13:57:08","modified_gmt":"2025-10-16T10:57:08","slug":"daa-gripz-imbunatatitor-prindere-75-ml","status":"publish","type":"product","link":"https:\/\/staging.nbg.eu\/ro\/produs\/daa-gripz-imbunatatitor-prindere-75-ml\/","title":{"rendered":"DAA GRIPZ &#8211; Imbunatatitor prindere 75 ml"},"content":{"rendered":"<div class=\"product-description\">\n<h2>DAA GRIPZ &#8211; \u00cembun\u0103t\u0103\u021bitor de priz\u0103 75 ml<\/h2>\n<p>DAA GRIPZ este o lo\u021biune pentru \u00eembun\u0103t\u0103\u021birea prizei pentru tr\u0103g\u0103torii IPSC \u0219i USPSA. Aceast\u0103 sticl\u0103 de 75ml asigur\u0103 o priz\u0103 sigur\u0103 \u00een condi\u021bii umede \u0219i c\u0103ldur\u0103 extrem\u0103.<\/p>\n<ul>\n<li>Formul\u0103 pe baz\u0103 de silice cu alcool \u0219i stabilizatori<\/li>\n<li>\u00cenchidere practic\u0103 &#8222;Snap-cap&#8221; pentru acces u\u0219or cu o singur\u0103 m\u00e2n\u0103<\/li>\n<li>Aplicare mai curat\u0103 &#8211; nu se usuc\u0103 alb \u0219i nu se transfer\u0103 u\u0219or pe haine \u0219i m\u00e2nerul pistolului<\/li>\n<li>Pentru men\u021binerea palmelor uscate \u0219i a unei prize sigure \u00een timpul tragerii<\/li>\n<\/ul>\n<p>Utiliza\u021bi DAA GRIPZ pentru a \u00eembun\u0103t\u0103\u021bi performan\u021ba la tir.<\/p>\n<\/div>\n","protected":false},"excerpt":{"rendered":"<p>DAA GRIPZ: \u00cembun\u0103t\u0103\u021be\u0219te aderen\u021ba pentru o tragere precis\u0103. Sticla de 75ml.<\/p>\n","protected":false},"featured_media":582637,"template":"","meta":{"_acf_changed":false},"product_brand":[],"product_cat":[12811],"product_tag":[],"class_list":{"0":"post-582571","1":"product","2":"type-product","3":"status-publish","4":"has-post-thumbnail","6":"product_cat-necategorizat","8":"first","9":"instock","10":"taxable","11":"shipping-taxable","12":"purchasable","13":"product-type-simple"},"acf":[],"_links":{"self":[{"href":"https:\/\/staging.nbg.eu\/ro\/wp-json\/wp\/v2\/product\/582571","targetHints":{"allow":["GET"]}}],"collection":[{"href":"https:\/\/staging.nbg.eu\/ro\/wp-json\/wp\/v2\/product"}],"about":[{"href":"https:\/\/staging.nbg.eu\/ro\/wp-json\/wp\/v2\/types\/product"}],"wp:featuredmedia":[{"embeddable":true,"href":"https:\/\/staging.nbg.eu\/ro\/wp-json\/wp\/v2\/media\/582637"}],"wp:attachment":[{"href":"https:\/\/staging.nbg.eu\/ro\/wp-json\/wp\/v2\/media?parent=582571"}],"wp:term":[{"taxonomy":"product_brand","embeddable":true,"href":"https:\/\/staging.nbg.eu\/ro\/wp-json\/wp\/v2\/product_brand?post=582571"},{"taxonomy":"product_cat","embeddable":true,"href":"https:\/\/staging.nbg.eu\/ro\/wp-json\/wp\/v2\/product_cat?post=582571"},{"taxonomy":"product_tag","embeddable":true,"href":"https:\/\/staging.nbg.eu\/ro\/wp-json\/wp\/v2\/product_tag?post=582571"}],"curies":[{"name":"wp","href":"https:\/\/api.w.org\/{rel}","templated":true}]}}