{"id":581590,"date":"2025-10-10T18:09:59","date_gmt":"2025-10-10T15:09:59","guid":{"rendered":"https:\/\/staging.nbg.eu\/product\/daa-x-ray-polymer-pouch-black\/"},"modified":"2025-10-16T11:21:59","modified_gmt":"2025-10-16T08:21:59","slug":"daa-x-ray-punga-polimer-negru","status":"publish","type":"product","link":"https:\/\/staging.nbg.eu\/ro\/produs\/daa-x-ray-punga-polimer-negru\/","title":{"rendered":"DAA X-Ray Punga Polimer &#8211; Negru"},"content":{"rendered":"<h2>Toc de polimer DAA X-Ray &#8211; Negru<\/h2>\n<p>Toc pentru \u00eenc\u0103rc\u0103toare de competi\u021bie DAA X-Ray Polymer. Acest design include:<\/p>\n<ul>\n<li>Aspect decupat pentru greutate redus\u0103<\/li>\n<li>8 puncte de montare pentru utilizare ambidextr\u0103 \u0219i pozi\u021bionare variat\u0103<\/li>\n<li>3 seturi de distan\u021biere compatibile cu majoritatea \u00eenc\u0103rc\u0103toarelor cu stiv\u0103 dubl\u0103<\/li>\n<li>Construc\u021bie din polimer ranforsat cu fibr\u0103 pentru durabilitate<\/li>\n<li>Margine superioar\u0103 optimizat\u0103 pentru inser\u021bie mai u\u0219oar\u0103 a \u00eenc\u0103rc\u0103torului<\/li>\n<li>\u0218urub de fixare pentru a preveni deblocarea accidental\u0103<\/li>\n<li>Articula\u021bie sferic\u0103 m\u0103rit\u0103 de 13mm pentru stabilitate \u00eembun\u0103t\u0103\u021bit\u0103<\/li>\n<li>Ajustare a tensiunii f\u0103r\u0103 unelte cu roat\u0103 mare de tensiune<\/li>\n<\/ul>\n<p>Toc DAA X-Ray Polymer, conceput pentru utilizare \u00een poligon.<\/p>\n","protected":false},"excerpt":{"rendered":"<p>Hus\u0103 din polimer DAA X-Ray: Suport de \u00eenc\u0103rc\u0103tor elegant, versatil \u0219i sigur pentru competitori.<\/p>\n","protected":false},"featured_media":581801,"template":"","meta":{"_acf_changed":false},"product_brand":[],"product_cat":[12765,12762,12753,12787],"product_tag":[],"class_list":{"0":"post-581590","1":"product","2":"type-product","3":"status-publish","4":"has-post-thumbnail","6":"product_cat-centuri-sport","7":"product_cat-echipament","8":"product_cat-genti-tactice","9":"product_cat-toc-sport","11":"first","12":"instock","13":"taxable","14":"shipping-taxable","15":"purchasable","16":"product-type-simple"},"acf":[],"_links":{"self":[{"href":"https:\/\/staging.nbg.eu\/ro\/wp-json\/wp\/v2\/product\/581590","targetHints":{"allow":["GET"]}}],"collection":[{"href":"https:\/\/staging.nbg.eu\/ro\/wp-json\/wp\/v2\/product"}],"about":[{"href":"https:\/\/staging.nbg.eu\/ro\/wp-json\/wp\/v2\/types\/product"}],"wp:featuredmedia":[{"embeddable":true,"href":"https:\/\/staging.nbg.eu\/ro\/wp-json\/wp\/v2\/media\/581801"}],"wp:attachment":[{"href":"https:\/\/staging.nbg.eu\/ro\/wp-json\/wp\/v2\/media?parent=581590"}],"wp:term":[{"taxonomy":"product_brand","embeddable":true,"href":"https:\/\/staging.nbg.eu\/ro\/wp-json\/wp\/v2\/product_brand?post=581590"},{"taxonomy":"product_cat","embeddable":true,"href":"https:\/\/staging.nbg.eu\/ro\/wp-json\/wp\/v2\/product_cat?post=581590"},{"taxonomy":"product_tag","embeddable":true,"href":"https:\/\/staging.nbg.eu\/ro\/wp-json\/wp\/v2\/product_tag?post=581590"}],"curies":[{"name":"wp","href":"https:\/\/api.w.org\/{rel}","templated":true}]}}