{"id":581269,"date":"2025-10-10T18:09:52","date_gmt":"2025-10-10T15:09:52","guid":{"rendered":"https:\/\/staging.nbg.eu\/product\/jack-556x45mm-223-rem-polymer\/"},"modified":"2025-10-17T17:31:21","modified_gmt":"2025-10-17T14:31:21","slug":"jack-556x45mm223-rem-polimer","status":"publish","type":"product","link":"https:\/\/staging.nbg.eu\/ro\/produs\/jack-556x45mm223-rem-polimer\/","title":{"rendered":"Jack 5,56x45mm\/.223 REM Polimer"},"content":{"rendered":"<div class=\"product-description\">\n<h2>Jack 5,56x45mm\/.223 REM Polimer<\/h2>\n<p>Jack 5,56x45mm\/.223 REM Polimer este o arm\u0103 de foc care combin\u0103 ingineria de precizie, materiale avansate \u0219i design ergonomic pentru performan\u021b\u0103.<\/p>\n<h2>Caracteristici principale:<\/h2>\n<ul>\n<li>Calibru: 5.56x45mm \/.223 Rem<\/li>\n<li>Lungimea \u021bevii: 415mm<\/li>\n<li>Pas de ghintuire: 1:8<\/li>\n<li>Filet la gura \u021bevii: 14\u00d71 st\u00e2nga<\/li>\n<li>Greutate (ne\u00eenc\u0103rcat): 3.1kg<\/li>\n<li>Viteza proiectilului la ie\u0219ire: 920 m\/s<\/li>\n<li>Func\u021bionare: \u00cenchiz\u0103tor rotativ<\/li>\n<li>Tip: Semi-automat<\/li>\n<\/ul>\n<h2>Design \u00eembun\u0103t\u0103\u021bit:<\/h2>\n<ul>\n<li>\u0218in\u0103 lateral\u0103 frezat\u0103 pentru instalarea opticii<\/li>\n<li>\u0218in\u0103 nituit\u0103 la camera de \u00eenchidere<\/li>\n<li>Corp din polimer pentru durabilitate \u0219i reducerea greut\u0103\u021bii<\/li>\n<li>Pat ergonomic din polimer<\/li>\n<li>\u00cenveli\u0219 din polimer pentru tubul de gaze pentru disiparea c\u0103ldurii<\/li>\n<li>Selector de foc m\u0103rit pentru manevrare \u00eembun\u0103t\u0103\u021bit\u0103<\/li>\n<li>Buton eliberare \u00eenc\u0103rc\u0103tor m\u0103rit pentru re\u00eenc\u0103rcare rapid\u0103<\/li>\n<li>\u0218in\u0103 inferioar\u0103 (coad\u0103 de r\u00e2ndunic\u0103) pentru montarea accesoriilor<\/li>\n<\/ul>\n<p>Jack 5,56x45mm\/.223 REM Polimer este o pu\u0219c\u0103 care ofer\u0103 fiabilitate, precizie \u0219i design modern.<\/p>\n<\/div>\n","protected":false},"excerpt":{"rendered":"<p>Pu\u0219c\u0103 compact\u0103 \u0219i u\u0219oar\u0103 de 5,56 mm cu componente din polimer. Semi-automat\u0103. Personalizabil\u0103 cu \u0219in\u0103 pentru optic\u0103.<\/p>\n","protected":false},"featured_media":581354,"template":"","meta":{"_acf_changed":false},"product_brand":[],"product_cat":[12792,12795],"product_tag":[],"class_list":{"0":"post-581269","1":"product","2":"type-product","3":"status-publish","4":"has-post-thumbnail","6":"product_cat-carabine","7":"product_cat-pusca","9":"first","10":"outofstock","11":"taxable","12":"shipping-taxable","13":"product-type-simple"},"acf":[],"_links":{"self":[{"href":"https:\/\/staging.nbg.eu\/ro\/wp-json\/wp\/v2\/product\/581269","targetHints":{"allow":["GET"]}}],"collection":[{"href":"https:\/\/staging.nbg.eu\/ro\/wp-json\/wp\/v2\/product"}],"about":[{"href":"https:\/\/staging.nbg.eu\/ro\/wp-json\/wp\/v2\/types\/product"}],"wp:featuredmedia":[{"embeddable":true,"href":"https:\/\/staging.nbg.eu\/ro\/wp-json\/wp\/v2\/media\/581354"}],"wp:attachment":[{"href":"https:\/\/staging.nbg.eu\/ro\/wp-json\/wp\/v2\/media?parent=581269"}],"wp:term":[{"taxonomy":"product_brand","embeddable":true,"href":"https:\/\/staging.nbg.eu\/ro\/wp-json\/wp\/v2\/product_brand?post=581269"},{"taxonomy":"product_cat","embeddable":true,"href":"https:\/\/staging.nbg.eu\/ro\/wp-json\/wp\/v2\/product_cat?post=581269"},{"taxonomy":"product_tag","embeddable":true,"href":"https:\/\/staging.nbg.eu\/ro\/wp-json\/wp\/v2\/product_tag?post=581269"}],"curies":[{"name":"wp","href":"https:\/\/api.w.org\/{rel}","templated":true}]}}