{"id":577728,"date":"2025-10-10T16:07:00","date_gmt":"2025-10-10T13:07:00","guid":{"rendered":"https:\/\/staging.nbg.eu\/product\/polymer-magazine-762x39-mm-for-akm-rifle-10-rounds\/"},"modified":"2025-10-15T12:35:54","modified_gmt":"2025-10-15T09:35:54","slug":"incarcator-polimer-762x39-mm-pentru-pusca-akm-10-cartuse","status":"publish","type":"product","link":"https:\/\/staging.nbg.eu\/ro\/produs\/incarcator-polimer-762x39-mm-pentru-pusca-akm-10-cartuse\/","title":{"rendered":"Incarcator polimer 7,62&#215;39 mm pentru pusca AKM 10 cartuse"},"content":{"rendered":"<h2>Magazin Magpul PMAG 10 AK\/AKM MOE<\/h2>\n<h2>7.62x39mm | Capacitate 10 cartu\u0219e<\/h2>\n<p>Magazin <strong>Magpul PMAG 10 AK\/AKM MOE<\/strong> pentru pu\u0219ti de tip AK. Acest magazin din polimer este proiectat pentru pu\u0219ti de model Kalashnikov \u00een calibru 7.62x39mm, inclusiv AK-47, AKM, AKS \u0219i SIG556R.<\/p>\n<h3>Caracteristici principale:<\/h3>\n<ul>\n<li>Construc\u021bie din polimer<\/li>\n<li>Capacitate de 10 cartu\u0219e<\/li>\n<li>Geometrie cu curbur\u0103 constant\u0103<\/li>\n<li>Arc din o\u021bel inoxidabil<\/li>\n<li>Elevator cu frecare redus\u0103<\/li>\n<li>Plac\u0103 de baz\u0103 deta\u0219abil\u0103<\/li>\n<li>Suprafa\u021b\u0103 striat\u0103 pentru prindere<\/li>\n<li>Matrice de puncte pentru identificare<\/li>\n<li>Conteaz\u0103 ca trei piese de conformitate SUA pentru 922(r)<\/li>\n<\/ul>\n<p>Acest magazin compact este potrivit pentru pozi\u021bii de tragere culcat \u0219i de pe banc\u0103. Ofer\u0103 performan\u021b\u0103 \u0219i durabilitate.<\/p>\n<p><em>Fabricat \u00een SUA<\/em><\/p>\n","protected":false},"excerpt":{"rendered":"<p>\u00cenc\u0103rc\u0103tor AKM fiabil de 7,62x39mm cu 10 cartu\u0219e. Polimer u\u0219or, fabricat \u00een SUA.<\/p>\n","protected":false},"featured_media":577807,"template":"","meta":{"_acf_changed":false},"product_brand":[],"product_cat":[12778,12795],"product_tag":[],"class_list":{"0":"post-577728","1":"product","2":"type-product","3":"status-publish","4":"has-post-thumbnail","6":"product_cat-incarcatoare-pusca","7":"product_cat-pusca","9":"first","10":"outofstock","11":"taxable","12":"shipping-taxable","13":"product-type-simple"},"acf":[],"_links":{"self":[{"href":"https:\/\/staging.nbg.eu\/ro\/wp-json\/wp\/v2\/product\/577728","targetHints":{"allow":["GET"]}}],"collection":[{"href":"https:\/\/staging.nbg.eu\/ro\/wp-json\/wp\/v2\/product"}],"about":[{"href":"https:\/\/staging.nbg.eu\/ro\/wp-json\/wp\/v2\/types\/product"}],"wp:featuredmedia":[{"embeddable":true,"href":"https:\/\/staging.nbg.eu\/ro\/wp-json\/wp\/v2\/media\/577807"}],"wp:attachment":[{"href":"https:\/\/staging.nbg.eu\/ro\/wp-json\/wp\/v2\/media?parent=577728"}],"wp:term":[{"taxonomy":"product_brand","embeddable":true,"href":"https:\/\/staging.nbg.eu\/ro\/wp-json\/wp\/v2\/product_brand?post=577728"},{"taxonomy":"product_cat","embeddable":true,"href":"https:\/\/staging.nbg.eu\/ro\/wp-json\/wp\/v2\/product_cat?post=577728"},{"taxonomy":"product_tag","embeddable":true,"href":"https:\/\/staging.nbg.eu\/ro\/wp-json\/wp\/v2\/product_tag?post=577728"}],"curies":[{"name":"wp","href":"https:\/\/api.w.org\/{rel}","templated":true}]}}