{"id":577604,"date":"2025-10-10T16:06:59","date_gmt":"2025-10-10T13:06:59","guid":{"rendered":"https:\/\/staging.nbg.eu\/product\/polymer-magazine-556x45-mm-for-akm-rifles-10-rounds\/"},"modified":"2025-10-15T12:30:28","modified_gmt":"2025-10-15T09:30:28","slug":"incarcator-polimer-556x45-mm-pentru-pusti-akm-10-cartuse","status":"publish","type":"product","link":"https:\/\/staging.nbg.eu\/ro\/produs\/incarcator-polimer-556x45-mm-pentru-pusti-akm-10-cartuse\/","title":{"rendered":"Incarcator polimer 5,56&#215;45 mm pentru pusti AKM 10 cartuse"},"content":{"rendered":"<h2>\u00cenc\u0103rc\u0103tor din polimer pentru AK 5,56&#215;45 mm \/ .223 Rem &#8211; 10 cartu\u0219e<\/h2>\n<p>\u00cenc\u0103rc\u0103tor din polimer de la WBP Rog\u00f3w pentru pu\u0219ca AK. Conceput pentru muni\u021bie de calibru 5,56&#215;45 mm \/ .223 Rem, acest \u00eenc\u0103rc\u0103tor de 10 cartu\u0219e este compatibil cu carabinele Jack, Mini Jack, Beryl \u0219i Mini Beryl.<\/p>\n<h2>Caracteristici principale:<\/h2>\n<ul>\n<li>Construc\u021bie din polimer<\/li>\n<li>Design u\u0219or<\/li>\n<li>Corp semi-transparent pentru verificarea rapid\u0103 a muni\u021biei<\/li>\n<li>Plac\u0103 de baz\u0103 din o\u021bel<\/li>\n<\/ul>\n<h2>Specifica\u021bii tehnice:<\/h2>\n<ul>\n<li>Corp: Polimer<\/li>\n<li>Urm\u0103ritor: O\u021bel<\/li>\n<li>Calibru: 5,56&#215;45 mm \/ .223 Rem<\/li>\n<li>Capacitate: 10 cartu\u0219e<\/li>\n<li>Greutate: 103 g<\/li>\n<li>Culoare: Transparent<\/li>\n<\/ul>\n<p>Acest \u00eenc\u0103rc\u0103tor este disponibil pentru pu\u0219ca dumneavoastr\u0103 AK.<\/p>\n","protected":false},"excerpt":{"rendered":"<p>\u00cenc\u0103rc\u0103tor polimer AK, 10 cartu\u0219e, 5.56\u00d745\/.223, semi-transparent, WBP Rog\u00f3w<\/p>\n","protected":false},"featured_media":577664,"template":"","meta":{"_acf_changed":false},"product_brand":[],"product_cat":[12778,12795],"product_tag":[],"class_list":{"0":"post-577604","1":"product","2":"type-product","3":"status-publish","4":"has-post-thumbnail","6":"product_cat-incarcatoare-pusca","7":"product_cat-pusca","9":"first","10":"outofstock","11":"taxable","12":"shipping-taxable","13":"product-type-simple"},"acf":[],"_links":{"self":[{"href":"https:\/\/staging.nbg.eu\/ro\/wp-json\/wp\/v2\/product\/577604","targetHints":{"allow":["GET"]}}],"collection":[{"href":"https:\/\/staging.nbg.eu\/ro\/wp-json\/wp\/v2\/product"}],"about":[{"href":"https:\/\/staging.nbg.eu\/ro\/wp-json\/wp\/v2\/types\/product"}],"wp:featuredmedia":[{"embeddable":true,"href":"https:\/\/staging.nbg.eu\/ro\/wp-json\/wp\/v2\/media\/577664"}],"wp:attachment":[{"href":"https:\/\/staging.nbg.eu\/ro\/wp-json\/wp\/v2\/media?parent=577604"}],"wp:term":[{"taxonomy":"product_brand","embeddable":true,"href":"https:\/\/staging.nbg.eu\/ro\/wp-json\/wp\/v2\/product_brand?post=577604"},{"taxonomy":"product_cat","embeddable":true,"href":"https:\/\/staging.nbg.eu\/ro\/wp-json\/wp\/v2\/product_cat?post=577604"},{"taxonomy":"product_tag","embeddable":true,"href":"https:\/\/staging.nbg.eu\/ro\/wp-json\/wp\/v2\/product_tag?post=577604"}],"curies":[{"name":"wp","href":"https:\/\/api.w.org\/{rel}","templated":true}]}}