{"id":577335,"date":"2025-10-10T16:06:55","date_gmt":"2025-10-10T13:06:55","guid":{"rendered":"https:\/\/staging.nbg.eu\/product\/polymer-magazine-762x39-mm-for-akm-rifle-30-rounds\/"},"modified":"2025-10-15T12:27:20","modified_gmt":"2025-10-15T09:27:20","slug":"incarcator-polimer-762x39-mm-pentru-pusca-akm-30-cartuse","status":"publish","type":"product","link":"https:\/\/staging.nbg.eu\/ro\/produs\/incarcator-polimer-762x39-mm-pentru-pusca-akm-30-cartuse\/","title":{"rendered":"Incarcator polimer 7,62&#215;39 mm pentru pusca AKM 30 cartuse"},"content":{"rendered":"<div class=\"product-description\">\n<h2>\u00cenc\u0103rc\u0103tor din polimer WBP\u00ae pentru pu\u0219ti AK\/AKM &#8211; 7.62&#215;39 mm, 30 cartu\u0219e<\/h2>\n<p>\u00cenc\u0103rc\u0103tor de 30 de cartu\u0219e pentru pu\u0219ca AK\/AKM de la WBP\u00ae. Fabricat \u00een Polonia, acest \u00eenc\u0103rc\u0103tor include:<\/p>\n<ul>\n<li>Corp din polimer transparent \u0219i rezistent la impact pentru verificarea rapid\u0103 a muni\u021biei<\/li>\n<li>Design u\u0219or cu plac\u0103 de baz\u0103 din o\u021bel ranforsat<\/li>\n<li>Compatibil cu majoritatea pu\u0219tilor din platforma AK-47 \u00een calibru 7.62\u00d739 mm<\/li>\n<li>Fabrica\u021bie polonez\u0103 testat\u0103 de for\u021bele speciale<\/li>\n<\/ul>\n<p>\u00cenc\u0103rc\u0103torul din polimer WBP este potrivit pentru pu\u0219tile AK.<\/p>\n<p><strong>Specifica\u021bii:<\/strong> Calibru: 7.62&#215;39 mm | Capacitate: 30 cartu\u0219e | Material: Polimer cu plac\u0103 de baz\u0103 din o\u021bel<\/p>\n<\/div>\n","protected":false},"excerpt":{"rendered":"<p>\u00cenc\u0103rc\u0103tor transparent cu 30 de cartu\u0219e pentru AK\/AKM. Polimer durabil, baz\u0103 din o\u021bel. Calibru 7,62x39mm.<\/p>\n","protected":false},"featured_media":577493,"template":"","meta":{"_acf_changed":false},"product_brand":[],"product_cat":[12778,12795],"product_tag":[],"class_list":{"0":"post-577335","1":"product","2":"type-product","3":"status-publish","4":"has-post-thumbnail","6":"product_cat-incarcatoare-pusca","7":"product_cat-pusca","9":"first","10":"outofstock","11":"taxable","12":"shipping-taxable","13":"product-type-simple"},"acf":[],"_links":{"self":[{"href":"https:\/\/staging.nbg.eu\/ro\/wp-json\/wp\/v2\/product\/577335","targetHints":{"allow":["GET"]}}],"collection":[{"href":"https:\/\/staging.nbg.eu\/ro\/wp-json\/wp\/v2\/product"}],"about":[{"href":"https:\/\/staging.nbg.eu\/ro\/wp-json\/wp\/v2\/types\/product"}],"wp:featuredmedia":[{"embeddable":true,"href":"https:\/\/staging.nbg.eu\/ro\/wp-json\/wp\/v2\/media\/577493"}],"wp:attachment":[{"href":"https:\/\/staging.nbg.eu\/ro\/wp-json\/wp\/v2\/media?parent=577335"}],"wp:term":[{"taxonomy":"product_brand","embeddable":true,"href":"https:\/\/staging.nbg.eu\/ro\/wp-json\/wp\/v2\/product_brand?post=577335"},{"taxonomy":"product_cat","embeddable":true,"href":"https:\/\/staging.nbg.eu\/ro\/wp-json\/wp\/v2\/product_cat?post=577335"},{"taxonomy":"product_tag","embeddable":true,"href":"https:\/\/staging.nbg.eu\/ro\/wp-json\/wp\/v2\/product_tag?post=577335"}],"curies":[{"name":"wp","href":"https:\/\/api.w.org\/{rel}","templated":true}]}}