{"id":577167,"date":"2025-10-10T16:06:54","date_gmt":"2025-10-10T13:06:54","guid":{"rendered":"https:\/\/staging.nbg.eu\/product\/polymer-magazine-556x45-mm-for-akm-rifles-30-rounds\/"},"modified":"2025-10-15T12:22:39","modified_gmt":"2025-10-15T09:22:39","slug":"incarcator-polimer-556x45-mm-pentru-pusti-akm-30-cartuse","status":"publish","type":"product","link":"https:\/\/staging.nbg.eu\/ro\/produs\/incarcator-polimer-556x45-mm-pentru-pusti-akm-30-cartuse\/","title":{"rendered":"Incarcator polimer 5,56&#215;45 mm pentru pusti AKM 30 cartuse"},"content":{"rendered":"<div class=\"product-description\">\n<h2>\u00cenc\u0103rc\u0103tor WBP\u00ae din polimer pentru pu\u0219ti AKM &#8211; 5.56x45mm (30 cartu\u0219e)<\/h2>\n<p>\u00cenc\u0103rc\u0103tor de 30 de cartu\u0219e pentru pu\u0219ca AK\/AKM de la WBP\u00ae. Fabricat din polimer transparent, ofer\u0103:<\/p>\n<ul>\n<li>Verificare vizual\u0103 a muni\u021biei<\/li>\n<li>Construc\u021bie u\u0219oar\u0103 \u0219i rezistent\u0103<\/li>\n<li>Plac\u0103 de baz\u0103 din o\u021bel<\/li>\n<li>Compatibilitate cu majoritatea platformelor AK de 5.56\u00d745mm<\/li>\n<\/ul>\n<p>Proiectat \u00een Polonia \u0219i testat de for\u021bele speciale. WBP este o companie familial\u0103 care produce intern \u0219i controleaz\u0103 calitatea.<\/p>\n<p>\u00cenc\u0103rc\u0103tor pentru pu\u0219ti, potrivit pentru entuzia\u0219ti \u0219i profesioni\u0219ti.<\/p>\n<\/div>\n","protected":false},"excerpt":{"rendered":"<p>\u00cenc\u0103rc\u0103tor AKM durabil de 30 de cartu\u0219e, calibru 5.56x45mm. Polimer transparent, baz\u0103 din o\u021bel.<\/p>\n","protected":false},"featured_media":577212,"template":"","meta":{"_acf_changed":false},"product_brand":[],"product_cat":[12778,12795],"product_tag":[],"class_list":{"0":"post-577167","1":"product","2":"type-product","3":"status-publish","4":"has-post-thumbnail","6":"product_cat-incarcatoare-pusca","7":"product_cat-pusca","9":"first","10":"outofstock","11":"taxable","12":"shipping-taxable","13":"product-type-simple"},"acf":[],"_links":{"self":[{"href":"https:\/\/staging.nbg.eu\/ro\/wp-json\/wp\/v2\/product\/577167","targetHints":{"allow":["GET"]}}],"collection":[{"href":"https:\/\/staging.nbg.eu\/ro\/wp-json\/wp\/v2\/product"}],"about":[{"href":"https:\/\/staging.nbg.eu\/ro\/wp-json\/wp\/v2\/types\/product"}],"wp:featuredmedia":[{"embeddable":true,"href":"https:\/\/staging.nbg.eu\/ro\/wp-json\/wp\/v2\/media\/577212"}],"wp:attachment":[{"href":"https:\/\/staging.nbg.eu\/ro\/wp-json\/wp\/v2\/media?parent=577167"}],"wp:term":[{"taxonomy":"product_brand","embeddable":true,"href":"https:\/\/staging.nbg.eu\/ro\/wp-json\/wp\/v2\/product_brand?post=577167"},{"taxonomy":"product_cat","embeddable":true,"href":"https:\/\/staging.nbg.eu\/ro\/wp-json\/wp\/v2\/product_cat?post=577167"},{"taxonomy":"product_tag","embeddable":true,"href":"https:\/\/staging.nbg.eu\/ro\/wp-json\/wp\/v2\/product_tag?post=577167"}],"curies":[{"name":"wp","href":"https:\/\/api.w.org\/{rel}","templated":true}]}}