{"id":576846,"date":"2025-10-10T16:06:53","date_gmt":"2025-10-10T13:06:53","guid":{"rendered":"https:\/\/staging.nbg.eu\/product\/polymer-magazine-545x39-mm-fo-akm-rifles-30-rounds\/"},"modified":"2025-10-15T12:16:07","modified_gmt":"2025-10-15T09:16:07","slug":"incarcator-polimer-545x39-mm-pentru-pusti-akm-30-cartuse","status":"publish","type":"product","link":"https:\/\/staging.nbg.eu\/ro\/produs\/incarcator-polimer-545x39-mm-pentru-pusti-akm-30-cartuse\/","title":{"rendered":"Incarcator polimer 5,45&#215;39 mm pentru pusti AKM 30 cartuse"},"content":{"rendered":"<div class=\"product-description\">\n<h2>\u00cenc\u0103rc\u0103tor din polimer pentru AK 5,45&#215;39 mm &#8211; 30 cartu\u0219e<\/h2>\n<h2>\u00cenc\u0103rc\u0103tor semi-transparent WBP Rog\u00f3w<\/h2>\n<p>Acest \u00eenc\u0103rc\u0103tor din polimer de la WBP Rog\u00f3w este pentru pu\u0219ca AK-74 sau Tantal. Proiectat pentru muni\u021bie de calibru 5,45&#215;39 mm, acest \u00eenc\u0103rc\u0103tor de 30 de cartu\u0219e este fiabil.<\/p>\n<h3>Caracteristici principale:<\/h3>\n<ul>\n<li>Construc\u021bie din polimer rezistent<\/li>\n<li>Corp semi-transparent pentru verificarea rapid\u0103 a muni\u021biei<\/li>\n<li>Pl\u0103cu\u021b\u0103 de baz\u0103 ranforsat\u0103 cu o\u021bel<\/li>\n<li>Greutate de 153 grame<\/li>\n<li>Compatibil cu pu\u0219tile AK-74 \u0219i Tantal<\/li>\n<\/ul>\n<h3>Specifica\u021bii tehnice:<\/h3>\n<ul>\n<li>Calibru: 5,45&#215;39 mm<\/li>\n<li>Capacitate: 30 cartu\u0219e<\/li>\n<li>Material corp \u0219i urm\u0103ritor: Polimer<\/li>\n<li>Material pl\u0103cu\u021b\u0103 de baz\u0103: O\u021bel<\/li>\n<li>Culoare: Semi-transparent<\/li>\n<\/ul>\n<p>Acest \u00eenc\u0103rc\u0103tor din polimer WBP Rog\u00f3w este proiectat pentru platforma AK.<\/p>\n<\/div>\n","protected":false},"excerpt":{"rendered":"<p>\u00cenc\u0103rc\u0103tor AK semi-transparent cu 30 de cartu\u0219e, calibru 5.45x39mm, produs de WBP Rog\u00f3w<\/p>\n","protected":false},"featured_media":576979,"template":"","meta":{"_acf_changed":false},"product_brand":[],"product_cat":[12778,12795],"product_tag":[],"class_list":{"0":"post-576846","1":"product","2":"type-product","3":"status-publish","4":"has-post-thumbnail","6":"product_cat-incarcatoare-pusca","7":"product_cat-pusca","9":"first","10":"outofstock","11":"taxable","12":"shipping-taxable","13":"product-type-simple"},"acf":[],"_links":{"self":[{"href":"https:\/\/staging.nbg.eu\/ro\/wp-json\/wp\/v2\/product\/576846","targetHints":{"allow":["GET"]}}],"collection":[{"href":"https:\/\/staging.nbg.eu\/ro\/wp-json\/wp\/v2\/product"}],"about":[{"href":"https:\/\/staging.nbg.eu\/ro\/wp-json\/wp\/v2\/types\/product"}],"wp:featuredmedia":[{"embeddable":true,"href":"https:\/\/staging.nbg.eu\/ro\/wp-json\/wp\/v2\/media\/576979"}],"wp:attachment":[{"href":"https:\/\/staging.nbg.eu\/ro\/wp-json\/wp\/v2\/media?parent=576846"}],"wp:term":[{"taxonomy":"product_brand","embeddable":true,"href":"https:\/\/staging.nbg.eu\/ro\/wp-json\/wp\/v2\/product_brand?post=576846"},{"taxonomy":"product_cat","embeddable":true,"href":"https:\/\/staging.nbg.eu\/ro\/wp-json\/wp\/v2\/product_cat?post=576846"},{"taxonomy":"product_tag","embeddable":true,"href":"https:\/\/staging.nbg.eu\/ro\/wp-json\/wp\/v2\/product_tag?post=576846"}],"curies":[{"name":"wp","href":"https:\/\/api.w.org\/{rel}","templated":true}]}}