{"id":576651,"date":"2025-10-10T15:52:39","date_gmt":"2025-10-10T12:52:39","guid":{"rendered":"https:\/\/staging.nbg.eu\/product\/adapter-single-arta435-52-52mm\/"},"modified":"2025-10-15T12:10:50","modified_gmt":"2025-10-15T09:10:50","slug":"adaptor-simplu-arta435-52-52mm","status":"publish","type":"product","link":"https:\/\/staging.nbg.eu\/ro\/produs\/adaptor-simplu-arta435-52-52mm\/","title":{"rendered":"Adaptor simplu ARTA435-52, 52mm"},"content":{"rendered":"<div class=\"product-description\">\n<h2>Adaptor unic ARTA435-52, 52mm<\/h2>\n<p>ARTA435-52 este un adaptor cu eliberare rapid\u0103 pentru dispozitive Guide TA &amp; TB Thermal Clip-On. Acest adaptor de 52mm este pentru conectarea lunetei de zi cu dispozitivul termal clip-on.<\/p>\n<h2>Caracteristici principale:<\/h2>\n<ul>\n<li>Compatibil cu dispozitive folosind filet M33.5&#215;0.75<\/li>\n<li>Fabricat din aluminiu<\/li>\n<li>P\u0103r\u021bi mobile din o\u021bel durificat<\/li>\n<li>Acoperire intern\u0103 de protec\u021bie<\/li>\n<li>Asigur\u0103 prindere \u0219i protejeaz\u0103 optica<\/li>\n<li>Mecanism de eliberare rapid\u0103 pentru ata\u0219are u\u0219oar\u0103<\/li>\n<\/ul>\n<h2>Compatibilitate:<\/h2>\n<p>Acest adaptor este compatibil cu diverse dispozitive termale clip-on, inclusiv:<\/p>\n<ul>\n<li>Guide TB &amp; TA Series<\/li>\n<li>Athlon Cronus ATS Pro<\/li>\n<li>Burris BTC50, BTC35 v2 &amp; v3<\/li>\n<li>Steiner Nighthunter C35 Gen I &amp; Gen II<\/li>\n<li>Konus Fiery<\/li>\n<li>Nitehog Viper<\/li>\n<\/ul>\n<p>Asigura\u021bi-v\u0103 c\u0103 lentila obiectivului lunetei dvs. are un diametru exterior de 52mm \u00eenainte de achizi\u021bie. Pentru op\u021biuni alternative de montare, lua\u021bi \u00een considerare adaptoarele noastre pentru \u0219in\u0103 Picatinny disponibile \u00een diferite \u00een\u0103l\u021bimi.<\/p>\n<p>Fabricat de Rusan-Mikron, acest adaptor asigur\u0103 o potrivire \u0219i integrare cu configura\u021bia dvs. de imagistic\u0103 termal\u0103.<\/p>\n<\/div>\n","protected":false},"excerpt":{"rendered":"<p>Adaptor Rusan de 52mm pentru dispozitivele termice ata\u0219abile Guide. Cu eliberare rapid\u0103, din aluminiu.<\/p>\n","protected":false},"featured_media":576708,"template":"","meta":{"_acf_changed":false},"product_brand":[],"product_cat":[12728,12771,12726],"product_tag":[],"class_list":{"0":"post-576651","1":"product","2":"type-product","3":"status-publish","4":"has-post-thumbnail","6":"product_cat-accesorii-de-ochire","7":"product_cat-ochire","8":"product_cat-termic","10":"first","11":"outofstock","12":"taxable","13":"shipping-taxable","14":"purchasable","15":"product-type-simple"},"acf":[],"_links":{"self":[{"href":"https:\/\/staging.nbg.eu\/ro\/wp-json\/wp\/v2\/product\/576651","targetHints":{"allow":["GET"]}}],"collection":[{"href":"https:\/\/staging.nbg.eu\/ro\/wp-json\/wp\/v2\/product"}],"about":[{"href":"https:\/\/staging.nbg.eu\/ro\/wp-json\/wp\/v2\/types\/product"}],"wp:featuredmedia":[{"embeddable":true,"href":"https:\/\/staging.nbg.eu\/ro\/wp-json\/wp\/v2\/media\/576708"}],"wp:attachment":[{"href":"https:\/\/staging.nbg.eu\/ro\/wp-json\/wp\/v2\/media?parent=576651"}],"wp:term":[{"taxonomy":"product_brand","embeddable":true,"href":"https:\/\/staging.nbg.eu\/ro\/wp-json\/wp\/v2\/product_brand?post=576651"},{"taxonomy":"product_cat","embeddable":true,"href":"https:\/\/staging.nbg.eu\/ro\/wp-json\/wp\/v2\/product_cat?post=576651"},{"taxonomy":"product_tag","embeddable":true,"href":"https:\/\/staging.nbg.eu\/ro\/wp-json\/wp\/v2\/product_tag?post=576651"}],"curies":[{"name":"wp","href":"https:\/\/api.w.org\/{rel}","templated":true}]}}