{"id":575644,"date":"2025-10-10T12:35:07","date_gmt":"2025-10-10T09:35:07","guid":{"rendered":"https:\/\/staging.nbg.eu\/product\/grips-kmr-l-dotmatrix-ergo-short-for-orca-emiq-pink\/"},"modified":"2025-10-15T11:49:20","modified_gmt":"2025-10-15T08:49:20","slug":"maner-kmr-l-dotmatrix-ergo-scurt-pentru-orca-emiq-roz","status":"publish","type":"product","link":"https:\/\/staging.nbg.eu\/ro\/produs\/maner-kmr-l-dotmatrix-ergo-scurt-pentru-orca-emiq-roz\/","title":{"rendered":"MANER KMR L DOTMATRIX ERGO SCURT pentru ORCA, EMIQ ROZ"},"content":{"rendered":"<h2>M\u00c2NER KMR L DOTMATRIX ERGO SCURT pentru ORCA, EMIQ &#8211; ROZ<\/h2>\n<p>M\u00e2ner KMR L DOTMATRIX ERGO SCURT pentru ORCA, EMIQ \u00een roz. Aceste m\u00e2nere din duraluminiu au un model tip minge de golf, asigur\u00e2nd o prindere sigur\u0103.<\/p>\n<h2>Caracteristici principale:<\/h2>\n<ul>\n<li>Referin\u021b\u0103: 0611-03204-0110<\/li>\n<li>Marc\u0103: KMR Precision Arms<\/li>\n<li>Dimensiune: Scurt<\/li>\n<li>Material: Duraluminiu anodizat<\/li>\n<li>Model: Minge de golf (Dotmatrix Ergo)<\/li>\n<li>Utilizare: Cu ghidaj pentru \u00eenc\u0103rc\u0103tor<\/li>\n<li>Include: \u0218uruburi Torx<\/li>\n<\/ul>\n<p>Pentru modernizarea pistolului existent sau pentru proiectarea unei arme de competi\u021bie. Compatibil cu KMR L-02 EMIQ, KMR L-02 EMIQ (OR) \u0219i KMR L-02 ORCA (p\u00e2n\u0103 \u00een 2023).<\/p>\n","protected":false},"excerpt":{"rendered":"<p>M\u00e2nere din duraluminiu roz pentru ORCA\/EMIQ. Textur\u0103 de minge de golf. Scurte, ergonomice.<\/p>\n","protected":false},"featured_media":575680,"template":"","meta":{"_acf_changed":false},"product_brand":[],"product_cat":[12747],"product_tag":[],"class_list":{"0":"post-575644","1":"product","2":"type-product","3":"status-publish","4":"has-post-thumbnail","6":"product_cat-piese-kmr","8":"first","9":"outofstock","10":"taxable","11":"shipping-taxable","12":"purchasable","13":"product-type-simple"},"acf":[],"_links":{"self":[{"href":"https:\/\/staging.nbg.eu\/ro\/wp-json\/wp\/v2\/product\/575644","targetHints":{"allow":["GET"]}}],"collection":[{"href":"https:\/\/staging.nbg.eu\/ro\/wp-json\/wp\/v2\/product"}],"about":[{"href":"https:\/\/staging.nbg.eu\/ro\/wp-json\/wp\/v2\/types\/product"}],"wp:featuredmedia":[{"embeddable":true,"href":"https:\/\/staging.nbg.eu\/ro\/wp-json\/wp\/v2\/media\/575680"}],"wp:attachment":[{"href":"https:\/\/staging.nbg.eu\/ro\/wp-json\/wp\/v2\/media?parent=575644"}],"wp:term":[{"taxonomy":"product_brand","embeddable":true,"href":"https:\/\/staging.nbg.eu\/ro\/wp-json\/wp\/v2\/product_brand?post=575644"},{"taxonomy":"product_cat","embeddable":true,"href":"https:\/\/staging.nbg.eu\/ro\/wp-json\/wp\/v2\/product_cat?post=575644"},{"taxonomy":"product_tag","embeddable":true,"href":"https:\/\/staging.nbg.eu\/ro\/wp-json\/wp\/v2\/product_tag?post=575644"}],"curies":[{"name":"wp","href":"https:\/\/api.w.org\/{rel}","templated":true}]}}