{"id":575399,"date":"2025-10-10T12:34:58","date_gmt":"2025-10-10T09:34:58","guid":{"rendered":"https:\/\/staging.nbg.eu\/product\/grips-kmr-l-dotmatrix-short-for-orca-emiq-pink\/"},"modified":"2025-10-15T11:40:26","modified_gmt":"2025-10-15T08:40:26","slug":"maner-kmr-l-dotmatrix-scurt-pentru-orca-emiq-roz","status":"publish","type":"product","link":"https:\/\/staging.nbg.eu\/ro\/produs\/maner-kmr-l-dotmatrix-scurt-pentru-orca-emiq-roz\/","title":{"rendered":"MANER KMR L DOTMATRIX SCURT pentru ORCA, EMIQ ROZ"},"content":{"rendered":"<div class=\"product-description\">\n<h2>M\u00c2NERE KMR L DOTMATRIX SCURTE pentru ORCA, EMIQ &#8211; ROZ<\/h2>\n<p>M\u00e2nere din duraluminiu de la KMR Precision Arms. Au un model cu puncte, oferind control \u00een utilizare.<\/p>\n<ul>\n<li>Referin\u021b\u0103: 0611-03202-0110<\/li>\n<li>Culoare: Roz<\/li>\n<li>Dimensiune: Scurt<\/li>\n<li>Material: Duraluminiu anodizat<\/li>\n<li>Model: Dotmatrix (minge de golf)<\/li>\n<li>Utilizare: Cu ghidaj pentru \u00eenc\u0103rc\u0103tor<\/li>\n<li>Include: \u0218uruburi Torx<\/li>\n<\/ul>\n<p>Pentru \u00eembun\u0103t\u0103\u021birea pistolului existent sau pentru arme de competi\u021bie. Compatibil cu modelele KMR L-02 EMIQ, KMR L-02 EMIQ (OR) \u0219i KMR L-02 ORCA (p\u00e2n\u0103 \u00een 2023).<\/p>\n<p>Ofer\u0103 textur\u0103 \u0219i priz\u0103 pentru tr\u0103g\u0103tori. De la KMR Precision Arms.<\/p>\n<\/div>\n","protected":false},"excerpt":{"rendered":"<p>M\u00e2nere din duraluminiu KMR roz pentru ORCA, EMIQ. Model cu model de minge de golf, scurte.<\/p>\n","protected":false},"featured_media":575434,"template":"","meta":{"_acf_changed":false},"product_brand":[],"product_cat":[12747],"product_tag":[],"class_list":{"0":"post-575399","1":"product","2":"type-product","3":"status-publish","4":"has-post-thumbnail","6":"product_cat-piese-kmr","8":"first","9":"instock","10":"taxable","11":"shipping-taxable","12":"purchasable","13":"product-type-simple"},"acf":[],"_links":{"self":[{"href":"https:\/\/staging.nbg.eu\/ro\/wp-json\/wp\/v2\/product\/575399","targetHints":{"allow":["GET"]}}],"collection":[{"href":"https:\/\/staging.nbg.eu\/ro\/wp-json\/wp\/v2\/product"}],"about":[{"href":"https:\/\/staging.nbg.eu\/ro\/wp-json\/wp\/v2\/types\/product"}],"wp:featuredmedia":[{"embeddable":true,"href":"https:\/\/staging.nbg.eu\/ro\/wp-json\/wp\/v2\/media\/575434"}],"wp:attachment":[{"href":"https:\/\/staging.nbg.eu\/ro\/wp-json\/wp\/v2\/media?parent=575399"}],"wp:term":[{"taxonomy":"product_brand","embeddable":true,"href":"https:\/\/staging.nbg.eu\/ro\/wp-json\/wp\/v2\/product_brand?post=575399"},{"taxonomy":"product_cat","embeddable":true,"href":"https:\/\/staging.nbg.eu\/ro\/wp-json\/wp\/v2\/product_cat?post=575399"},{"taxonomy":"product_tag","embeddable":true,"href":"https:\/\/staging.nbg.eu\/ro\/wp-json\/wp\/v2\/product_tag?post=575399"}],"curies":[{"name":"wp","href":"https:\/\/api.w.org\/{rel}","templated":true}]}}