{"id":575291,"date":"2025-10-10T12:34:57","date_gmt":"2025-10-10T09:34:57","guid":{"rendered":"https:\/\/staging.nbg.eu\/product\/grips-kmr-l-waves-titan\/"},"modified":"2025-10-15T11:34:25","modified_gmt":"2025-10-15T08:34:25","slug":"maner-kmr-l-valuri-titan","status":"publish","type":"product","link":"https:\/\/staging.nbg.eu\/ro\/produs\/maner-kmr-l-valuri-titan\/","title":{"rendered":"MANER KMR L VALURI TITAN"},"content":{"rendered":"<div class=\"product-description\">\n<h2>M\u00c2NERE KMR L WAVES TITAN<\/h2>\n<p>M\u00c2NERE KMR L WAVES TITAN (Ref: 0611-05001-0107) de la KMR Precision Arms. Acestea sunt concepute pentru control \u0219i precizie, av\u00e2nd o textur\u0103 WAVES.<\/p>\n<h2>Caracteristici principale:<\/h2>\n<ul>\n<li>Compatibile cu modelele KMR L-02 SPECTRA \u0219i UMBRA<\/li>\n<li>M\u00e2ner de dimensiune complet\u0103 f\u0103r\u0103 magwell<\/li>\n<li>Textur\u0103 WAVES pentru aderen\u021b\u0103 \u00eembun\u0103t\u0103\u021bit\u0103<\/li>\n<li>Op\u021biune de culoare titan<\/li>\n<\/ul>\n<p>M\u00c2NERE KMR L WAVES TITAN ofer\u0103 precizie \u0219i confort.<\/p>\n<\/div>\n","protected":false},"excerpt":{"rendered":"<p>M\u00c2NERE KMR L WAVES TITAN: \u00cembun\u0103t\u0103\u021be\u0219te controlul \u0219i precizia \u00een culoarea titan.<\/p>\n","protected":false},"featured_media":575329,"template":"","meta":{"_acf_changed":false},"product_brand":[],"product_cat":[12747],"product_tag":[],"class_list":{"0":"post-575291","1":"product","2":"type-product","3":"status-publish","4":"has-post-thumbnail","6":"product_cat-piese-kmr","8":"first","9":"instock","10":"taxable","11":"shipping-taxable","12":"purchasable","13":"product-type-simple"},"acf":[],"_links":{"self":[{"href":"https:\/\/staging.nbg.eu\/ro\/wp-json\/wp\/v2\/product\/575291","targetHints":{"allow":["GET"]}}],"collection":[{"href":"https:\/\/staging.nbg.eu\/ro\/wp-json\/wp\/v2\/product"}],"about":[{"href":"https:\/\/staging.nbg.eu\/ro\/wp-json\/wp\/v2\/types\/product"}],"wp:featuredmedia":[{"embeddable":true,"href":"https:\/\/staging.nbg.eu\/ro\/wp-json\/wp\/v2\/media\/575329"}],"wp:attachment":[{"href":"https:\/\/staging.nbg.eu\/ro\/wp-json\/wp\/v2\/media?parent=575291"}],"wp:term":[{"taxonomy":"product_brand","embeddable":true,"href":"https:\/\/staging.nbg.eu\/ro\/wp-json\/wp\/v2\/product_brand?post=575291"},{"taxonomy":"product_cat","embeddable":true,"href":"https:\/\/staging.nbg.eu\/ro\/wp-json\/wp\/v2\/product_cat?post=575291"},{"taxonomy":"product_tag","embeddable":true,"href":"https:\/\/staging.nbg.eu\/ro\/wp-json\/wp\/v2\/product_tag?post=575291"}],"curies":[{"name":"wp","href":"https:\/\/api.w.org\/{rel}","templated":true}]}}