{"id":574867,"date":"2025-10-10T12:34:48","date_gmt":"2025-10-10T09:34:48","guid":{"rendered":"https:\/\/staging.nbg.eu\/product\/trigger-kmr-sa-da-from-2024\/"},"modified":"2025-10-15T11:24:59","modified_gmt":"2025-10-15T08:24:59","slug":"tragaci-kmr-sada-din-2024","status":"publish","type":"product","link":"https:\/\/staging.nbg.eu\/ro\/produs\/tragaci-kmr-sada-din-2024\/","title":{"rendered":"TRAGACI KMR SA\/DA (din 2024)"},"content":{"rendered":"<h2>TR\u0102GACI KMR SA\/DA (din 2024)<\/h2>\n<h2>Referin\u021b\u0103: 0861-01503-0900 | Marc\u0103: KMR Precision Arms<\/h2>\n<p>\u00cenlocui\u021bi tr\u0103gaciul pistolului KMR cu acest tr\u0103gaci de schimb. Proiectat pentru toate pistoalele KMR cu cadru de aluminiu \u0219i o\u021bel fabricate din 2024 \u00eenainte, acest tr\u0103gaci de o\u021bel SA\/DA ofer\u0103 performan\u021b\u0103 \u0219i fiabilitate.<\/p>\n<ul>\n<li>Compatibil cu pin de tr\u0103gaci de 3 mm<\/li>\n<li>Func\u021bioneaz\u0103 cu bara de tr\u0103gaci L SA\/DA sau W SA\/DA<\/li>\n<li>Form\u0103 de tr\u0103gaci standard cu caneluri pentru priz\u0103<\/li>\n<li>Se potrive\u0219te modelelor KMR L-02 SPECTRA \u0219i UMBRA (din 2024)<\/li>\n<li>Compatibil cu KMR S-01 LANCE (OR) \u0219i S-02 (p\u00e2n\u0103 \u00een 2023)<\/li>\n<li>Potrivit pentru KMR W-02 UMBRA<\/li>\n<\/ul>\n<p>\u00cembun\u0103t\u0103\u021bi\u021bi experien\u021ba de tragere cu acest tr\u0103gaci KMR.<\/p>\n","protected":false},"excerpt":{"rendered":"<p>Tr\u0103gaci de o\u021bel SA\/DA de schimb pentru pistoale KMR, cu design canelat.<\/p>\n","protected":false},"featured_media":574893,"template":"","meta":{"_acf_changed":false},"product_brand":[],"product_cat":[12747],"product_tag":[],"class_list":{"0":"post-574867","1":"product","2":"type-product","3":"status-publish","4":"has-post-thumbnail","6":"product_cat-piese-kmr","8":"first","9":"instock","10":"taxable","11":"shipping-taxable","12":"purchasable","13":"product-type-simple"},"acf":[],"_links":{"self":[{"href":"https:\/\/staging.nbg.eu\/ro\/wp-json\/wp\/v2\/product\/574867","targetHints":{"allow":["GET"]}}],"collection":[{"href":"https:\/\/staging.nbg.eu\/ro\/wp-json\/wp\/v2\/product"}],"about":[{"href":"https:\/\/staging.nbg.eu\/ro\/wp-json\/wp\/v2\/types\/product"}],"wp:featuredmedia":[{"embeddable":true,"href":"https:\/\/staging.nbg.eu\/ro\/wp-json\/wp\/v2\/media\/574893"}],"wp:attachment":[{"href":"https:\/\/staging.nbg.eu\/ro\/wp-json\/wp\/v2\/media?parent=574867"}],"wp:term":[{"taxonomy":"product_brand","embeddable":true,"href":"https:\/\/staging.nbg.eu\/ro\/wp-json\/wp\/v2\/product_brand?post=574867"},{"taxonomy":"product_cat","embeddable":true,"href":"https:\/\/staging.nbg.eu\/ro\/wp-json\/wp\/v2\/product_cat?post=574867"},{"taxonomy":"product_tag","embeddable":true,"href":"https:\/\/staging.nbg.eu\/ro\/wp-json\/wp\/v2\/product_tag?post=574867"}],"curies":[{"name":"wp","href":"https:\/\/api.w.org\/{rel}","templated":true}]}}