{"id":572767,"date":"2025-10-10T23:44:24","date_gmt":"2025-10-10T20:44:24","guid":{"rendered":"https:\/\/staging.nbg.eu\/product\/e-arthur-brown-company-inc-knob-s-lever-for-harris-type-bipods\/"},"modified":"2025-10-15T00:50:03","modified_gmt":"2025-10-14T21:50:03","slug":"e-arthur-brown-company-inc-buton-s-lever-pentru-bipozi-tip-harris","status":"publish","type":"product","link":"https:\/\/staging.nbg.eu\/ro\/produs\/e-arthur-brown-company-inc-buton-s-lever-pentru-bipozi-tip-harris\/","title":{"rendered":"E. ARTHUR BROWN COMPANY, INC. BUTON S-LEVER PENTRU BIPOZI TIP HARRIS"},"content":{"rendered":"<h2>Dispozitiv de tensionare S-Lever\u00ae de la E. Arthur Brown Company<\/h2>\n<p>\u00cembun\u0103t\u0103\u021bi\u021bi bipod-ul dvs. de tip Harris sau Caldwell XLA cu dispozitivul de tensionare S-Lever\u00ae. Acest \u00eenlocuitor pentru butonul standard de fric\u021biune ofer\u0103:<\/p>\n<ul>\n<li>Control pentru ajust\u0103ri de \u00eenclinare<\/li>\n<li>Capacit\u0103\u021bi de reglare fin\u0103 pentru pozi\u021bionare<\/li>\n<li>Construc\u021bie din nylon ranforsat cu fibr\u0103<\/li>\n<li>Design care se \u00eendoaie sau se rupe sub stres extrem<\/li>\n<li>Proces de instalare cu instruc\u021biuni incluse<\/li>\n<li>Fabricat \u00een SUA<\/li>\n<\/ul>\n<p>Conceput pentru bipod-uri Harris S-Type \u0219i Caldwell XLA, aceast\u0103 p\u00e2rghie din aluminiu negru permite ajust\u0103ri ale bipod-ului. \u00cembun\u0103t\u0103\u021bi\u021bi experien\u021ba de tragere cu dispozitivul de tensionare S-Lever\u00ae de la E. Arthur Brown Company.<\/p>\n","protected":false},"excerpt":{"rendered":"<p>P\u00e2rghie ergonomic\u0103 \u00een form\u0103 de S pentru ajustarea u\u0219oar\u0103 a \u00eenclin\u0103rii bipodului pe bipoduri de tip Harris.<\/p>\n","protected":false},"featured_media":572899,"template":"","meta":{"_acf_changed":false},"product_brand":[],"product_cat":[12788],"product_tag":[],"class_list":{"0":"post-572767","1":"product","2":"type-product","3":"status-publish","4":"has-post-thumbnail","6":"product_cat-bipoduri","8":"first","9":"instock","10":"taxable","11":"shipping-taxable","12":"purchasable","13":"product-type-simple"},"acf":[],"_links":{"self":[{"href":"https:\/\/staging.nbg.eu\/ro\/wp-json\/wp\/v2\/product\/572767","targetHints":{"allow":["GET"]}}],"collection":[{"href":"https:\/\/staging.nbg.eu\/ro\/wp-json\/wp\/v2\/product"}],"about":[{"href":"https:\/\/staging.nbg.eu\/ro\/wp-json\/wp\/v2\/types\/product"}],"wp:featuredmedia":[{"embeddable":true,"href":"https:\/\/staging.nbg.eu\/ro\/wp-json\/wp\/v2\/media\/572899"}],"wp:attachment":[{"href":"https:\/\/staging.nbg.eu\/ro\/wp-json\/wp\/v2\/media?parent=572767"}],"wp:term":[{"taxonomy":"product_brand","embeddable":true,"href":"https:\/\/staging.nbg.eu\/ro\/wp-json\/wp\/v2\/product_brand?post=572767"},{"taxonomy":"product_cat","embeddable":true,"href":"https:\/\/staging.nbg.eu\/ro\/wp-json\/wp\/v2\/product_cat?post=572767"},{"taxonomy":"product_tag","embeddable":true,"href":"https:\/\/staging.nbg.eu\/ro\/wp-json\/wp\/v2\/product_tag?post=572767"}],"curies":[{"name":"wp","href":"https:\/\/api.w.org\/{rel}","templated":true}]}}