{"id":57205,"date":"2024-02-20T20:01:55","date_gmt":"2024-09-13T14:29:40","guid":{"rendered":"https:\/\/staging.nbg.eu\/product\/geissele-ar15-super-precision-34mm-extended\/"},"modified":"2024-09-13T14:30:59","modified_gmt":"2024-09-13T14:30:59","slug":"geissele-ar15-super-precision-34mm-extins","status":"publish","type":"product","link":"https:\/\/staging.nbg.eu\/ro\/produs\/geissele-ar15-super-precision-34mm-extins\/","title":{"rendered":"Geissele AR15 Super Precision 34mm, Extins"},"content":{"rendered":"<div class=\"product-description\">\n<h2>Geissele AR15 Super Precision\u00ae 34mm, Extins<\/h2>\n<p>Suportul de lunet\u0103 Geissele Super Precision\u00ae 34mm Extins pentru AR-15\/M4 ofer\u0103 urm\u0103toarele caracteristici:<\/p>\n<ul>\n<li>7 sec\u021biuni picatinny cu 4 proeminen\u021be de fixare pentru stabilitate<\/li>\n<li>Sistem de prindere cu piuli\u021b\u0103 \u0219i \u0219urub, oferind o for\u021b\u0103 de 1.400 lbs per pereche<\/li>\n<li>Fabricat dintr-o singur\u0103 bucat\u0103 de aluminiu 7075-T6<\/li>\n<li>Rigiditate \u00eembun\u0103t\u0103\u021bit\u0103 prin decupaje \u0219i nervuri strategice<\/li>\n<li>Capace prelucrate pentru potrivirea \u0219i protec\u021bia lunetei<\/li>\n<li>Capace serializate pentru aliniere garantat\u0103<\/li>\n<li>Design compatibil cu diverse tipuri de lunete<\/li>\n<\/ul>\n<p>Suportul ofer\u0103 precizie la revenirea la zero \u0219i durabilitate.<\/p>\n<\/div>\n","protected":false},"excerpt":{"rendered":"<p>Suport pentru lunet\u0103 AR-15 de 34mm, proiectat cu precizie pentru o stabilitate incomparabil\u0103.<\/p>\n","protected":false},"featured_media":57207,"template":"","meta":{"_acf_changed":false},"product_brand":[11395],"product_cat":[12795,12733],"product_tag":[],"class_list":{"0":"post-57205","1":"product","2":"type-product","3":"status-publish","4":"has-post-thumbnail","6":"product_brand-geissele","7":"product_cat-pusca","8":"product_cat-suporturi","10":"first","11":"instock","12":"taxable","13":"shipping-taxable","14":"product-type-variable","15":"wvs-archive-product-wrapper"},"acf":[],"_links":{"self":[{"href":"https:\/\/staging.nbg.eu\/ro\/wp-json\/wp\/v2\/product\/57205","targetHints":{"allow":["GET"]}}],"collection":[{"href":"https:\/\/staging.nbg.eu\/ro\/wp-json\/wp\/v2\/product"}],"about":[{"href":"https:\/\/staging.nbg.eu\/ro\/wp-json\/wp\/v2\/types\/product"}],"wp:featuredmedia":[{"embeddable":true,"href":"https:\/\/staging.nbg.eu\/ro\/wp-json\/wp\/v2\/media\/57207"}],"wp:attachment":[{"href":"https:\/\/staging.nbg.eu\/ro\/wp-json\/wp\/v2\/media?parent=57205"}],"wp:term":[{"taxonomy":"product_brand","embeddable":true,"href":"https:\/\/staging.nbg.eu\/ro\/wp-json\/wp\/v2\/product_brand?post=57205"},{"taxonomy":"product_cat","embeddable":true,"href":"https:\/\/staging.nbg.eu\/ro\/wp-json\/wp\/v2\/product_cat?post=57205"},{"taxonomy":"product_tag","embeddable":true,"href":"https:\/\/staging.nbg.eu\/ro\/wp-json\/wp\/v2\/product_tag?post=57205"}],"curies":[{"name":"wp","href":"https:\/\/api.w.org\/{rel}","templated":true}]}}