{"id":56784,"date":"2024-02-20T20:12:58","date_gmt":"2024-09-13T13:32:30","guid":{"rendered":"https:\/\/staging.nbg.eu\/product\/geissele-super-precision-scope-mount-30mm-for-ar-15-vortex-1-6\/"},"modified":"2024-09-13T13:33:29","modified_gmt":"2024-09-13T13:33:29","slug":"geissele-montaj-luneta-super-precision-30mm-pentru-ar-15-vortex-1-6","status":"publish","type":"product","link":"https:\/\/staging.nbg.eu\/ro\/produs\/geissele-montaj-luneta-super-precision-30mm-pentru-ar-15-vortex-1-6\/","title":{"rendered":"Geissele Montaj Luneta Super Precision 30mm, pentru AR-15 (Vortex 1-6)"},"content":{"rendered":"<div class=\"description-text\">\n<div class=\"exerpt\">\n<p>Acest suport de lunet\u0103 AR-15 face parte din seria certificat\u0103 Geissele SOPMOD \u0219i include produse Geissele utilizate de unit\u0103\u021bi militare \u0219i antiteroriste de elit\u0103 din cadrul Comandamentului Opera\u021biunilor Speciale ale SUA (USSOCOM). SOPMOD este un program USSOCOM care permite personalului Opera\u021biunilor Speciale s\u0103 \u00ee\u0219i configureze armele conform preferin\u021belor individuale \u0219i cerin\u021belor misiunii. Programul este un sistem de accesorii aprobat pentru carabina M4A1, FN SCAR Mk 16\/17 \u0219i alte arme utilizate de USSOCOM. Fiecare produs Geissele oferit \u00een linia seriei SOPMOD a fost supus testelor riguroase \u0219i certific\u0103rii guvernamentale SUA de c\u0103tre USSOCOM. Aceste suporturi optice sunt prelucrate dintr-un singur bloc de aluminiu de calitate aeronautic\u0103 7075-T6 de 2 kg.<\/p>\n<p>Capacele de lunet\u0103, individualizate cu num\u0103r de serie, sunt g\u0103urite \u00een linie cu corpul \u0219i create \u00eentr-o singur\u0103 opera\u021biune, asigur\u00e2nd cea mai bun\u0103 potrivire cu corpul opticii. Suporturile Geissele sunt fixate folosind sistemul clasic cu piuli\u021b\u0103 \u0219i clem\u0103, care ofer\u0103 o for\u021b\u0103 de str\u00e2ngere de 635 kg per piuli\u021b\u0103. Acest sistem ofer\u0103 o for\u021b\u0103 de str\u00e2ngere de p\u00e2n\u0103 la 3 ori mai mare dec\u00e2t orice sistem cu p\u00e2rghie, \u00een timp ce protuberan\u021bele de forfecare prelucrate cu precizie ajut\u0103 la fixarea opticii pe receptor \u00een timpul reculului. Suprafa\u021ba de montare acoper\u0103 8 sec\u021biuni picatinny.<\/p>\n<h2 style=\"text-align: center\"><strong>&#8211; SPECIFICA\u021aII &#8211;<\/strong><\/h2>\n<table border=\"1\">\n<tbody>\n<tr>\n<td><strong>MATERIAL: <\/strong><\/td>\n<td> 7075-T6<\/td>\n<\/tr>\n<tr>\n<td><strong>CULOARE: <\/strong><\/td>\n<td> Negru<\/td>\n<\/tr>\n<tr>\n<td><strong>FINISAJ: <\/strong><\/td>\n<td> Anodizare dur\u0103 tip 3<\/td>\n<\/tr>\n<tr>\n<td><strong>GREUTATE: <\/strong><\/td>\n<td> 201 g<\/td>\n<\/tr>\n<tr>\n<td><strong>DIMENSIUNE INEL: <\/strong><\/td>\n<td> 30mm<\/td>\n<\/tr>\n<\/tbody>\n<\/table>\n<\/div>\n<\/div>\n","protected":false},"excerpt":{"rendered":"<p><strong>Parte din seria certificat\u0103 Geissele SOPMOD<\/strong><\/p>\n","protected":false},"featured_media":56785,"template":"","meta":{"_acf_changed":false},"product_brand":[11395],"product_cat":[12795,12733],"product_tag":[],"class_list":{"0":"post-56784","1":"product","2":"type-product","3":"status-publish","4":"has-post-thumbnail","6":"product_brand-geissele","7":"product_cat-pusca","8":"product_cat-suporturi","10":"first","11":"instock","12":"taxable","13":"shipping-taxable","14":"product-type-variable","15":"wvs-archive-product-wrapper"},"acf":[],"_links":{"self":[{"href":"https:\/\/staging.nbg.eu\/ro\/wp-json\/wp\/v2\/product\/56784","targetHints":{"allow":["GET"]}}],"collection":[{"href":"https:\/\/staging.nbg.eu\/ro\/wp-json\/wp\/v2\/product"}],"about":[{"href":"https:\/\/staging.nbg.eu\/ro\/wp-json\/wp\/v2\/types\/product"}],"wp:featuredmedia":[{"embeddable":true,"href":"https:\/\/staging.nbg.eu\/ro\/wp-json\/wp\/v2\/media\/56785"}],"wp:attachment":[{"href":"https:\/\/staging.nbg.eu\/ro\/wp-json\/wp\/v2\/media?parent=56784"}],"wp:term":[{"taxonomy":"product_brand","embeddable":true,"href":"https:\/\/staging.nbg.eu\/ro\/wp-json\/wp\/v2\/product_brand?post=56784"},{"taxonomy":"product_cat","embeddable":true,"href":"https:\/\/staging.nbg.eu\/ro\/wp-json\/wp\/v2\/product_cat?post=56784"},{"taxonomy":"product_tag","embeddable":true,"href":"https:\/\/staging.nbg.eu\/ro\/wp-json\/wp\/v2\/product_tag?post=56784"}],"curies":[{"name":"wp","href":"https:\/\/api.w.org\/{rel}","templated":true}]}}