{"id":56543,"date":"2024-02-20T20:21:46","date_gmt":"2024-09-13T13:27:01","guid":{"rendered":"https:\/\/staging.nbg.eu\/product\/geissele-super-precision-zero-compromise-scope-mount-36mm-black\/"},"modified":"2024-09-13T13:27:58","modified_gmt":"2024-09-13T13:27:58","slug":"geissele-super-precision-montaj-luneta-zero-compromise-36mm-negru","status":"publish","type":"product","link":"https:\/\/staging.nbg.eu\/ro\/produs\/geissele-super-precision-montaj-luneta-zero-compromise-36mm-negru\/","title":{"rendered":"Geissele Super Precision &#8211; Montaj Luneta Zero Compromise, 36mm &#8211; Negru"},"content":{"rendered":"<div class=\"product-description\">\n<h2>Geissele Super Precision\u00ae &#8211; Suport pentru lunet\u0103 Zero Compromise, 36mm &#8211; Negru<\/h2>\n<p>Proiectat pentru seria de optic\u0103 ZC420 Zero Compromise, acest suport este conceput pentru tr\u0103g\u0103torii de precizie la distan\u021be lungi. Caracteristici:<\/p>\n<ul>\n<li>\u00cenclinare \u00eencorporat\u0103 de 20 MOA (5,7 MIL) pentru intervale de eleva\u021bie extinse<\/li>\n<li>Design cantilever extins de 2,5&#8243; pentru distan\u021b\u0103 optim\u0103 fa\u021b\u0103 de ochi<\/li>\n<li>Elemente de fixare prelucrate cu precizie pentru stabilitate<\/li>\n<li>1.400 lbs for\u021b\u0103 de str\u00e2ngere folosind sistemul actualizat de piuli\u021be \u0219i \u0219uruburi Geissele<\/li>\n<li>Instalare \u0219i demontare rapid\u0103 cu unelte obi\u0219nuite<\/li>\n<li>Capacitate de revenire la zero<\/li>\n<li>Amprent\u0103 compact\u0103 pentru durabilitate \u0219i performan\u021b\u0103<\/li>\n<\/ul>\n<p>Suportul pentru lunet\u0103 Geissele Super Precision\u00ae Zero Compromise ofer\u0103 precizie \u0219i fiabilitate.<\/p>\n<\/div>\n","protected":false},"excerpt":{"rendered":"<p>Suport robust de 36mm pentru lunet\u0103, destinat tirului de precizie la distan\u021be extrem de mari.<\/p>\n","protected":false},"featured_media":56544,"template":"","meta":{"_acf_changed":false},"product_brand":[11395],"product_cat":[12795,12733],"product_tag":[],"class_list":{"0":"post-56543","1":"product","2":"type-product","3":"status-publish","4":"has-post-thumbnail","6":"product_brand-geissele","7":"product_cat-pusca","8":"product_cat-suporturi","10":"first","11":"instock","12":"taxable","13":"shipping-taxable","14":"product-type-simple"},"acf":[],"_links":{"self":[{"href":"https:\/\/staging.nbg.eu\/ro\/wp-json\/wp\/v2\/product\/56543","targetHints":{"allow":["GET"]}}],"collection":[{"href":"https:\/\/staging.nbg.eu\/ro\/wp-json\/wp\/v2\/product"}],"about":[{"href":"https:\/\/staging.nbg.eu\/ro\/wp-json\/wp\/v2\/types\/product"}],"wp:featuredmedia":[{"embeddable":true,"href":"https:\/\/staging.nbg.eu\/ro\/wp-json\/wp\/v2\/media\/56544"}],"wp:attachment":[{"href":"https:\/\/staging.nbg.eu\/ro\/wp-json\/wp\/v2\/media?parent=56543"}],"wp:term":[{"taxonomy":"product_brand","embeddable":true,"href":"https:\/\/staging.nbg.eu\/ro\/wp-json\/wp\/v2\/product_brand?post=56543"},{"taxonomy":"product_cat","embeddable":true,"href":"https:\/\/staging.nbg.eu\/ro\/wp-json\/wp\/v2\/product_cat?post=56543"},{"taxonomy":"product_tag","embeddable":true,"href":"https:\/\/staging.nbg.eu\/ro\/wp-json\/wp\/v2\/product_tag?post=56543"}],"curies":[{"name":"wp","href":"https:\/\/api.w.org\/{rel}","templated":true}]}}