{"id":56333,"date":"2024-02-24T19:06:55","date_gmt":"2024-09-13T13:21:27","guid":{"rendered":"https:\/\/staging.nbg.eu\/product\/fox-classic-hunter-6-mm-80100-gr\/"},"modified":"2024-09-13T13:22:31","modified_gmt":"2024-09-13T13:22:31","slug":"fox-classic-hunter-6-mm-80100-gr","status":"publish","type":"product","link":"https:\/\/staging.nbg.eu\/ro\/produs\/fox-classic-hunter-6-mm-80100-gr\/","title":{"rendered":"Fox Classic Hunter 6 mm (80,100 gr)"},"content":{"rendered":"<div class=\"product-description\">\n<h2>Fox Classic Hunter<\/h2>\n<p>Fox Classic Hunter este un glon\u021b f\u0103r\u0103 plumb conceput pentru v\u00e2n\u0103torii europeni \u00een diverse scenarii de v\u00e2n\u0103toare. Este potrivit pentru v\u00e2n\u0103toarea de mistre\u021bi sau pentru v\u00e2n\u0103toarea de capre negre \u00een mun\u021bi. Acest glon\u021b din aliaj de cupru \u0219i zinc ofer\u0103 performan\u021b\u0103.<\/p>\n<ul>\n<li>Compozi\u021bie f\u0103r\u0103 plumb pentru protec\u021bia mediului<\/li>\n<li>Deformare la viteze de impact mai mici (500 m\/s)<\/li>\n<li>Design cu caneluri pentru presiune redus\u0103 \u00een \u021beav\u0103 \u0219i vitez\u0103 crescut\u0103<\/li>\n<li>V\u00e2rf de plastic termo-stabil pentru \u00eembun\u0103t\u0103\u021birea balisticii \u0219i efectului terminal<\/li>\n<li>Expansiune controlat\u0103 pentru transfer optim de energie<\/li>\n<li>Deformare \u00een form\u0103 de ciuperc\u0103 p\u00e2n\u0103 la de dou\u0103 ori diametrul calibrului<\/li>\n<li>Putere de oprire cu deteriorare minim\u0103 a c\u0103rnii<\/li>\n<\/ul>\n<p>Fox Classic Hunter este o alegere pentru v\u00e2n\u0103toarea eficient\u0103 \u00een Europa.<\/p>\n<\/div>\n","protected":false},"excerpt":{"rendered":"<p>Glon\u021b din aliaj de cupru-zinc f\u0103r\u0103 plumb pentru v\u00e2n\u0103toare versatil\u0103. Expansiune rapid\u0103, precizie ridicat\u0103.<\/p>\n","protected":false},"featured_media":56334,"template":"","meta":{"_acf_changed":false},"product_brand":[11350],"product_cat":[12791],"product_tag":[],"class_list":{"0":"post-56333","1":"product","2":"type-product","3":"status-publish","4":"has-post-thumbnail","6":"product_brand-fox-bullets","7":"product_cat-reincarcare","9":"first","10":"instock","11":"taxable","12":"shipping-taxable","13":"purchasable","14":"product-type-variable","15":"wvs-archive-product-wrapper"},"acf":[],"_links":{"self":[{"href":"https:\/\/staging.nbg.eu\/ro\/wp-json\/wp\/v2\/product\/56333","targetHints":{"allow":["GET"]}}],"collection":[{"href":"https:\/\/staging.nbg.eu\/ro\/wp-json\/wp\/v2\/product"}],"about":[{"href":"https:\/\/staging.nbg.eu\/ro\/wp-json\/wp\/v2\/types\/product"}],"wp:featuredmedia":[{"embeddable":true,"href":"https:\/\/staging.nbg.eu\/ro\/wp-json\/wp\/v2\/media\/56334"}],"wp:attachment":[{"href":"https:\/\/staging.nbg.eu\/ro\/wp-json\/wp\/v2\/media?parent=56333"}],"wp:term":[{"taxonomy":"product_brand","embeddable":true,"href":"https:\/\/staging.nbg.eu\/ro\/wp-json\/wp\/v2\/product_brand?post=56333"},{"taxonomy":"product_cat","embeddable":true,"href":"https:\/\/staging.nbg.eu\/ro\/wp-json\/wp\/v2\/product_cat?post=56333"},{"taxonomy":"product_tag","embeddable":true,"href":"https:\/\/staging.nbg.eu\/ro\/wp-json\/wp\/v2\/product_tag?post=56333"}],"curies":[{"name":"wp","href":"https:\/\/api.w.org\/{rel}","templated":true}]}}