{"id":55798,"date":"2024-02-28T06:01:20","date_gmt":"2024-02-28T06:01:20","guid":{"rendered":"https:\/\/staging.nbg.eu\/product\/fox-classic-hunter-9-3-mm-220-gr\/"},"modified":"2024-09-13T13:17:44","modified_gmt":"2024-09-13T13:17:44","slug":"12-bore-tech-proof-positive-shotgun-jag-shotgun-jag-varfjag-pentru-sotuet","status":"publish","type":"product","link":"https:\/\/staging.nbg.eu\/ro\/produs\/12-bore-tech-proof-positive-shotgun-jag-shotgun-jag-varfjag-pentru-sotuet\/","title":{"rendered":"12. &#8222;Bore Tech Proof-Positive Shotgun Jag&#8221; &#8211; Shotgun Jag = V\u00e2rf\/Jag pentru \u0218otuet"},"content":{"rendered":"<div class=\"product-description\">\n<h2>Fox Classic Hunter<\/h2>\n<p>Fox Classic Hunter este un glon\u021b f\u0103r\u0103 plumb conceput pentru v\u00e2n\u0103torii europeni care se confrunt\u0103 cu diverse scenarii de v\u00e2n\u0103toare. Acest glon\u021b din aliaj de cupru-zinc ofer\u0103 performan\u021b\u0103 \u00een v\u00e2n\u0103toarea de mistre\u021bi sau \u00een v\u00e2n\u0103toarea de capre negre \u00een mun\u021bi.<\/p>\n<ul>\n<li>Compozi\u021bie f\u0103r\u0103 plumb<\/li>\n<li>Deformare eficient\u0103 la viteze de impact mai mici (500 m\/s)<\/li>\n<li>Design cu caneluri pentru presiune redus\u0103 \u00een \u021beav\u0103 \u0219i vitez\u0103 crescut\u0103<\/li>\n<li>V\u00e2rf din plastic termostabil pentru balistic\u0103 \u0219i efect terminal<\/li>\n<li>Expandare controlat\u0103 pentru transfer optim de energie<\/li>\n<li>Deformare \u00een form\u0103 de ciuperc\u0103 p\u00e2n\u0103 la de dou\u0103 ori diametrul calibrului<\/li>\n<li>Putere de oprire cu deteriorare minim\u0103 a c\u0103rnii<\/li>\n<\/ul>\n<p>Fox Classic Hunter este o op\u021biune pentru v\u00e2n\u0103toarea etic\u0103 \u0219i eficient\u0103 \u00een Europa.<\/p>\n<\/div>\n","protected":false},"excerpt":{"rendered":"<p>Glon\u021b din cupru-zinc f\u0103r\u0103 plumb pentru v\u00e2n\u0103toare versatil\u0103. Expansiune rapid\u0103, precizie ridicat\u0103.<\/p>\n","protected":false},"featured_media":55799,"template":"","meta":{"_acf_changed":false},"product_brand":[11350],"product_cat":[12791],"product_tag":[],"class_list":{"0":"post-55798","1":"product","2":"type-product","3":"status-publish","4":"has-post-thumbnail","6":"product_brand-fox-bullets","7":"product_cat-reincarcare","9":"first","10":"instock","11":"taxable","12":"shipping-taxable","13":"purchasable","14":"product-type-simple"},"acf":[],"_links":{"self":[{"href":"https:\/\/staging.nbg.eu\/ro\/wp-json\/wp\/v2\/product\/55798","targetHints":{"allow":["GET"]}}],"collection":[{"href":"https:\/\/staging.nbg.eu\/ro\/wp-json\/wp\/v2\/product"}],"about":[{"href":"https:\/\/staging.nbg.eu\/ro\/wp-json\/wp\/v2\/types\/product"}],"wp:featuredmedia":[{"embeddable":true,"href":"https:\/\/staging.nbg.eu\/ro\/wp-json\/wp\/v2\/media\/55799"}],"wp:attachment":[{"href":"https:\/\/staging.nbg.eu\/ro\/wp-json\/wp\/v2\/media?parent=55798"}],"wp:term":[{"taxonomy":"product_brand","embeddable":true,"href":"https:\/\/staging.nbg.eu\/ro\/wp-json\/wp\/v2\/product_brand?post=55798"},{"taxonomy":"product_cat","embeddable":true,"href":"https:\/\/staging.nbg.eu\/ro\/wp-json\/wp\/v2\/product_cat?post=55798"},{"taxonomy":"product_tag","embeddable":true,"href":"https:\/\/staging.nbg.eu\/ro\/wp-json\/wp\/v2\/product_tag?post=55798"}],"curies":[{"name":"wp","href":"https:\/\/api.w.org\/{rel}","templated":true}]}}