{"id":554292,"date":"2025-09-06T16:21:27","date_gmt":"2025-09-06T13:21:27","guid":{"rendered":"https:\/\/staging.nbg.eu\/product\/armazone-q-r-viper-30mm\/"},"modified":"2025-10-01T16:26:37","modified_gmt":"2025-10-01T13:26:37","slug":"cadru-q-r-viper-48mm","status":"publish","type":"product","link":"https:\/\/staging.nbg.eu\/ro\/produs\/cadru-q-r-viper-48mm\/","title":{"rendered":"Cadru Q-R Viper 48mm"},"content":{"rendered":"<h2>Armazone Q-R Viper 30mm<\/h2>\n<p>Armazone Q-R Viper 30mm este un adaptor QR conceput pentru dispozitive cu filet M33.5\u00d70.75. Acest adaptor de prindere dintr-o singur\u0103 pies\u0103 permite integrarea dispozitivelor de vedere nocturn\u0103 sau termice cu o gam\u0103 larg\u0103 de lunete de zi.<\/p>\n<h2>Caracteristici principale:<\/h2>\n<ul>\n<li>P\u00e2rghie cu blocare rapid\u0103 pentru montare \u0219i demontare u\u0219oar\u0103<\/li>\n<li>Ajustare \u0219i instalare f\u0103r\u0103 unelte<\/li>\n<li>Band\u0103 special\u0103 ArmaZone pentru reducerea zgomotului \u00een timpul mont\u0103rii \u0219i tragerii<\/li>\n<li>Compatibil cu dispozitivele termice Nitehog<\/li>\n<li>Compenseaz\u0103 p\u00e2n\u0103 la 1mm deflexiune \u00een jos<\/li>\n<\/ul>\n<p>Armazone Q-R Viper 30mm este o solu\u021bie pentru tr\u0103g\u0103torii profesioni\u0219ti \u0219i v\u00e2n\u0103torii care caut\u0103 capacit\u0103\u021bi \u00eembun\u0103t\u0103\u021bite pe timp de noapte.<\/p>\n","protected":false},"excerpt":{"rendered":"<p>Adaptor cu blocare rapid\u0103 pentru dispozitive termice pe lunete Nitehog. F\u0103r\u0103 unelte.<\/p>\n","protected":false},"featured_media":499543,"template":"","meta":{"_acf_changed":false},"product_brand":[],"product_cat":[12728,12771,12726],"product_tag":[],"class_list":{"0":"post-554292","1":"product","2":"type-product","3":"status-publish","4":"has-post-thumbnail","6":"product_cat-accesorii-de-ochire","7":"product_cat-ochire","8":"product_cat-termic","10":"first","11":"instock","12":"taxable","13":"shipping-taxable","14":"purchasable","15":"product-type-simple"},"acf":[],"_links":{"self":[{"href":"https:\/\/staging.nbg.eu\/ro\/wp-json\/wp\/v2\/product\/554292","targetHints":{"allow":["GET"]}}],"collection":[{"href":"https:\/\/staging.nbg.eu\/ro\/wp-json\/wp\/v2\/product"}],"about":[{"href":"https:\/\/staging.nbg.eu\/ro\/wp-json\/wp\/v2\/types\/product"}],"wp:featuredmedia":[{"embeddable":true,"href":"https:\/\/staging.nbg.eu\/ro\/wp-json\/wp\/v2\/media\/499543"}],"wp:attachment":[{"href":"https:\/\/staging.nbg.eu\/ro\/wp-json\/wp\/v2\/media?parent=554292"}],"wp:term":[{"taxonomy":"product_brand","embeddable":true,"href":"https:\/\/staging.nbg.eu\/ro\/wp-json\/wp\/v2\/product_brand?post=554292"},{"taxonomy":"product_cat","embeddable":true,"href":"https:\/\/staging.nbg.eu\/ro\/wp-json\/wp\/v2\/product_cat?post=554292"},{"taxonomy":"product_tag","embeddable":true,"href":"https:\/\/staging.nbg.eu\/ro\/wp-json\/wp\/v2\/product_tag?post=554292"}],"curies":[{"name":"wp","href":"https:\/\/api.w.org\/{rel}","templated":true}]}}