{"id":55039,"date":"2024-03-01T10:28:01","date_gmt":"2024-09-13T13:08:35","guid":{"rendered":"https:\/\/staging.nbg.eu\/product\/fox-ammunition-300winmag\/"},"modified":"2024-09-13T13:09:41","modified_gmt":"2024-09-13T13:09:41","slug":"8-bronze-spiral-shotgun-brush-bronze-bronz-spiral-spirala-shotgun-brush-perie-pentru-sotuet","status":"publish","type":"product","link":"https:\/\/staging.nbg.eu\/ro\/produs\/8-bronze-spiral-shotgun-brush-bronze-bronz-spiral-spirala-shotgun-brush-perie-pentru-sotuet\/","title":{"rendered":"8. &#8222;BRONZE SPIRAL SHOTGUN BRUSH&#8221; &#8211; Bronze = Bronz, Spiral = Spiral\u0103, Shotgun Brush = Perie pentru \u0218otuet"},"content":{"rendered":"<div class=\"product-description\">\n<h2>Muni\u021bie Fox Classic Hunter<\/h2>\n<p>Gloan\u021bele Fox Classic Hunter sunt f\u0103r\u0103 plumb, concepute pentru toate scenariile de v\u00e2n\u0103toare european\u0103. Fabricate din aliaj de cupru-zinc, ele ofer\u0103:<\/p>\n<ul>\n<li>Performan\u021b\u0103 \u00een v\u00e2n\u0103toarea de mistre\u021bi la distan\u021b\u0103 mic\u0103 \u0219i la \u00eempu\u0219c\u0103turi la distan\u021b\u0103 mare \u00een mun\u021bi<\/li>\n<li>Deformare la viteze de impact mai mici (500 m\/s)<\/li>\n<li>Design cu caneluri pentru presiune redus\u0103 \u00een \u021beav\u0103 \u0219i vitez\u0103 crescut\u0103<\/li>\n<li>V\u00e2rf din plastic termostabil pentru balistic\u0103 \u0219i efect terminal \u00eembun\u0103t\u0103\u021bite<\/li>\n<li>Expansiune controlat\u0103 pentru transfer de energie \u0219i putere de oprire<\/li>\n<li>Deformare tip ciuperc\u0103 p\u00e2n\u0103 la dublul diametrului calibrului<\/li>\n<li>Reten\u021bie de mas\u0103 de peste 95% \u00een condi\u021bii normale de penetrare<\/li>\n<li>Conservare bun\u0103 a c\u0103rnii<\/li>\n<\/ul>\n<p>Muni\u021bia Fox Classic Hunter ofer\u0103 performan\u021b\u0103 \u0219i v\u00e2n\u0103toare etic\u0103.<\/p>\n<\/div>\n","protected":false},"excerpt":{"rendered":"<p>Muni\u021bie f\u0103r\u0103 plumb pentru v\u00e2n\u0103toare european\u0103 versatil\u0103. Precis\u0103 \u0219i eficient\u0103.<\/p>\n","protected":false},"featured_media":55040,"template":"","meta":{"_acf_changed":false},"product_brand":[11350],"product_cat":[12770,12807],"product_tag":[],"class_list":{"0":"post-55039","1":"product","2":"type-product","3":"status-publish","4":"has-post-thumbnail","6":"product_brand-fox-bullets","7":"product_cat-munitie","8":"product_cat-munitie-pusca","10":"first","11":"instock","12":"taxable","13":"shipping-taxable","14":"purchasable","15":"product-type-simple"},"acf":[],"_links":{"self":[{"href":"https:\/\/staging.nbg.eu\/ro\/wp-json\/wp\/v2\/product\/55039","targetHints":{"allow":["GET"]}}],"collection":[{"href":"https:\/\/staging.nbg.eu\/ro\/wp-json\/wp\/v2\/product"}],"about":[{"href":"https:\/\/staging.nbg.eu\/ro\/wp-json\/wp\/v2\/types\/product"}],"wp:featuredmedia":[{"embeddable":true,"href":"https:\/\/staging.nbg.eu\/ro\/wp-json\/wp\/v2\/media\/55040"}],"wp:attachment":[{"href":"https:\/\/staging.nbg.eu\/ro\/wp-json\/wp\/v2\/media?parent=55039"}],"wp:term":[{"taxonomy":"product_brand","embeddable":true,"href":"https:\/\/staging.nbg.eu\/ro\/wp-json\/wp\/v2\/product_brand?post=55039"},{"taxonomy":"product_cat","embeddable":true,"href":"https:\/\/staging.nbg.eu\/ro\/wp-json\/wp\/v2\/product_cat?post=55039"},{"taxonomy":"product_tag","embeddable":true,"href":"https:\/\/staging.nbg.eu\/ro\/wp-json\/wp\/v2\/product_tag?post=55039"}],"curies":[{"name":"wp","href":"https:\/\/api.w.org\/{rel}","templated":true}]}}