{"id":54977,"date":"2024-03-01T10:36:26","date_gmt":"2024-03-01T10:36:26","guid":{"rendered":"https:\/\/staging.nbg.eu\/product\/fox-ammunition-93x62-220-gr\/"},"modified":"2024-09-13T13:08:15","modified_gmt":"2024-09-13T13:08:15","slug":"7-bore-tech-alloy-shotgun-stix-36-alloy-aliaj-shotgun-pusca-de-vanatoaresotuet-stix-bettija","status":"publish","type":"product","link":"https:\/\/staging.nbg.eu\/ro\/produs\/7-bore-tech-alloy-shotgun-stix-36-alloy-aliaj-shotgun-pusca-de-vanatoaresotuet-stix-bettija\/","title":{"rendered":"7. &#8222;Bore Tech Alloy Shotgun Stix 36&#8243;&#8221; &#8211; Alloy = Aliaj, Shotgun = Pu\u0219c\u0103 de V\u00e2n\u0103toare\/\u0218otuet, Stix = Be\u021b\/Tij\u0103"},"content":{"rendered":"<div class=\"product-description\">\n<h2>Muni\u021bie Fox Classic Hunter<\/h2>\n<p>Gloan\u021bele Fox Classic Hunter sunt f\u0103r\u0103 plumb, concepute pentru toate scenariile de v\u00e2n\u0103toare europene. Fabricate din aliaj de cupru-zinc, ele ofer\u0103:<\/p>\n<ul>\n<li>Performan\u021b\u0103 \u00een v\u00e2n\u0103toarea de mistre\u021bi la distan\u021b\u0103 mic\u0103 p\u00e2n\u0103 la trageri la distan\u021b\u0103 mare \u00een mun\u021bi<\/li>\n<li>Deformare fiabil\u0103 la viteze de impact mai mici (500 m\/s)<\/li>\n<li>Design cu caneluri pentru presiune redus\u0103 \u00een \u021beav\u0103 \u0219i vitez\u0103 m\u0103rit\u0103<\/li>\n<li>V\u00e2rf de plastic termostabil pentru balistic\u0103 \u0219i efect terminal \u00eembun\u0103t\u0103\u021bite<\/li>\n<li>Expansiune controlat\u0103 pentru transfer de energie \u0219i putere de oprire<\/li>\n<li>Deformare \u00een form\u0103 de ciuperc\u0103 p\u00e2n\u0103 la dublul diametrului calibrului<\/li>\n<li>Reten\u021bie de mas\u0103 de peste 95% \u00een condi\u021bii normale de penetrare<\/li>\n<li>Conservare bun\u0103 a c\u0103rnii<\/li>\n<\/ul>\n<p>Muni\u021bia Fox Classic Hunter ofer\u0103 performan\u021b\u0103 \u0219i v\u00e2n\u0103toare etic\u0103.<\/p>\n<\/div>\n","protected":false},"excerpt":{"rendered":"<p>Muni\u021bie f\u0103r\u0103 plumb pentru v\u00e2n\u0103toare european\u0103 versatil\u0103. Precis\u0103 \u0219i eficient\u0103.<\/p>\n","protected":false},"featured_media":54978,"template":"","meta":{"_acf_changed":false},"product_brand":[11350],"product_cat":[12780,12770,12807],"product_tag":[],"class_list":{"0":"post-54977","1":"product","2":"type-product","3":"status-publish","4":"has-post-thumbnail","6":"product_brand-fox-bullets","7":"product_cat-licentiat","8":"product_cat-munitie","9":"product_cat-munitie-pusca","11":"first","12":"instock","13":"taxable","14":"shipping-taxable","15":"purchasable","16":"product-type-simple"},"acf":[],"_links":{"self":[{"href":"https:\/\/staging.nbg.eu\/ro\/wp-json\/wp\/v2\/product\/54977","targetHints":{"allow":["GET"]}}],"collection":[{"href":"https:\/\/staging.nbg.eu\/ro\/wp-json\/wp\/v2\/product"}],"about":[{"href":"https:\/\/staging.nbg.eu\/ro\/wp-json\/wp\/v2\/types\/product"}],"wp:featuredmedia":[{"embeddable":true,"href":"https:\/\/staging.nbg.eu\/ro\/wp-json\/wp\/v2\/media\/54978"}],"wp:attachment":[{"href":"https:\/\/staging.nbg.eu\/ro\/wp-json\/wp\/v2\/media?parent=54977"}],"wp:term":[{"taxonomy":"product_brand","embeddable":true,"href":"https:\/\/staging.nbg.eu\/ro\/wp-json\/wp\/v2\/product_brand?post=54977"},{"taxonomy":"product_cat","embeddable":true,"href":"https:\/\/staging.nbg.eu\/ro\/wp-json\/wp\/v2\/product_cat?post=54977"},{"taxonomy":"product_tag","embeddable":true,"href":"https:\/\/staging.nbg.eu\/ro\/wp-json\/wp\/v2\/product_tag?post=54977"}],"curies":[{"name":"wp","href":"https:\/\/api.w.org\/{rel}","templated":true}]}}