{"id":547621,"date":"2025-09-05T18:17:28","date_gmt":"2025-09-05T15:17:28","guid":{"rendered":"https:\/\/staging.nbg.eu\/product\/armazone-q-r-viper-62mm\/"},"modified":"2025-10-01T11:34:03","modified_gmt":"2025-10-01T08:34:03","slug":"cadru-viper-fts","status":"publish","type":"product","link":"https:\/\/staging.nbg.eu\/ro\/produs\/cadru-viper-fts\/","title":{"rendered":"Cadru Viper FTS"},"content":{"rendered":"<div class=\"product-description\">\n<h2>Adaptor cu eliberare rapid\u0103 Armazone Q-R Viper 62mm<\/h2>\n<p>Adaptorul cu eliberare rapid\u0103 Armazone Q-R Viper 62mm este conceput pentru integrarea cu clipuri de imagistic\u0103 termic\u0103 \u0219i lunete de observa\u021bie cu un diametru exterior al obiectivului de 62mm.<\/p>\n<h2>Caracteristici principale:<\/h2>\n<ul>\n<li>Construc\u021bie din aluminiu dintr-o singur\u0103 bucat\u0103<\/li>\n<li>Instalare \u0219i \u00eendep\u0103rtare rapid\u0103<\/li>\n<li>For\u021b\u0103 de prindere reglabil\u0103<\/li>\n<li>Compatibil cu majoritatea lunetelor de pu\u0219c\u0103<\/li>\n<li>Potrivit pentru dispozitive termice Nitehog<\/li>\n<\/ul>\n<p>P\u00e2rghia de blocare rapid\u0103 a Q-R Viper permite multiple mont\u0103ri f\u0103r\u0103 unelte suplimentare. Pentru v\u00e2n\u0103tori \u0219i utilizatori care caut\u0103 eficien\u021b\u0103 \u00een configurarea imagisticii termice. Not\u0103: Adaptorul compenseaz\u0103 o deflexie maxim\u0103 de 1mm \u00een jos.<\/p>\n<\/div>\n","protected":false},"excerpt":{"rendered":"<p>Adaptor cu eliberare rapid\u0103 pentru lunete de 62mm. Montare u\u0219oar\u0103 pentru dispozitive termice.<\/p>\n","protected":false},"featured_media":499408,"template":"","meta":{"_acf_changed":false},"product_brand":[],"product_cat":[12728,12771,12726],"product_tag":[],"class_list":{"0":"post-547621","1":"product","2":"type-product","3":"status-publish","4":"has-post-thumbnail","6":"product_cat-accesorii-de-ochire","7":"product_cat-ochire","8":"product_cat-termic","10":"first","11":"instock","12":"taxable","13":"shipping-taxable","14":"purchasable","15":"product-type-simple"},"acf":[],"_links":{"self":[{"href":"https:\/\/staging.nbg.eu\/ro\/wp-json\/wp\/v2\/product\/547621","targetHints":{"allow":["GET"]}}],"collection":[{"href":"https:\/\/staging.nbg.eu\/ro\/wp-json\/wp\/v2\/product"}],"about":[{"href":"https:\/\/staging.nbg.eu\/ro\/wp-json\/wp\/v2\/types\/product"}],"wp:featuredmedia":[{"embeddable":true,"href":"https:\/\/staging.nbg.eu\/ro\/wp-json\/wp\/v2\/media\/499408"}],"wp:attachment":[{"href":"https:\/\/staging.nbg.eu\/ro\/wp-json\/wp\/v2\/media?parent=547621"}],"wp:term":[{"taxonomy":"product_brand","embeddable":true,"href":"https:\/\/staging.nbg.eu\/ro\/wp-json\/wp\/v2\/product_brand?post=547621"},{"taxonomy":"product_cat","embeddable":true,"href":"https:\/\/staging.nbg.eu\/ro\/wp-json\/wp\/v2\/product_cat?post=547621"},{"taxonomy":"product_tag","embeddable":true,"href":"https:\/\/staging.nbg.eu\/ro\/wp-json\/wp\/v2\/product_tag?post=547621"}],"curies":[{"name":"wp","href":"https:\/\/api.w.org\/{rel}","templated":true}]}}