{"id":547163,"date":"2025-09-05T18:15:58","date_gmt":"2025-09-05T15:15:58","guid":{"rendered":"https:\/\/staging.nbg.eu\/product\/mount-arta435-34-34mm\/"},"modified":"2025-10-01T11:13:06","modified_gmt":"2025-10-01T08:13:06","slug":"adaptor-bipod-harris-rrs-sc-arc-negru","status":"publish","type":"product","link":"https:\/\/staging.nbg.eu\/ro\/produs\/adaptor-bipod-harris-rrs-sc-arc-negru\/","title":{"rendered":"Adaptor Bipod Harris RRS SC-ARC Negru"},"content":{"rendered":"<div class=\"product-description\">\n<h2>XSKEL34TW Gen 2 Suport MSR Skeletonizat Extins 34mm<\/h2>\n<p>XSKEL34TW Gen 2 este un suport MSR Skeletonizat Extins de 34mm proiectat pentru pu\u0219ti de tip AR15, AR10 \u0219i pu\u0219ti sportive cu \u0219in\u0103 Picatinny de 2,75&#8243; sau mai lung\u0103.<\/p>\n<h2>Caracteristici principale:<\/h2>\n<ul>\n<li>\u00cen\u0103l\u021bime ideal\u0103 MSR pentru aliniere<\/li>\n<li>Cantilever \u00eenainte de peste 2 inci pentru echilibru<\/li>\n<li>Inser\u021bii filetate din o\u021bel pentru \u0219uruburi<\/li>\n<li>Design skeletonizat u\u0219or \u0219i rezistent<\/li>\n<li>Fabricat din aluminiu 6061 prin prelucrare CNC<\/li>\n<li>Design cu clem\u0103 lateral\u0103 \u00eentr-o singur\u0103 pies\u0103 pentru rezisten\u021b\u0103<\/li>\n<\/ul>\n<p>XSKEL34TW este proiectat pentru lunete cu tub de 34mm, inclusiv optic\u0103 variabil\u0103 de putere mic\u0103 \u0219i optic\u0103 de lung\u0103 distan\u021b\u0103 cu obiective de p\u00e2n\u0103 la 56mm. Pozi\u021bioneaz\u0103 optica la \u00een\u0103l\u021bimea \u0219i loca\u021bia ideal\u0103 pe platforma AR.<\/p>\n<p>Compatibil cu AR-15, M-4, SR-25, LR308, PTR-91 \u0219i alte MSR cu \u0219in\u0103 Picatinny de cel pu\u021bin 3 inci. Este utilizat \u0219i pe pu\u0219ti cu levier tactic.<\/p>\n<p>XSKEL34TW este folosit de tr\u0103g\u0103tori competitivi \u0219i tactici \u00een competi\u021bii, misiuni tactice \u0219i v\u00e2n\u0103toare cu AR.<\/p>\n<p>XSKEL34TW Gen 2 ofer\u0103 un design u\u0219or \u0219i durabilitate pentru montarea opticii.<\/p>\n<\/div>\n","protected":false},"excerpt":{"rendered":"<p>Suport de lunet\u0103 AR de 34mm, u\u0219or \u0219i durabil. \u00cen\u0103l\u021bime ideal\u0103, cantilever de 2&#8243;.<\/p>\n","protected":false},"featured_media":499259,"template":"","meta":{"_acf_changed":false},"product_brand":[],"product_cat":[12728,12771,12733,12726],"product_tag":[],"class_list":{"0":"post-547163","1":"product","2":"type-product","3":"status-publish","4":"has-post-thumbnail","6":"product_cat-accesorii-de-ochire","7":"product_cat-ochire","8":"product_cat-suporturi","9":"product_cat-termic","11":"first","12":"instock","13":"taxable","14":"shipping-taxable","15":"purchasable","16":"product-type-simple"},"acf":[],"_links":{"self":[{"href":"https:\/\/staging.nbg.eu\/ro\/wp-json\/wp\/v2\/product\/547163","targetHints":{"allow":["GET"]}}],"collection":[{"href":"https:\/\/staging.nbg.eu\/ro\/wp-json\/wp\/v2\/product"}],"about":[{"href":"https:\/\/staging.nbg.eu\/ro\/wp-json\/wp\/v2\/types\/product"}],"wp:featuredmedia":[{"embeddable":true,"href":"https:\/\/staging.nbg.eu\/ro\/wp-json\/wp\/v2\/media\/499259"}],"wp:attachment":[{"href":"https:\/\/staging.nbg.eu\/ro\/wp-json\/wp\/v2\/media?parent=547163"}],"wp:term":[{"taxonomy":"product_brand","embeddable":true,"href":"https:\/\/staging.nbg.eu\/ro\/wp-json\/wp\/v2\/product_brand?post=547163"},{"taxonomy":"product_cat","embeddable":true,"href":"https:\/\/staging.nbg.eu\/ro\/wp-json\/wp\/v2\/product_cat?post=547163"},{"taxonomy":"product_tag","embeddable":true,"href":"https:\/\/staging.nbg.eu\/ro\/wp-json\/wp\/v2\/product_tag?post=547163"}],"curies":[{"name":"wp","href":"https:\/\/api.w.org\/{rel}","templated":true}]}}