{"id":546018,"date":"2025-09-05T18:15:44","date_gmt":"2025-09-05T15:15:44","guid":{"rendered":"https:\/\/staging.nbg.eu\/product\/area-419-diving-board-for-tactical-one-piece-scope-mount\/"},"modified":"2025-10-01T10:49:37","modified_gmt":"2025-10-01T07:49:37","slug":"sapca-de-baseball-kmr","status":"publish","type":"product","link":"https:\/\/staging.nbg.eu\/ro\/produs\/sapca-de-baseball-kmr\/","title":{"rendered":"Sapca de Baseball KMR"},"content":{"rendered":"<div class=\"product-description\">\n<h2>AREA 419 PLAC\u0102 DE MONTARE PENTRU SUPORTUL DE LUNET\u0102 TACTIC DINTR-O SINGUR\u0102 PIES\u0102<\/h2>\n<p>Placa de montare AREA 419 este un accesoriu pentru suportul de lunet\u0103 tactic dintr-o singur\u0103 pies\u0103.<\/p>\n<h2>Caracteristici principale:<\/h2>\n<ul>\n<li>Punct de montare cu dubl\u0103 conicitate pentru ata\u0219are sigur\u0103<\/li>\n<li>Platform\u0103 pentru nivele, carduri de reglaj, puncte ro\u0219ii \u0219i telemetru laser<\/li>\n<li>Durabilitate \u0219i rigiditate pentru revenire la zero<\/li>\n<li>Disponibil \u00een op\u021biuni de \u00een\u0103l\u021bime standard \u0219i joas\u0103<\/li>\n<li>\u0218in\u0103 conform MIL-STD-1913 (10 sloturi pentru standard, 6 pentru \u00een\u0103l\u021bime joas\u0103)<\/li>\n<li>Finisaj anodizat negru tip III<\/li>\n<li>Fabricat \u00een America din aluminiu 7075 american<\/li>\n<li>\u0218uruburi de montare captive pentru instalare u\u0219oar\u0103<\/li>\n<\/ul>\n<p>Alege\u021bi \u00eentre \u00een\u0103l\u021bime standard (2,82 cm \u00een\u0103l\u021bime, 70,87 g) sau \u00een\u0103l\u021bime joas\u0103 (1,78 cm \u00een\u0103l\u021bime, 42,52 g). Ambele op\u021biuni au g\u0103uri multiple 1\/4 x 20 pentru montarea accesoriilor.<\/p>\n<p>Placa de montare AREA 419 este un accesoriu pentru suportul de lunet\u0103.<\/p>\n<\/div>\n","protected":false},"excerpt":{"rendered":"<p>\u0218in\u0103 sigur\u0103 \u0219i versatil\u0103 pentru montajul de lunet\u0103 tactical dintr-o singur\u0103 pies\u0103.<\/p>\n","protected":false},"featured_media":499167,"template":"","meta":{"_acf_changed":false},"product_brand":[11049],"product_cat":[12728,12771],"product_tag":[],"class_list":{"0":"post-546018","1":"product","2":"type-product","3":"status-publish","4":"has-post-thumbnail","6":"product_brand-area-419","7":"product_cat-accesorii-de-ochire","8":"product_cat-ochire","10":"first","11":"instock","12":"taxable","13":"shipping-taxable","14":"purchasable","15":"product-type-simple"},"acf":[],"_links":{"self":[{"href":"https:\/\/staging.nbg.eu\/ro\/wp-json\/wp\/v2\/product\/546018","targetHints":{"allow":["GET"]}}],"collection":[{"href":"https:\/\/staging.nbg.eu\/ro\/wp-json\/wp\/v2\/product"}],"about":[{"href":"https:\/\/staging.nbg.eu\/ro\/wp-json\/wp\/v2\/types\/product"}],"wp:featuredmedia":[{"embeddable":true,"href":"https:\/\/staging.nbg.eu\/ro\/wp-json\/wp\/v2\/media\/499167"}],"wp:attachment":[{"href":"https:\/\/staging.nbg.eu\/ro\/wp-json\/wp\/v2\/media?parent=546018"}],"wp:term":[{"taxonomy":"product_brand","embeddable":true,"href":"https:\/\/staging.nbg.eu\/ro\/wp-json\/wp\/v2\/product_brand?post=546018"},{"taxonomy":"product_cat","embeddable":true,"href":"https:\/\/staging.nbg.eu\/ro\/wp-json\/wp\/v2\/product_cat?post=546018"},{"taxonomy":"product_tag","embeddable":true,"href":"https:\/\/staging.nbg.eu\/ro\/wp-json\/wp\/v2\/product_tag?post=546018"}],"curies":[{"name":"wp","href":"https:\/\/api.w.org\/{rel}","templated":true}]}}