{"id":545570,"date":"2025-09-05T18:15:43","date_gmt":"2025-09-05T15:15:43","guid":{"rendered":"https:\/\/staging.nbg.eu\/product\/kmr-baseball-cap\/"},"modified":"2025-10-01T10:41:16","modified_gmt":"2025-10-01T07:41:16","slug":"intrerupator-surefire-csp-09-pentru-lanterna-tactica","status":"publish","type":"product","link":"https:\/\/staging.nbg.eu\/ro\/produs\/intrerupator-surefire-csp-09-pentru-lanterna-tactica\/","title":{"rendered":"Intrerupator Surefire CSP-09 pentru Lanterna Tactica"},"content":{"rendered":"<h2>\u0218apc\u0103 de baseball KMR<\/h2>\n<h2>Referin\u021b\u0103: 0380-00501-0000<\/h2>\n<p>\u0218apc\u0103 de baseball de la KMR Precision Arms. Aceast\u0103 \u0219apc\u0103 de baseball este conceput\u0103 pentru confort \u0219i are logo-ul KMR. Este potrivit\u0103 pentru tr\u0103g\u0103tori \u0219i pasiona\u021bii de arme de foc. Are o curea ajustabil\u0103 pentru o potrivire bun\u0103 \u0219i este f\u0103cut\u0103 dintr-un material respirabil. Este un accesoriu KMR.<\/p>\n","protected":false},"excerpt":{"rendered":"<p>\u0218apc\u0103 de baseball KMR: Echipament elegant pentru capul tr\u0103g\u0103torilor de precizie \u00een competi\u021bii.<\/p>\n","protected":false},"featured_media":499075,"template":"","meta":{"_acf_changed":false},"product_brand":[],"product_cat":[12811],"product_tag":[],"class_list":{"0":"post-545570","1":"product","2":"type-product","3":"status-publish","4":"has-post-thumbnail","6":"product_cat-necategorizat","8":"first","9":"instock","10":"taxable","11":"shipping-taxable","12":"purchasable","13":"product-type-simple"},"acf":[],"_links":{"self":[{"href":"https:\/\/staging.nbg.eu\/ro\/wp-json\/wp\/v2\/product\/545570","targetHints":{"allow":["GET"]}}],"collection":[{"href":"https:\/\/staging.nbg.eu\/ro\/wp-json\/wp\/v2\/product"}],"about":[{"href":"https:\/\/staging.nbg.eu\/ro\/wp-json\/wp\/v2\/types\/product"}],"wp:featuredmedia":[{"embeddable":true,"href":"https:\/\/staging.nbg.eu\/ro\/wp-json\/wp\/v2\/media\/499075"}],"wp:attachment":[{"href":"https:\/\/staging.nbg.eu\/ro\/wp-json\/wp\/v2\/media?parent=545570"}],"wp:term":[{"taxonomy":"product_brand","embeddable":true,"href":"https:\/\/staging.nbg.eu\/ro\/wp-json\/wp\/v2\/product_brand?post=545570"},{"taxonomy":"product_cat","embeddable":true,"href":"https:\/\/staging.nbg.eu\/ro\/wp-json\/wp\/v2\/product_cat?post=545570"},{"taxonomy":"product_tag","embeddable":true,"href":"https:\/\/staging.nbg.eu\/ro\/wp-json\/wp\/v2\/product_tag?post=545570"}],"curies":[{"name":"wp","href":"https:\/\/api.w.org\/{rel}","templated":true}]}}