{"id":545386,"date":"2025-09-05T18:15:06","date_gmt":"2025-09-05T15:15:06","guid":{"rendered":"https:\/\/staging.nbg.eu\/product\/surefire-csp-09-weaponlight-switch\/"},"modified":"2025-10-01T10:33:22","modified_gmt":"2025-10-01T07:33:22","slug":"frana-de-gura-vanward-pro-break-pentru-qd55","status":"publish","type":"product","link":"https:\/\/staging.nbg.eu\/ro\/produs\/frana-de-gura-vanward-pro-break-pentru-qd55\/","title":{"rendered":"Frana de Gura Vanward Pro-Break pentru QD55"},"content":{"rendered":"<div class=\"product-description\">\n<h2>Comutator Surefire CSP-09 pentru Lumin\u0103 de Arm\u0103<\/h2>\n<h2>Comutator la distan\u021b\u0103 cu montare Picatinny pentru Lumini de Arm\u0103<\/h2>\n<p>Comutatorul Surefire CSP-09 pentru Lumin\u0103 de Arm\u0103 este conceput pentru a oferi activare pentru orice Lumin\u0103 de Arm\u0103 SureFire echipat\u0103 cu o priz\u0103 pentru comutator.<\/p>\n<h3>Caracteristici principale:<\/h3>\n<ul>\n<li>Comutator cu dou\u0103 func\u021bii pentru operare momentan\u0103 \u0219i continu\u0103<\/li>\n<li>Ata\u0219are cu clem\u0103 pe \u0219ina Picatinny<\/li>\n<li>Design compact<\/li>\n<li>Construc\u021bie din polimer<\/li>\n<li>Cablu de 23 cm potrivit pentru majoritatea aplica\u021biilor de pu\u0219c\u0103\/carabin\u0103<\/li>\n<\/ul>\n<p>Designul CSP-09 permite operarea: ap\u0103sa\u021bi u\u0219or pentru activare momentan\u0103 sau ap\u0103sa\u021bi complet pentru modul continuu. Instalarea f\u0103r\u0103 unelte \u0219i ata\u0219area la \u0219ina Picatinny asigur\u0103 o configurare \u0219i performan\u021b\u0103 \u00een teren.<\/p>\n<p>Comutatorul Surefire CSP-09 pentru Lumin\u0103 de Arm\u0103 ofer\u0103 control \u00een situa\u021bii tactice. Este compatibil cu toate Luminile de Arm\u0103 SureFire care au o priz\u0103 pentru comutator.<\/p>\n<\/div>\n","protected":false},"excerpt":{"rendered":"<p>Comutator compact la distan\u021b\u0103 pentru lanternele SureFire pentru arme. Montare u\u0219oar\u0103 pe \u0219ina Picatinny.<\/p>\n","protected":false},"featured_media":499052,"template":"","meta":{"_acf_changed":false},"product_brand":[],"product_cat":[12810,12786],"product_tag":[],"class_list":{"0":"post-545386","1":"product","2":"type-product","3":"status-publish","4":"has-post-thumbnail","6":"product_cat-accesorii-lanterna","7":"product_cat-lanterne","9":"first","10":"instock","11":"taxable","12":"shipping-taxable","13":"purchasable","14":"product-type-simple"},"acf":[],"_links":{"self":[{"href":"https:\/\/staging.nbg.eu\/ro\/wp-json\/wp\/v2\/product\/545386","targetHints":{"allow":["GET"]}}],"collection":[{"href":"https:\/\/staging.nbg.eu\/ro\/wp-json\/wp\/v2\/product"}],"about":[{"href":"https:\/\/staging.nbg.eu\/ro\/wp-json\/wp\/v2\/types\/product"}],"wp:featuredmedia":[{"embeddable":true,"href":"https:\/\/staging.nbg.eu\/ro\/wp-json\/wp\/v2\/media\/499052"}],"wp:attachment":[{"href":"https:\/\/staging.nbg.eu\/ro\/wp-json\/wp\/v2\/media?parent=545386"}],"wp:term":[{"taxonomy":"product_brand","embeddable":true,"href":"https:\/\/staging.nbg.eu\/ro\/wp-json\/wp\/v2\/product_brand?post=545386"},{"taxonomy":"product_cat","embeddable":true,"href":"https:\/\/staging.nbg.eu\/ro\/wp-json\/wp\/v2\/product_cat?post=545386"},{"taxonomy":"product_tag","embeddable":true,"href":"https:\/\/staging.nbg.eu\/ro\/wp-json\/wp\/v2\/product_tag?post=545386"}],"curies":[{"name":"wp","href":"https:\/\/api.w.org\/{rel}","templated":true}]}}