{"id":544914,"date":"2025-09-05T18:09:58","date_gmt":"2025-09-05T15:09:58","guid":{"rendered":"https:\/\/staging.nbg.eu\/product\/magpul-rubber-butt-pad-0-70\/"},"modified":"2025-10-01T10:16:13","modified_gmt":"2025-10-01T07:16:13","slug":"frana-de-gura-ase-utra-borelock-30338-58x24-unef","status":"publish","type":"product","link":"https:\/\/staging.nbg.eu\/ro\/produs\/frana-de-gura-ase-utra-borelock-30338-58x24-unef\/","title":{"rendered":"Frana de gura ASE UTRA BoreLock .30\/.338 5\/8&#8243;x24 UNEF"},"content":{"rendered":"<div class=\"product-description\">\n<h2>Pl\u0103cu\u021b\u0103 de cauciuc pentru pat de arm\u0103 Magpul &#8211; 0,70&#8243;<\/h2>\n<p>Pl\u0103cu\u021b\u0103 op\u021bional\u0103 de 0,70&#8243; compatibil\u0103 cu diverse paturi Magpul, inclusiv modelele CTR\u00ae, MOE\u00ae Carbine Mil-Spec, UBR\u00ae, STR\u00ae, ACS-L\u2122 \u0219i ACS.<\/p>\n<ul>\n<li>Sprijin pentru um\u0103r \u0219i reducere a reculului<\/li>\n<li>Construc\u021bie mai groas\u0103 \u0219i ventilat\u0103<\/li>\n<li>Include toate elementele de montare<\/li>\n<li>Dimensiuni: 13 x 4 x 1,6 cm (aproximativ)<\/li>\n<li>Greutate: 62 g (aproximativ)<\/li>\n<li>Fabricat \u00een SUA<\/li>\n<\/ul>\n<p><strong>Not\u0103:<\/strong> Nu este compatibil cu patul fix MOE\u00ae Carbine. Poate limita colapsarea complet\u0103 a paturilor comerciale MOE\u00ae\/CTR\u00ae din cauza spatelui extins \u0219i te\u0219it.<\/p>\n<\/div>\n","protected":false},"excerpt":{"rendered":"<p>Talp\u0103 de cauciuc \u00eembun\u0103t\u0103\u021bit\u0103 de 0,70&#8243; pentru paturile de arm\u0103 Magpul. Suport \u00eembun\u0103t\u0103\u021bit.<\/p>\n","protected":false},"featured_media":498958,"template":"","meta":{"_acf_changed":false},"product_brand":[11557],"product_cat":[12762],"product_tag":[],"class_list":{"0":"post-544914","1":"product","2":"type-product","3":"status-publish","4":"has-post-thumbnail","6":"product_brand-magpul","7":"product_cat-echipament","9":"first","10":"instock","11":"taxable","12":"shipping-taxable","13":"purchasable","14":"product-type-simple"},"acf":[],"_links":{"self":[{"href":"https:\/\/staging.nbg.eu\/ro\/wp-json\/wp\/v2\/product\/544914","targetHints":{"allow":["GET"]}}],"collection":[{"href":"https:\/\/staging.nbg.eu\/ro\/wp-json\/wp\/v2\/product"}],"about":[{"href":"https:\/\/staging.nbg.eu\/ro\/wp-json\/wp\/v2\/types\/product"}],"wp:featuredmedia":[{"embeddable":true,"href":"https:\/\/staging.nbg.eu\/ro\/wp-json\/wp\/v2\/media\/498958"}],"wp:attachment":[{"href":"https:\/\/staging.nbg.eu\/ro\/wp-json\/wp\/v2\/media?parent=544914"}],"wp:term":[{"taxonomy":"product_brand","embeddable":true,"href":"https:\/\/staging.nbg.eu\/ro\/wp-json\/wp\/v2\/product_brand?post=544914"},{"taxonomy":"product_cat","embeddable":true,"href":"https:\/\/staging.nbg.eu\/ro\/wp-json\/wp\/v2\/product_cat?post=544914"},{"taxonomy":"product_tag","embeddable":true,"href":"https:\/\/staging.nbg.eu\/ro\/wp-json\/wp\/v2\/product_tag?post=544914"}],"curies":[{"name":"wp","href":"https:\/\/api.w.org\/{rel}","templated":true}]}}