{"id":54484,"date":"2024-03-02T07:29:43","date_gmt":"2024-09-13T13:02:26","guid":{"rendered":"https:\/\/staging.nbg.eu\/product\/bore-tech-proof-positive-rifle-jag-multiple-calibers\/"},"modified":"2024-09-13T13:03:32","modified_gmt":"2024-09-13T13:03:32","slug":"5-bore-tech-rimfire-blend-rimfire-percutie-inelara-blend-amestecsolutie","status":"publish","type":"product","link":"https:\/\/staging.nbg.eu\/ro\/produs\/5-bore-tech-rimfire-blend-rimfire-percutie-inelara-blend-amestecsolutie\/","title":{"rendered":"5. &#8222;Bore Tech Rimfire Blend&#8221; &#8211; Rimfire = Percu\u021bie Inelar\u0103, Blend = Amestec\/Solu\u021bie"},"content":{"rendered":"<div class=\"product-description\">\n<h2>Bore Tech Proof-Positive Tij\u0103 pentru pu\u0219c\u0103 (Calibre multiple)<\/h2>\n<p>Elimina\u021bi indica\u021biile false de depunere de cupru cu tijele pentru petice de pu\u0219c\u0103 Bore Tech Proof-Positive. Fabricate dintr-un aliaj f\u0103r\u0103 alam\u0103, aceste tije sunt sigure pentru \u021beav\u0103 \u0219i au o rezisten\u021b\u0103 ridicat\u0103. Caracteristicile includ:<\/p>\n<ul>\n<li>Set dublu de 4 inele de contact pentru o cur\u0103\u021bare \u00eembun\u0103t\u0103\u021bit\u0103<\/li>\n<li>Prelucrate cu precizie pentru o presiune concentric\u0103<\/li>\n<li>Design cu conicitate invers\u0103 pentru protejarea coroanei armei<\/li>\n<\/ul>\n<p>Ob\u021bine\u021bi \u021bevi curate cu mai pu\u021bin\u0103 risip\u0103.<\/p>\n<\/div>\n","protected":false},"excerpt":{"rendered":"<p>V\u00e2rful inovator pentru pu\u0219c\u0103 elimin\u0103 indica\u021biile false de depuneri de cupru.<\/p>\n","protected":false},"featured_media":54485,"template":"","meta":{"_acf_changed":false},"product_brand":[11164],"product_cat":[12776,12803],"product_tag":[],"class_list":{"0":"post-54484","1":"product","2":"type-product","3":"status-publish","4":"has-post-thumbnail","6":"product_brand-boretech","7":"product_cat-curatare-arme","8":"product_cat-perii","10":"first","11":"instock","12":"taxable","13":"shipping-taxable","14":"purchasable","15":"product-type-variable","16":"wvs-archive-product-wrapper"},"acf":[],"_links":{"self":[{"href":"https:\/\/staging.nbg.eu\/ro\/wp-json\/wp\/v2\/product\/54484","targetHints":{"allow":["GET"]}}],"collection":[{"href":"https:\/\/staging.nbg.eu\/ro\/wp-json\/wp\/v2\/product"}],"about":[{"href":"https:\/\/staging.nbg.eu\/ro\/wp-json\/wp\/v2\/types\/product"}],"wp:featuredmedia":[{"embeddable":true,"href":"https:\/\/staging.nbg.eu\/ro\/wp-json\/wp\/v2\/media\/54485"}],"wp:attachment":[{"href":"https:\/\/staging.nbg.eu\/ro\/wp-json\/wp\/v2\/media?parent=54484"}],"wp:term":[{"taxonomy":"product_brand","embeddable":true,"href":"https:\/\/staging.nbg.eu\/ro\/wp-json\/wp\/v2\/product_brand?post=54484"},{"taxonomy":"product_cat","embeddable":true,"href":"https:\/\/staging.nbg.eu\/ro\/wp-json\/wp\/v2\/product_cat?post=54484"},{"taxonomy":"product_tag","embeddable":true,"href":"https:\/\/staging.nbg.eu\/ro\/wp-json\/wp\/v2\/product_tag?post=54484"}],"curies":[{"name":"wp","href":"https:\/\/api.w.org\/{rel}","templated":true}]}}