{"id":541245,"date":"2025-09-05T18:09:57","date_gmt":"2025-09-05T15:09:57","guid":{"rendered":"https:\/\/staging.nbg.eu\/product\/ase-utra-borelock-30-338-muzzle-brake-5-8x24-unef\/"},"modified":"2025-09-30T17:55:43","modified_gmt":"2025-09-30T14:55:43","slug":"kit-de-conversie-dillon-xl650-xl750-cal-30830-6","status":"publish","type":"product","link":"https:\/\/staging.nbg.eu\/ro\/produs\/kit-de-conversie-dillon-xl650-xl750-cal-30830-6\/","title":{"rendered":"Kit de Conversie Dillon XL650 \/ XL750 &#8211; Cal. .308\/30-6"},"content":{"rendered":"<h2>Fr\u00e2n\u0103 de gur\u0103 ASE UTRA BoreLock .30\/.338 5\/8&#8243;x24 UNEF<\/h2>\n<p>Fr\u00e2na de gur\u0103 ASE UTRA BoreLock .30\/.338 (Cod: 365P-AU761) are un design \u00een dou\u0103 p\u0103r\u021bi care permite instalarea f\u0103r\u0103 \u0219aibe sau distan\u021biere, permi\u021b\u00e2nd alinierea precis\u0103.<\/p>\n<h2>Caracteristici principale:<\/h2>\n<ul>\n<li>Compatibil cu pu\u0219ti de calibru .30 \u0219i .338<\/li>\n<li>Filet 5\/8&#8243;x24 UNEF<\/li>\n<li>Design BoreLock \u00een dou\u0103 p\u0103r\u021bi pentru instalare<\/li>\n<li>Nu necesit\u0103 \u0219aibe sau distan\u021biere<\/li>\n<li>Aliniere precis\u0103<\/li>\n<li>Reduce reculul \u0219i ridicarea \u021bevii<\/li>\n<\/ul>\n<p>Fr\u00e2na de gur\u0103 ASE UTRA BoreLock este conceput\u0103 pentru performan\u021b\u0103 \u0219i u\u0219urin\u021b\u0103 \u00een utilizare.<\/p>\n","protected":false},"excerpt":{"rendered":"<p>Fr\u00e2n\u0103 de gur\u0103 ASE UTRA BoreLock .30\/.338: Instalare rapid\u0103 \u0219i sigur\u0103, f\u0103r\u0103 a fi necesare distan\u021biere.<\/p>\n","protected":false},"featured_media":498928,"template":"","meta":{"_acf_changed":false},"product_brand":[],"product_cat":[12767,12795,12744,12748],"product_tag":[],"class_list":{"0":"post-541245","1":"product","2":"type-product","3":"status-publish","4":"has-post-thumbnail","6":"product_cat-accesorii-pentru-supresoare","7":"product_cat-pusca","8":"product_cat-reglaj-pusca","9":"product_cat-supresoare-pentru-pusti","11":"first","12":"instock","13":"taxable","14":"shipping-taxable","15":"purchasable","16":"product-type-simple"},"acf":[],"_links":{"self":[{"href":"https:\/\/staging.nbg.eu\/ro\/wp-json\/wp\/v2\/product\/541245","targetHints":{"allow":["GET"]}}],"collection":[{"href":"https:\/\/staging.nbg.eu\/ro\/wp-json\/wp\/v2\/product"}],"about":[{"href":"https:\/\/staging.nbg.eu\/ro\/wp-json\/wp\/v2\/types\/product"}],"wp:featuredmedia":[{"embeddable":true,"href":"https:\/\/staging.nbg.eu\/ro\/wp-json\/wp\/v2\/media\/498928"}],"wp:attachment":[{"href":"https:\/\/staging.nbg.eu\/ro\/wp-json\/wp\/v2\/media?parent=541245"}],"wp:term":[{"taxonomy":"product_brand","embeddable":true,"href":"https:\/\/staging.nbg.eu\/ro\/wp-json\/wp\/v2\/product_brand?post=541245"},{"taxonomy":"product_cat","embeddable":true,"href":"https:\/\/staging.nbg.eu\/ro\/wp-json\/wp\/v2\/product_cat?post=541245"},{"taxonomy":"product_tag","embeddable":true,"href":"https:\/\/staging.nbg.eu\/ro\/wp-json\/wp\/v2\/product_tag?post=541245"}],"curies":[{"name":"wp","href":"https:\/\/api.w.org\/{rel}","templated":true}]}}