{"id":539578,"date":"2025-09-05T17:38:18","date_gmt":"2025-09-05T14:38:18","guid":{"rendered":"https:\/\/staging.nbg.eu\/product\/or-leupold-delta-point-mounting-kit-for-l-02-w-02-steel-black\/"},"modified":"2025-09-30T14:24:38","modified_gmt":"2025-09-30T11:24:38","slug":"pins-rulou-pentru-arcul-bolt-ar-15","status":"publish","type":"product","link":"https:\/\/staging.nbg.eu\/ro\/produs\/pins-rulou-pentru-arcul-bolt-ar-15\/","title":{"rendered":"PINS RULOU PENTRU ARCUL BOLT AR-15"},"content":{"rendered":"<div class=\"product-description\">\n<h2>KIT DE MONTARE OR LEUPOLD DELTA POINT PRO LW64<\/h2>\n<p><strong>Referin\u021b\u0103:<\/strong> 0091-01207-0001<\/p>\n<p><strong>Marc\u0103:<\/strong> KMR Precision Arms<\/p>\n<h2>Descriere<\/h2>\n<p>Kitul de montare OR LEUPOLD DELTA POINT PRO LW64 este conceput pentru pistoalele KMR L-02 sau W-02. Aceast\u0103 plac\u0103 de baz\u0103 este proiectat\u0103 pentru modelele de pistol KMR L-02 \u0219i W-02 preg\u0103tite pentru optic\u0103 (OR), compatibil\u0103 cu opticile cu amprenta Leupold DeltaPoint Pro.<\/p>\n<h2>Detalii produs<\/h2>\n<ul>\n<li>Material: O\u021bel<\/li>\n<li>Culoare: Negru<\/li>\n<li>Include dou\u0103 \u0219uruburi de instalare M4<\/li>\n<\/ul>\n<h2>Instalare<\/h2>\n<ol>\n<li>De\u0219uruba\u021bi placa de baz\u0103 original\u0103 de pe pistol<\/li>\n<li>Cur\u0103\u021ba\u021bi cu aten\u021bie zona de montare a pl\u0103cii<\/li>\n<li>Instala\u021bi noua plac\u0103 de baz\u0103<\/li>\n<li>Str\u00e2nge\u021bi cele dou\u0103 \u0219uruburi M4 incluse folosind adeziv pentru filete<\/li>\n<\/ol>\n<p><strong>Important:<\/strong> NU UTILIZA\u021aI LOCTITE RO\u0218U!<\/p>\n<h2>Dispozitive de ochire cu punct ro\u0219u compatibile<\/h2>\n<p>Acest kit de montare este compatibil cu diverse dispozitive de ochire cu punct ro\u0219u care utilizeaz\u0103 standardul de montare Leupold DeltaPoint Pro, inclusiv:<\/p>\n<ul>\n<li>Leupold DeltaPoint Pro<\/li>\n<li>Vortex Defender XL<\/li>\n<li>Eotech Eflx<\/li>\n<li>Holosun SCS 320<\/li>\n<li>\u0218i multe altele<\/li>\n<\/ul>\n<p>Acest kit de montare v\u0103 permite s\u0103 ata\u0219a\u021bi dispozitivul de ochire cu punct ro\u0219u preferat la pistolul KMR L-02 sau W-02.<\/p>\n<\/div>\n","protected":false},"excerpt":{"rendered":"<p>Plac\u0103 de baz\u0103 din o\u021bel pentru pistoalele KMR L-02\/W-02, compatibil\u0103 cu sistemul optic DeltaPoint Pro<\/p>\n","protected":false},"featured_media":497557,"template":"","meta":{"_acf_changed":false},"product_brand":[11498],"product_cat":[12747],"product_tag":[],"class_list":{"0":"post-539578","1":"product","2":"type-product","3":"status-publish","4":"has-post-thumbnail","6":"product_brand-kmr-precision","7":"product_cat-piese-kmr","9":"first","10":"instock","11":"taxable","12":"shipping-taxable","13":"purchasable","14":"product-type-simple"},"acf":[],"_links":{"self":[{"href":"https:\/\/staging.nbg.eu\/ro\/wp-json\/wp\/v2\/product\/539578","targetHints":{"allow":["GET"]}}],"collection":[{"href":"https:\/\/staging.nbg.eu\/ro\/wp-json\/wp\/v2\/product"}],"about":[{"href":"https:\/\/staging.nbg.eu\/ro\/wp-json\/wp\/v2\/types\/product"}],"wp:featuredmedia":[{"embeddable":true,"href":"https:\/\/staging.nbg.eu\/ro\/wp-json\/wp\/v2\/media\/497557"}],"wp:attachment":[{"href":"https:\/\/staging.nbg.eu\/ro\/wp-json\/wp\/v2\/media?parent=539578"}],"wp:term":[{"taxonomy":"product_brand","embeddable":true,"href":"https:\/\/staging.nbg.eu\/ro\/wp-json\/wp\/v2\/product_brand?post=539578"},{"taxonomy":"product_cat","embeddable":true,"href":"https:\/\/staging.nbg.eu\/ro\/wp-json\/wp\/v2\/product_cat?post=539578"},{"taxonomy":"product_tag","embeddable":true,"href":"https:\/\/staging.nbg.eu\/ro\/wp-json\/wp\/v2\/product_tag?post=539578"}],"curies":[{"name":"wp","href":"https:\/\/api.w.org\/{rel}","templated":true}]}}