{"id":538957,"date":"2025-09-05T17:38:05","date_gmt":"2025-09-05T14:38:05","guid":{"rendered":"https:\/\/staging.nbg.eu\/product\/ar-15-bolt-catch-roll-pin\/"},"modified":"2025-09-30T13:40:16","modified_gmt":"2025-09-30T10:40:16","slug":"pistol-cz-shadow-2-orange-cal9x19","status":"publish","type":"product","link":"https:\/\/staging.nbg.eu\/ro\/produs\/pistol-cz-shadow-2-orange-cal9x19\/","title":{"rendered":"Pistol CZ Shadow 2 Orange cal.9&#215;19"},"content":{"rendered":"<div class=\"product-description\">\n<h2>\u0218tift pentru prinderea culisei AR-15<\/h2>\n<p>Acest \u0219tift este o component\u0103 pentru prinderea culisei armei AR-15. Fabricat \u00een SUA, asigur\u0103 func\u021bionarea armei.<\/p>\n<ul>\n<li><strong>Num\u0103r Brownells:<\/strong> 100044599<\/li>\n<li><strong>Num\u0103r produc\u0103tor:<\/strong> 55CA547<\/li>\n<li><strong>UPC:<\/strong> 810046231234<\/li>\n<li><strong>Compatibilitate:<\/strong> Universal pentru AR-15<\/li>\n<\/ul>\n<p>Acest \u0219tift este proiectat pentru compatibilitate universal\u0103 cu platformele AR-15. Este fabricat conform standardelor de calitate \u0219i asigur\u0103 o conexiune pentru ansamblul de prindere a culisei.<\/p>\n<\/div>\n","protected":false},"excerpt":{"rendered":"<p>\u0218tift de fixare pentru prinderea cuiului AR-15, fabricat \u00een SUA. Esen\u021bial pentru instalarea opritorului de \u00eenchiz\u0103tor.<\/p>\n","protected":false},"featured_media":497327,"template":"","meta":{"_acf_changed":false},"product_brand":[],"product_cat":[12795,12744],"product_tag":[],"class_list":{"0":"post-538957","1":"product","2":"type-product","3":"status-publish","4":"has-post-thumbnail","6":"product_cat-pusca","7":"product_cat-reglaj-pusca","9":"first","10":"instock","11":"taxable","12":"shipping-taxable","13":"purchasable","14":"product-type-simple"},"acf":[],"_links":{"self":[{"href":"https:\/\/staging.nbg.eu\/ro\/wp-json\/wp\/v2\/product\/538957","targetHints":{"allow":["GET"]}}],"collection":[{"href":"https:\/\/staging.nbg.eu\/ro\/wp-json\/wp\/v2\/product"}],"about":[{"href":"https:\/\/staging.nbg.eu\/ro\/wp-json\/wp\/v2\/types\/product"}],"wp:featuredmedia":[{"embeddable":true,"href":"https:\/\/staging.nbg.eu\/ro\/wp-json\/wp\/v2\/media\/497327"}],"wp:attachment":[{"href":"https:\/\/staging.nbg.eu\/ro\/wp-json\/wp\/v2\/media?parent=538957"}],"wp:term":[{"taxonomy":"product_brand","embeddable":true,"href":"https:\/\/staging.nbg.eu\/ro\/wp-json\/wp\/v2\/product_brand?post=538957"},{"taxonomy":"product_cat","embeddable":true,"href":"https:\/\/staging.nbg.eu\/ro\/wp-json\/wp\/v2\/product_cat?post=538957"},{"taxonomy":"product_tag","embeddable":true,"href":"https:\/\/staging.nbg.eu\/ro\/wp-json\/wp\/v2\/product_tag?post=538957"}],"curies":[{"name":"wp","href":"https:\/\/api.w.org\/{rel}","templated":true}]}}