{"id":53889,"date":"2024-03-04T08:23:25","date_gmt":"2024-09-13T12:54:30","guid":{"rendered":"https:\/\/staging.nbg.eu\/product\/bore-tech-bronze-rifle-brush-3-pack-multiple-calibers\/"},"modified":"2024-09-13T12:55:35","modified_gmt":"2024-09-13T12:55:35","slug":"bore-tech-perie-bronz-pentru-pusca","status":"publish","type":"product","link":"https:\/\/staging.nbg.eu\/ro\/produs\/bore-tech-perie-bronz-pentru-pusca\/","title":{"rendered":"Bore Tech Perie Bronz pentru Pu\u0219c\u0103"},"content":{"rendered":"<p>\nPeria pentru pu\u0219c\u0103 Bore Tech Bronze este construit\u0103 cu caracteristici tehnice specifice. Aceasta are de dou\u0103 ori mai multe peri de bronz fosfor pentru o ac\u021biune de cur\u0103\u021bare mai bun\u0103 \u0219i ofer\u0103:<\/p>\n<ul>\n<li>Miez dublu \u00eenf\u0103\u0219urat cu capete \u00een bucl\u0103 pentru protec\u021bia \u021bevii<\/li>\n<li>Suporturi din aluminiu de calitate pentru avia\u021bie<\/li>\n<li>Diametre ale perilor specifice calibrului<\/li>\n<li>Disponibil pentru calibre de la .17 la .50<\/li>\n<\/ul>\n<p>Periile Bore Tech permit o cur\u0103\u021bare mai rapid\u0103 \u0219i mai eficient\u0103.<\/p>\n","protected":false},"excerpt":{"rendered":"<p>Perie de pu\u0219c\u0103 din bronz premium pentru cur\u0103\u021barea eficient\u0103 \u0219i sigur\u0103 a \u021bevii.<\/p>\n","protected":false},"featured_media":53890,"template":"","meta":{"_acf_changed":false},"product_brand":[11164],"product_cat":[12776,12803],"product_tag":[],"class_list":{"0":"post-53889","1":"product","2":"type-product","3":"status-publish","4":"has-post-thumbnail","6":"product_brand-boretech","7":"product_cat-curatare-arme","8":"product_cat-perii","10":"first","11":"instock","12":"taxable","13":"shipping-taxable","14":"purchasable","15":"product-type-variable","16":"wvs-archive-product-wrapper"},"acf":[],"_links":{"self":[{"href":"https:\/\/staging.nbg.eu\/ro\/wp-json\/wp\/v2\/product\/53889","targetHints":{"allow":["GET"]}}],"collection":[{"href":"https:\/\/staging.nbg.eu\/ro\/wp-json\/wp\/v2\/product"}],"about":[{"href":"https:\/\/staging.nbg.eu\/ro\/wp-json\/wp\/v2\/types\/product"}],"wp:featuredmedia":[{"embeddable":true,"href":"https:\/\/staging.nbg.eu\/ro\/wp-json\/wp\/v2\/media\/53890"}],"wp:attachment":[{"href":"https:\/\/staging.nbg.eu\/ro\/wp-json\/wp\/v2\/media?parent=53889"}],"wp:term":[{"taxonomy":"product_brand","embeddable":true,"href":"https:\/\/staging.nbg.eu\/ro\/wp-json\/wp\/v2\/product_brand?post=53889"},{"taxonomy":"product_cat","embeddable":true,"href":"https:\/\/staging.nbg.eu\/ro\/wp-json\/wp\/v2\/product_cat?post=53889"},{"taxonomy":"product_tag","embeddable":true,"href":"https:\/\/staging.nbg.eu\/ro\/wp-json\/wp\/v2\/product_tag?post=53889"}],"curies":[{"name":"wp","href":"https:\/\/api.w.org\/{rel}","templated":true}]}}