{"id":538002,"date":"2025-09-05T17:25:46","date_gmt":"2025-09-05T14:25:46","guid":{"rendered":"https:\/\/staging.nbg.eu\/product\/recoil-spring-kmr-45-extra-extrasoft-8\/"},"modified":"2025-09-30T12:20:41","modified_gmt":"2025-09-30T09:20:41","slug":"arcul-de-prindere-sons-of-liberty-gun-works-ar-15-arc-bolt","status":"publish","type":"product","link":"https:\/\/staging.nbg.eu\/ro\/produs\/arcul-de-prindere-sons-of-liberty-gun-works-ar-15-arc-bolt\/","title":{"rendered":"ARCUL DE PRINDERE SONS OF LIBERTY GUN WORKS AR-15 ARC BOLT"},"content":{"rendered":"<h2>ARC DE RECUL KMR 4,5&#8243; EXTRA EXTRASOFT (8)<\/h2>\n<p>Arcul de recul KMR Precision Arms RECOIL SPRING KMR 4,5&#8243; EXTRA EXTRASOFT (8) este conceput pentru arme de foc de 4,5 inci.<\/p>\n<h2>Caracteristici produs:<\/h2>\n<ul>\n<li>Marc\u0103: KMR Precision Arms<\/li>\n<li>Referin\u021b\u0103: 0730-05801-0000<\/li>\n<li>Lungime: 4,5 inci<\/li>\n<li>Tip: Extra Extrasoft<\/li>\n<li>Cantitate: 8 arcuri per pachet<\/li>\n<\/ul>\n<p>Acest arc de recul extra extrasoft este proiectat pentru a reduce reculul \u0219i pentru a \u00eembun\u0103t\u0103\u021bi ciclul de tragere. Arcul KMR 4,5&#8243; EXTRA EXTRASOFT asigur\u0103 o func\u021bionare fiabil\u0103.<\/p>\n","protected":false},"excerpt":{"rendered":"<p>Arc de recul extra-moale pentru arme de precizie KMR de 4,5&#8243;. Ac\u021biune lin\u0103.<\/p>\n","protected":false},"featured_media":496965,"template":"","meta":{"_acf_changed":false},"product_brand":[11498],"product_cat":[12747],"product_tag":[],"class_list":{"0":"post-538002","1":"product","2":"type-product","3":"status-publish","4":"has-post-thumbnail","6":"product_brand-kmr-precision","7":"product_cat-piese-kmr","9":"first","10":"instock","11":"taxable","12":"shipping-taxable","13":"purchasable","14":"product-type-simple"},"acf":[],"_links":{"self":[{"href":"https:\/\/staging.nbg.eu\/ro\/wp-json\/wp\/v2\/product\/538002","targetHints":{"allow":["GET"]}}],"collection":[{"href":"https:\/\/staging.nbg.eu\/ro\/wp-json\/wp\/v2\/product"}],"about":[{"href":"https:\/\/staging.nbg.eu\/ro\/wp-json\/wp\/v2\/types\/product"}],"wp:featuredmedia":[{"embeddable":true,"href":"https:\/\/staging.nbg.eu\/ro\/wp-json\/wp\/v2\/media\/496965"}],"wp:attachment":[{"href":"https:\/\/staging.nbg.eu\/ro\/wp-json\/wp\/v2\/media?parent=538002"}],"wp:term":[{"taxonomy":"product_brand","embeddable":true,"href":"https:\/\/staging.nbg.eu\/ro\/wp-json\/wp\/v2\/product_brand?post=538002"},{"taxonomy":"product_cat","embeddable":true,"href":"https:\/\/staging.nbg.eu\/ro\/wp-json\/wp\/v2\/product_cat?post=538002"},{"taxonomy":"product_tag","embeddable":true,"href":"https:\/\/staging.nbg.eu\/ro\/wp-json\/wp\/v2\/product_tag?post=538002"}],"curies":[{"name":"wp","href":"https:\/\/api.w.org\/{rel}","templated":true}]}}