{"id":537896,"date":"2025-09-05T17:25:45","date_gmt":"2025-09-05T14:25:45","guid":{"rendered":"https:\/\/staging.nbg.eu\/product\/sons-of-liberty-gun-works-ar-15-bolt-catch-spring\/"},"modified":"2025-09-30T12:11:34","modified_gmt":"2025-09-30T09:11:34","slug":"traduceri","status":"publish","type":"product","link":"https:\/\/staging.nbg.eu\/ro\/produs\/traduceri\/","title":{"rendered":"# Traduceri"},"content":{"rendered":"<div class=\"product-description\">\n<h2>ARC PENTRU PRINDEREA Z\u0102VORULUI AR-15 SONS OF LIBERTY GUN WORKS (Pachet de 10)<\/h2>\n<p>Acest arc pentru prinderea z\u0103vorului este proiectat pentru AR-15. Fabricat \u00een SUA, acest component asigur\u0103 func\u021bionarea mecanismului de prindere a z\u0103vorului.<\/p>\n<h2>Caracteristici principale:<\/h2>\n<ul>\n<li>Proiectat pentru platforme AR-15<\/li>\n<li>Construc\u021bie durabil\u0103<\/li>\n<li>Asigur\u0103 func\u021bionalitatea prinderii z\u0103vorului<\/li>\n<li>Fabricat \u00een SUA<\/li>\n<li>V\u00e2ndut \u00een pachet de 10 buc\u0103\u021bi<\/li>\n<\/ul>\n<p>Detalii produs:<\/p>\n<ul>\n<li>Greutate: 0,01 lbs<\/li>\n<\/ul>\n<p>Arc pentru prinderea z\u0103vorului AR-15 fabricat \u00een SUA.<\/p>\n<\/div>\n","protected":false},"excerpt":{"rendered":"<p>Arc de re\u021binere pentru bol\u021b AR-15, fabricat \u00een SUA. \u00cenlocuire esen\u021bial\u0103 \u0219i durabil\u0103.<\/p>\n","protected":false},"featured_media":496942,"template":"","meta":{"_acf_changed":false},"product_brand":[],"product_cat":[12744],"product_tag":[],"class_list":{"0":"post-537896","1":"product","2":"type-product","3":"status-publish","4":"has-post-thumbnail","6":"product_cat-reglaj-pusca","8":"first","9":"instock","10":"taxable","11":"shipping-taxable","12":"purchasable","13":"product-type-simple"},"acf":[],"_links":{"self":[{"href":"https:\/\/staging.nbg.eu\/ro\/wp-json\/wp\/v2\/product\/537896","targetHints":{"allow":["GET"]}}],"collection":[{"href":"https:\/\/staging.nbg.eu\/ro\/wp-json\/wp\/v2\/product"}],"about":[{"href":"https:\/\/staging.nbg.eu\/ro\/wp-json\/wp\/v2\/types\/product"}],"wp:featuredmedia":[{"embeddable":true,"href":"https:\/\/staging.nbg.eu\/ro\/wp-json\/wp\/v2\/media\/496942"}],"wp:attachment":[{"href":"https:\/\/staging.nbg.eu\/ro\/wp-json\/wp\/v2\/media?parent=537896"}],"wp:term":[{"taxonomy":"product_brand","embeddable":true,"href":"https:\/\/staging.nbg.eu\/ro\/wp-json\/wp\/v2\/product_brand?post=537896"},{"taxonomy":"product_cat","embeddable":true,"href":"https:\/\/staging.nbg.eu\/ro\/wp-json\/wp\/v2\/product_cat?post=537896"},{"taxonomy":"product_tag","embeddable":true,"href":"https:\/\/staging.nbg.eu\/ro\/wp-json\/wp\/v2\/product_tag?post=537896"}],"curies":[{"name":"wp","href":"https:\/\/api.w.org\/{rel}","templated":true}]}}