{"id":537761,"date":"2025-09-05T00:17:22","date_gmt":"2025-09-04T21:17:22","guid":{"rendered":"https:\/\/staging.nbg.eu\/product\/badger-ordnance-34mm-condition-one-accessory-ring-cap-tan-700-34\/"},"modified":"2025-09-30T11:50:46","modified_gmt":"2025-09-30T08:50:46","slug":"badger-ordnance-capac-inel-accesoriu-34mm-condition-one-tan-700-34","status":"publish","type":"product","link":"https:\/\/staging.nbg.eu\/ro\/produs\/badger-ordnance-capac-inel-accesoriu-34mm-condition-one-tan-700-34\/","title":{"rendered":"BADGER ORDNANCE Capac Inel Accesoriu 34MM CONDITION ONE TAN (700-34)"},"content":{"rendered":"<div class=\"product-description\">\n<h2>INEL ACCESORIU BADGER ORDNANCE 34MM CONDITION ONE MARO (700-34)<\/h2>\n<p>Ad\u0103uga\u021bi la montajul modular Condition One cu inelul accesoriu Badger Ordnance Condition One (C1 ARC). Acest accesoriu ofer\u0103:<\/p>\n<ul>\n<li>Integrare cu montajele modulare Condition One<\/li>\n<li>Op\u021biuni de ata\u0219are &#8211; pozi\u021bionare \u00een fa\u021b\u0103 sau \u00een spate<\/li>\n<li>Compatibilitate cu diverse accesorii, inclusiv \u0219ine pentru telemetru laser \u0219i optici cu punct ro\u0219u la ora 12<\/li>\n<li>Ata\u0219are\/deta\u0219are f\u0103r\u0103 a perturba reglajul opticii principale<\/li>\n<li>Finisaj maro pentru aplica\u021bii tactice<\/li>\n<\/ul>\n<p>\u00cembun\u0103t\u0103\u021bi\u021bi configura\u021bia opticii cu C1 ARC, proiectat pentru personalizare \u0219i func\u021bionalitate pentru tr\u0103g\u0103tori \u0219i profesioni\u0219ti. Utiliza\u021bi Badger Ordnance ast\u0103zi.<\/p>\n<\/div>\n","protected":false},"excerpt":{"rendered":"<p>Inel capac personalizabil de 34mm pentru suporturile Condition One. Accesoriu versatil pentru ata\u0219are.<\/p>\n","protected":false},"featured_media":496489,"template":"","meta":{"_acf_changed":false},"product_brand":[11091],"product_cat":[12728,12771],"product_tag":[],"class_list":{"0":"post-537761","1":"product","2":"type-product","3":"status-publish","4":"has-post-thumbnail","6":"product_brand-badger-ordnance","7":"product_cat-accesorii-de-ochire","8":"product_cat-ochire","10":"first","11":"instock","12":"taxable","13":"shipping-taxable","14":"purchasable","15":"product-type-simple"},"acf":[],"_links":{"self":[{"href":"https:\/\/staging.nbg.eu\/ro\/wp-json\/wp\/v2\/product\/537761","targetHints":{"allow":["GET"]}}],"collection":[{"href":"https:\/\/staging.nbg.eu\/ro\/wp-json\/wp\/v2\/product"}],"about":[{"href":"https:\/\/staging.nbg.eu\/ro\/wp-json\/wp\/v2\/types\/product"}],"wp:featuredmedia":[{"embeddable":true,"href":"https:\/\/staging.nbg.eu\/ro\/wp-json\/wp\/v2\/media\/496489"}],"wp:attachment":[{"href":"https:\/\/staging.nbg.eu\/ro\/wp-json\/wp\/v2\/media?parent=537761"}],"wp:term":[{"taxonomy":"product_brand","embeddable":true,"href":"https:\/\/staging.nbg.eu\/ro\/wp-json\/wp\/v2\/product_brand?post=537761"},{"taxonomy":"product_cat","embeddable":true,"href":"https:\/\/staging.nbg.eu\/ro\/wp-json\/wp\/v2\/product_cat?post=537761"},{"taxonomy":"product_tag","embeddable":true,"href":"https:\/\/staging.nbg.eu\/ro\/wp-json\/wp\/v2\/product_tag?post=537761"}],"curies":[{"name":"wp","href":"https:\/\/api.w.org\/{rel}","templated":true}]}}