{"id":535633,"date":"2025-09-05T00:01:46","date_gmt":"2025-09-04T21:01:46","guid":{"rendered":"https:\/\/staging.nbg.eu\/product\/rh-502-speedloops-45-mm\/"},"modified":"2025-09-29T16:12:04","modified_gmt":"2025-09-29T13:12:04","slug":"rh-502-speedloops-45-mm","status":"publish","type":"product","link":"https:\/\/staging.nbg.eu\/ro\/produs\/rh-502-speedloops-45-mm\/","title":{"rendered":"RH .502 Speedloops 45 mm"},"content":{"rendered":"<h2>RH .502 Speedloops 45 mm<\/h2>\n<p>RH .502 Speedloops 45 mm sunt bucle de o\u021bel concepute pentru tocuri cydex \u0219i produse RH Holster.<\/p>\n<h3>Caracteristici principale:<\/h3>\n<ul>\n<li>U\u0219or de utilizat: Nu necesit\u0103 trecerea prin curea<\/li>\n<li>Construc\u021bie din o\u021bel cu finisaj negru l\u0103cuit<\/li>\n<li>Compatibil cu curele de p\u00e2n\u0103 la 7 mm grosime<\/li>\n<li>Dimensiune de 45 mm<\/li>\n<\/ul>\n<p>SpeedLoops RH Holsters permit ata\u0219area rapid\u0103 a tocului cydex la curea. Glisa\u021bi bucla pe o curea u\u0219or sl\u0103bit\u0103 pentru o fixare sigur\u0103.<\/p>\n<h3>Avantaje:<\/h3>\n<ul>\n<li>Concepute pentru tocuri cydex<\/li>\n<li>Compatibile cu tocurile RH Holster<\/li>\n<li>Elimin\u0103 necesitatea trecerii prin curea<\/li>\n<\/ul>\n<p><strong>Culoare:<\/strong> Negru<\/p>\n<p><strong>Dimensiune:<\/strong> 45 mm<\/p>\n<p>RH .502 Speedloops 45 mm ofer\u0103 comoditate \u0219i func\u021bionalitate pentru configurarea tocului.<\/p>\n","protected":false},"excerpt":{"rendered":"<p>Bucle RH .502 Speedloops: Bucle de o\u021bel cu ata\u0219are rapid\u0103 pentru husele Cydex, 45mm.<\/p>\n","protected":false},"featured_media":496156,"template":"","meta":{"_acf_changed":false},"product_brand":[11646],"product_cat":[12782],"product_tag":[],"class_list":{"0":"post-535633","1":"product","2":"type-product","3":"status-publish","4":"has-post-thumbnail","6":"product_brand-rh-holsters","7":"product_cat-accesorii-toc","9":"first","10":"outofstock","11":"taxable","12":"shipping-taxable","13":"purchasable","14":"product-type-simple"},"acf":[],"_links":{"self":[{"href":"https:\/\/staging.nbg.eu\/ro\/wp-json\/wp\/v2\/product\/535633","targetHints":{"allow":["GET"]}}],"collection":[{"href":"https:\/\/staging.nbg.eu\/ro\/wp-json\/wp\/v2\/product"}],"about":[{"href":"https:\/\/staging.nbg.eu\/ro\/wp-json\/wp\/v2\/types\/product"}],"wp:featuredmedia":[{"embeddable":true,"href":"https:\/\/staging.nbg.eu\/ro\/wp-json\/wp\/v2\/media\/496156"}],"wp:attachment":[{"href":"https:\/\/staging.nbg.eu\/ro\/wp-json\/wp\/v2\/media?parent=535633"}],"wp:term":[{"taxonomy":"product_brand","embeddable":true,"href":"https:\/\/staging.nbg.eu\/ro\/wp-json\/wp\/v2\/product_brand?post=535633"},{"taxonomy":"product_cat","embeddable":true,"href":"https:\/\/staging.nbg.eu\/ro\/wp-json\/wp\/v2\/product_cat?post=535633"},{"taxonomy":"product_tag","embeddable":true,"href":"https:\/\/staging.nbg.eu\/ro\/wp-json\/wp\/v2\/product_tag?post=535633"}],"curies":[{"name":"wp","href":"https:\/\/api.w.org\/{rel}","templated":true}]}}