{"id":535425,"date":"2025-09-04T23:53:51","date_gmt":"2025-09-04T20:53:51","guid":{"rendered":"https:\/\/staging.nbg.eu\/product\/law-tactical-llc-ar-15-m16-gen3-m-folding-stock-adapter-99312\/"},"modified":"2025-09-29T15:52:05","modified_gmt":"2025-09-29T12:52:05","slug":"law-tactical-llc-adaptor-sold-pliabil-ar-15m16-gen3-m-99312","status":"publish","type":"product","link":"https:\/\/staging.nbg.eu\/ro\/produs\/law-tactical-llc-adaptor-sold-pliabil-ar-15m16-gen3-m-99312\/","title":{"rendered":"LAW TACTICAL LLC Adaptor \u0218old Pliabil AR-15\/M16 Gen3-M (99312)"},"content":{"rendered":"<h2>LAW TACTICAL LLC AR-15\/M16 Gen3-M Adaptor pentru pat rabatabil (99312)<\/h2>\n<p>Adaptor pentru pat rabatabil compatibil cu pu\u0219ca platform\u0103 AR. Acest accesoriu func\u021bioneaz\u0103 at\u00e2t cu sisteme cu impingere direct\u0103, c\u00e2t \u0219i cu cele cu piston de gaz, potrivindu-se tuburilor \u0219i paturilor A2, carabin\u0103, mil-spec sau comerciale.<\/p>\n<ul>\n<li>Compatibil cu grupuri port-culasei standard (auto complet, semi-auto, 5.56 p\u00e2n\u0103 la .308)<\/li>\n<li>Pentru transport cu profil redus<\/li>\n<li>Eliberare cu un singur buton pentru pliere<\/li>\n<li>Blocare automat\u0103 c\u00e2nd este desf\u0103cut<\/li>\n<li>Prelucrat CNC din o\u021bel 4140<\/li>\n<li>Proiectat, construit \u0219i asamblat \u00een SUA<\/li>\n<li>Ata\u0219ament integrat pentru curea cu punct unic<\/li>\n<\/ul>\n<p>Cre\u0219te versatilitatea AR-ului f\u0103r\u0103 a compromite func\u021bionalitatea.<\/p>\n","protected":false},"excerpt":{"rendered":"<p>Adaptor pentru pat pliabil compact AR-15\/M16 pentru transport cu profil redus.<\/p>\n","protected":false},"featured_media":496061,"template":"","meta":{"_acf_changed":false},"product_brand":[],"product_cat":[12755,12795,12744],"product_tag":[],"class_list":{"0":"post-535425","1":"product","2":"type-product","3":"status-publish","4":"has-post-thumbnail","6":"product_cat-caciuli-pentru-pusti","7":"product_cat-pusca","8":"product_cat-reglaj-pusca","10":"first","11":"instock","12":"taxable","13":"shipping-taxable","14":"purchasable","15":"product-type-simple"},"acf":[],"_links":{"self":[{"href":"https:\/\/staging.nbg.eu\/ro\/wp-json\/wp\/v2\/product\/535425","targetHints":{"allow":["GET"]}}],"collection":[{"href":"https:\/\/staging.nbg.eu\/ro\/wp-json\/wp\/v2\/product"}],"about":[{"href":"https:\/\/staging.nbg.eu\/ro\/wp-json\/wp\/v2\/types\/product"}],"wp:featuredmedia":[{"embeddable":true,"href":"https:\/\/staging.nbg.eu\/ro\/wp-json\/wp\/v2\/media\/496061"}],"wp:attachment":[{"href":"https:\/\/staging.nbg.eu\/ro\/wp-json\/wp\/v2\/media?parent=535425"}],"wp:term":[{"taxonomy":"product_brand","embeddable":true,"href":"https:\/\/staging.nbg.eu\/ro\/wp-json\/wp\/v2\/product_brand?post=535425"},{"taxonomy":"product_cat","embeddable":true,"href":"https:\/\/staging.nbg.eu\/ro\/wp-json\/wp\/v2\/product_cat?post=535425"},{"taxonomy":"product_tag","embeddable":true,"href":"https:\/\/staging.nbg.eu\/ro\/wp-json\/wp\/v2\/product_tag?post=535425"}],"curies":[{"name":"wp","href":"https:\/\/api.w.org\/{rel}","templated":true}]}}