{"id":535315,"date":"2025-09-04T23:53:23","date_gmt":"2025-09-04T20:53:23","guid":{"rendered":"https:\/\/staging.nbg.eu\/product\/bravo-company-bcmgunfighter-quick-detach-sling-swivel-heavy-duty-design-bcm-qdss-2\/"},"modified":"2025-09-29T15:43:06","modified_gmt":"2025-09-29T12:43:06","slug":"bravo-company-bcmgunfighter-pivot-curea-detasare-rapida-design-rezistent-bcm-qdss-2","status":"publish","type":"product","link":"https:\/\/staging.nbg.eu\/ro\/produs\/bravo-company-bcmgunfighter-pivot-curea-detasare-rapida-design-rezistent-bcm-qdss-2\/","title":{"rendered":"BRAVO COMPANY BCMGUNFIGHTER Pivot Curea Deta\u0219are Rapid\u0103 Design Rezistent (BCM-QDSs-2)"},"content":{"rendered":"<h2>C\u00e2rlig de prindere rapid deta\u0219abil pentru curea (Design rezistent)<\/h2>\n<p>C\u00e2rlig de prindere rapid deta\u0219abil pentru curele de 1-1\/4&#8243;.<\/p>\n<ul>\n<li>Buton integrat pentru a preveni eliberarea accidental\u0103<\/li>\n<li>Suprafa\u021b\u0103 neted\u0103 pentru a evita ag\u0103\u021barea<\/li>\n<li>Fabricat din o\u021bel carbon cu finisaj de fosfat de mangan<\/li>\n<li>Compatibil cu curele de 1-1\/4&#8243;<\/li>\n<\/ul>\n<p>Acest c\u00e2rlig de prindere este fabricat \u00een S.U.A.<\/p>\n","protected":false},"excerpt":{"rendered":"<p>C\u00e2rlig robust pentru curea de 3,175 cm, fabricat \u00een SUA, cu sistem de deta\u0219are rapid\u0103. Sigur \u0219i durabil.<\/p>\n","protected":false},"featured_media":495900,"template":"","meta":{"_acf_changed":false},"product_brand":[11069],"product_cat":[12758,12795,12744],"product_tag":[],"class_list":{"0":"post-535315","1":"product","2":"type-product","3":"status-publish","4":"has-post-thumbnail","6":"product_brand-bcm","7":"product_cat-curele-de-purtare","8":"product_cat-pusca","9":"product_cat-reglaj-pusca","11":"first","12":"outofstock","13":"taxable","14":"shipping-taxable","15":"purchasable","16":"product-type-simple"},"acf":[],"_links":{"self":[{"href":"https:\/\/staging.nbg.eu\/ro\/wp-json\/wp\/v2\/product\/535315","targetHints":{"allow":["GET"]}}],"collection":[{"href":"https:\/\/staging.nbg.eu\/ro\/wp-json\/wp\/v2\/product"}],"about":[{"href":"https:\/\/staging.nbg.eu\/ro\/wp-json\/wp\/v2\/types\/product"}],"wp:featuredmedia":[{"embeddable":true,"href":"https:\/\/staging.nbg.eu\/ro\/wp-json\/wp\/v2\/media\/495900"}],"wp:attachment":[{"href":"https:\/\/staging.nbg.eu\/ro\/wp-json\/wp\/v2\/media?parent=535315"}],"wp:term":[{"taxonomy":"product_brand","embeddable":true,"href":"https:\/\/staging.nbg.eu\/ro\/wp-json\/wp\/v2\/product_brand?post=535315"},{"taxonomy":"product_cat","embeddable":true,"href":"https:\/\/staging.nbg.eu\/ro\/wp-json\/wp\/v2\/product_cat?post=535315"},{"taxonomy":"product_tag","embeddable":true,"href":"https:\/\/staging.nbg.eu\/ro\/wp-json\/wp\/v2\/product_tag?post=535315"}],"curies":[{"name":"wp","href":"https:\/\/api.w.org\/{rel}","templated":true}]}}