{"id":534981,"date":"2025-09-04T20:17:18","date_gmt":"2025-09-04T17:17:18","guid":{"rendered":"https:\/\/staging.nbg.eu\/product\/sprinco-usa-ar-308-buferna-pruzhina-25004-cherveno\/"},"modified":"2025-09-29T14:59:16","modified_gmt":"2025-09-29T11:59:16","slug":"sprinco-usa-ar-308-arc-amortizor-25004-rosu","status":"publish","type":"product","link":"https:\/\/staging.nbg.eu\/ro\/produs\/sprinco-usa-ar-308-arc-amortizor-25004-rosu\/","title":{"rendered":"SPRINCO USA AR .308 Arc Amortizor (25004) Ro\u0219u"},"content":{"rendered":"<div class=\"product-description\">\n<h2>SPRINCO USA AR .308 Arc de tampon (25004) Ro\u0219u<\/h2>\n<p>\u00cembun\u0103t\u0103\u021bi\u021bi performan\u021ba armei dvs. AR cu arcul de tampon SPRINCO USA AR .308 (25004) Ro\u0219u. Acest arc din crom-siliciu ofer\u0103:<\/p>\n<ul>\n<li>Durabilitate \u0219i longevitate mai mare comparativ cu arcurile standard<\/li>\n<li>Fiabilitate \u0219i ciclare \u00eembun\u0103t\u0103\u021bite, \u00een special \u00een sistemele cu exces de gaz<\/li>\n<li>Reducerea saltului culasului pentru o func\u021bionare mai lin\u0103<\/li>\n<li>Gestionare \u00eembun\u0103t\u0103\u021bit\u0103 a reculului<\/li>\n<li>Compatibilitate cu armele cu supresoare<\/li>\n<\/ul>\n<p>Proiectat specific pentru sistemele de tampon M4 \u0219i CAR-15, acest arc cu putere suplimentar\u0103 are o culoare ro\u0219ie distinctiv\u0103 pentru identificare u\u0219oar\u0103. Ambalat \u00eentr-un tub protector dur, este o \u00eembun\u0103t\u0103\u021bire pentru tr\u0103g\u0103torii care caut\u0103 performan\u021b\u0103 optim\u0103 de la carabinele lor AR-15.<\/p>\n<\/div>\n","protected":false},"excerpt":{"rendered":"<p>Arc amortizor de \u00eenalt\u0103 performan\u021b\u0103 AR .308. Culoare ro\u0219ie, \u00eembun\u0103t\u0103\u021be\u0219te fiabilitatea.<\/p>\n","protected":false},"featured_media":495531,"template":"","meta":{"_acf_changed":false},"product_brand":[],"product_cat":[12806,12744],"product_tag":[],"class_list":{"0":"post-534981","1":"product","2":"type-product","3":"status-publish","4":"has-post-thumbnail","6":"product_cat-arcuri","7":"product_cat-reglaj-pusca","9":"first","10":"instock","11":"taxable","12":"shipping-taxable","13":"purchasable","14":"product-type-simple"},"acf":[],"_links":{"self":[{"href":"https:\/\/staging.nbg.eu\/ro\/wp-json\/wp\/v2\/product\/534981","targetHints":{"allow":["GET"]}}],"collection":[{"href":"https:\/\/staging.nbg.eu\/ro\/wp-json\/wp\/v2\/product"}],"about":[{"href":"https:\/\/staging.nbg.eu\/ro\/wp-json\/wp\/v2\/types\/product"}],"wp:featuredmedia":[{"embeddable":true,"href":"https:\/\/staging.nbg.eu\/ro\/wp-json\/wp\/v2\/media\/495531"}],"wp:attachment":[{"href":"https:\/\/staging.nbg.eu\/ro\/wp-json\/wp\/v2\/media?parent=534981"}],"wp:term":[{"taxonomy":"product_brand","embeddable":true,"href":"https:\/\/staging.nbg.eu\/ro\/wp-json\/wp\/v2\/product_brand?post=534981"},{"taxonomy":"product_cat","embeddable":true,"href":"https:\/\/staging.nbg.eu\/ro\/wp-json\/wp\/v2\/product_cat?post=534981"},{"taxonomy":"product_tag","embeddable":true,"href":"https:\/\/staging.nbg.eu\/ro\/wp-json\/wp\/v2\/product_tag?post=534981"}],"curies":[{"name":"wp","href":"https:\/\/api.w.org\/{rel}","templated":true}]}}